{"id":87983,"date":"2022-07-08T01:05:57","date_gmt":"2022-07-08T06:05:57","guid":{"rendered":"https:\/\/defabrica.com.mx\/defabrica\/?post_type=product&#038;p=87983"},"modified":"2023-01-17T16:00:01","modified_gmt":"2023-01-17T22:00:01","slug":"garmin-instinct-2-smartwatch-de-45-mm-polimero-reforzado-con-fibra-grafito","status":"publish","type":"product","link":"https:\/\/defabrica.com.mx\/defabrica\/producto\/garmin-instinct-2-smartwatch-de-45-mm-polimero-reforzado-con-fibra-grafito\/","title":{"rendered":"Garmin &#8211; Instinct 2 Smartwatch de 45 mm Pol\u00edmero reforzado con fibra &#8211; Grafito"},"content":{"rendered":"<div class=\"embedded-component-container lv product-description\">\n<div>\n<div id=\"shop-product-description-18634934\" class=\"_none\" data-version=\"1.3.45\">\n<div class=\"shop-product-description\">\n<section class=\"align-heading-left\" data-reactroot=\"\">\n<div class=\"long-description-container body-copy \">\n<div class=\"html-fragment\">Hagas lo que hagas, hazte con Instinct 2. Este resistente reloj inteligente con GPS es lo suficientemente resistente como para seguirte el ritmo y lo suficientemente exclusivo como para adaptarse a tu estilo.\u00a0Haz m\u00e1s de lo que te gusta con perfiles de actividad precargados para correr, andar en bicicleta, nadar y m\u00e1s.\u00a0Vive la mejor vida conectada con notificaciones inteligentes y compatibilidad con Connect IQ cuando se combina con tu tel\u00e9fono inteligente compatible.\u00a0Conozca mejor su cuerpo con el control de salud durante todo el d\u00eda para los niveles de energ\u00eda, el estr\u00e9s, el sue\u00f1o, Pulse Ox y mucho m\u00e1s (Pulse Ox no est\u00e1 disponible en todos los pa\u00edses. Este dispositivo est\u00e1 dise\u00f1ado para brindar una estimaci\u00f3n de su actividad y m\u00e9tricas; no es un dispositivo m\u00e9dico).<\/div>\n<\/div>\n<\/section>\n<\/div>\n<\/div>\n<\/div>\n<\/div>\n<div class=\"embedded-component-container lv product-features\">\n<h3><\/h3>\n<h3 class=\"heading-5 v-fw-regular feature-heading\"><strong>Caracter\u00edsticas<\/strong><\/h3>\n<ul>\n<li><strong>Dise\u00f1ado para la resistencia<\/strong><br \/>\nEl resistente reloj inteligente con GPS tiene una clasificaci\u00f3n de resistencia al agua de hasta 100 metros y es resistente a la temperatura y los golpes con una carcasa de pol\u00edmero reforzado con fibra y un cristal Corning Gorilla resistente a los ara\u00f1azos; dise\u00f1ado para adaptarse a una mu\u00f1eca m\u00e1s peque\u00f1a<\/li>\n<li><strong>Aplicaciones deportivas integradas<\/strong><br \/>\nAplicaciones deportivas integradas para correr, andar en bicicleta, nadar, hacer entrenamiento de fuerza y \u200b\u200bm\u00e1s; adem\u00e1s, VO2 Max y otras funciones de entrenamiento<\/li>\n<li><strong>Notificaciones inteligentes<\/strong><br \/>\nVive la mejor vida conectada con notificaciones inteligentes y compatibilidad con Connect IQ cuando se combina con tu tel\u00e9fono inteligente compatible.<\/li>\n<li><strong>Compatibilidad con varios GNSS<\/strong><br \/>\nRealice un seguimiento de sus aventuras con la br\u00fajula de 3 ejes y el alt\u00edmetro barom\u00e9trico integrados, adem\u00e1s de m\u00faltiples sistemas globales de navegaci\u00f3n por sat\u00e9lite (GPS, GLONASS y Galileo)<\/li>\n<li><strong>Vigilancia de la salud<\/strong><br \/>\nConozca mejor su cuerpo con las funciones de monitoreo de salud durante todo el d\u00eda que rastrean su frecuencia card\u00edaca, sue\u00f1o, Pulse Ox, respiraci\u00f3n y m\u00e1s (Pulse Ox no est\u00e1 disponible en todos los pa\u00edses. Este dispositivo est\u00e1 dise\u00f1ado para brindar una estimaci\u00f3n de su actividad y m\u00e9tricas; es no es un dispositivo m\u00e9dico)<\/li>\n<li><strong>Rendimiento de la bater\u00eda<\/strong><br \/>\nDuraci\u00f3n de la bater\u00eda: hasta 21 d\u00edas en modo reloj inteligente; hasta 22 horas en modo GPS<\/li>\n<\/ul>\n<\/div>\n","protected":false},"excerpt":{"rendered":"<p>Hagas lo que hagas, hazte con Instinct 2. Este resistente reloj inteligente con GPS es lo suficientemente resistente como para seguirte el ritmo y lo suficientemente exclusivo como para adaptarse<\/p>\n","protected":false},"featured_media":87984,"comment_status":"open","ping_status":"closed","template":"","meta":{"_acf_changed":false,"_joinchat":[]},"product_brand":[],"product_cat":[305,311,312],"product_tag":[],"class_list":{"0":"post-87983","1":"product","2":"type-product","3":"status-publish","4":"has-post-thumbnail","6":"product_cat-wearables","7":"product_cat-android-smartwatches","8":"product_cat-ver-todo-wearables","10":"first","11":"instock","12":"sale","13":"shipping-taxable","14":"purchasable","15":"product-type-simple"},"acf":[],"_links":{"self":[{"href":"https:\/\/defabrica.com.mx\/defabrica\/wp-json\/wp\/v2\/product\/87983","targetHints":{"allow":["GET"]}}],"collection":[{"href":"https:\/\/defabrica.com.mx\/defabrica\/wp-json\/wp\/v2\/product"}],"about":[{"href":"https:\/\/defabrica.com.mx\/defabrica\/wp-json\/wp\/v2\/types\/product"}],"replies":[{"embeddable":true,"href":"https:\/\/defabrica.com.mx\/defabrica\/wp-json\/wp\/v2\/comments?post=87983"}],"wp:featuredmedia":[{"embeddable":true,"href":"https:\/\/defabrica.com.mx\/defabrica\/wp-json\/wp\/v2\/media\/87984"}],"wp:attachment":[{"href":"https:\/\/defabrica.com.mx\/defabrica\/wp-json\/wp\/v2\/media?parent=87983"}],"wp:term":[{"taxonomy":"product_brand","embeddable":true,"href":"https:\/\/defabrica.com.mx\/defabrica\/wp-json\/wp\/v2\/product_brand?post=87983"},{"taxonomy":"product_cat","embeddable":true,"href":"https:\/\/defabrica.com.mx\/defabrica\/wp-json\/wp\/v2\/product_cat?post=87983"},{"taxonomy":"product_tag","embeddable":true,"href":"https:\/\/defabrica.com.mx\/defabrica\/wp-json\/wp\/v2\/product_tag?post=87983"}],"curies":[{"name":"wp","href":"https:\/\/api.w.org\/{rel}","templated":true}]}}