{"id":87977,"date":"2022-07-08T01:02:43","date_gmt":"2022-07-08T06:02:43","guid":{"rendered":"https:\/\/defabrica.com.mx\/defabrica\/?post_type=product&#038;p=87977"},"modified":"2023-01-17T15:59:39","modified_gmt":"2023-01-17T21:59:39","slug":"garmin-epix-gen-2-gps-smartwatch-47mm-polimero-reforzado-con-fibra-titanio","status":"publish","type":"product","link":"https:\/\/defabrica.com.mx\/defabrica\/producto\/garmin-epix-gen-2-gps-smartwatch-47mm-polimero-reforzado-con-fibra-titanio\/","title":{"rendered":"Garmin &#8211; epix (Gen 2) GPS Smartwatch 47mm Pol\u00edmero reforzado con fibra &#8211; Titanio"},"content":{"rendered":"<div class=\"embedded-component-container lv product-description\">\n<div>\n<div id=\"shop-product-description-96583077\" class=\"_none\" data-version=\"1.3.45\">\n<div class=\"shop-product-description\">\n<section class=\"align-heading-left\" data-reactroot=\"\">\n<div class=\"long-description-container body-copy \">\n<div class=\"html-fragment\">Use epix (Gen 2), sea \u00e9pico.\u00a0Con epix, el reloj inteligente activo premium, puedes afrontar todos los d\u00edas con la impresionante pantalla AMOLED y hasta 16 d\u00edas de duraci\u00f3n de la bater\u00eda en modo reloj inteligente.\u00a0Mant\u00e9ngase conectado con las funciones inteligentes, el almacenamiento de m\u00fasica y obtenga a\u00fan m\u00e1s funciones en la mu\u00f1eca con los pagos sin contacto de Garmin Pay en los pa\u00edses y redes de pago admitidos.\u00a0Conozca su cuerpo con funciones de monitoreo de salud y bienestar las 24 horas del d\u00eda, los 7 d\u00edas de la semana que rastrean el pulso Ox, la frecuencia card\u00edaca, la respiraci\u00f3n y m\u00e1s (este dispositivo pretende ser una estimaci\u00f3n de su actividad y m\u00e9tricas; no es un dispositivo m\u00e9dico).\u00a0Entrena como quieras con m\u00e1s de 30 aplicaciones deportivas integradas y ll\u00e9valo m\u00e1s all\u00e1 con las m\u00e9tricas de rendimiento y los planes de entrenamiento de Garmin Coach.\u00a0Cuando est\u00e9 listo para la aventura, puede descargar el mapeo TopoActive a trav\u00e9s de la conectividad Wi-Fi o precargarlo en las ediciones Sapphire.\u00a0M\u00e1s,<\/div>\n<\/div>\n<\/section>\n<\/div>\n<\/div>\n<\/div>\n<\/div>\n<div class=\"embedded-component-container lv product-features\">\n<h3><\/h3>\n<h3 class=\"heading-5 v-fw-regular feature-heading\"><strong>Caracter\u00edsticas<\/strong><\/h3>\n<ul>\n<li><strong>Monitor<\/strong><br \/>\nReloj inteligente para su estilo de vida atl\u00e9tico, con pantalla AMOLED brillante y siempre encendida de 1.3\u201d; los modelos selectos cuentan con una pantalla de zafiro y un bisel de titanio<\/li>\n<li><strong>Duraci\u00f3n de la bater\u00eda del reloj inteligente<\/strong><br \/>\nDuraci\u00f3n de la bater\u00eda en modo reloj inteligente: hasta 16 d\u00edas (gesto)\/hasta 5 d\u00edas (siempre encendido)<\/li>\n<li><strong>Duraci\u00f3n de la bater\u00eda del GPS<\/strong><br \/>\nDuraci\u00f3n de la bater\u00eda en modo GPS: hasta 42 horas (gesto)\/hasta 30 horas (siempre encendido)<\/li>\n<li><strong>aplicaciones deportivas<\/strong><br \/>\nEntrena a tu manera con aplicaciones deportivas integradas para todas las formas en que te mueves, m\u00e9tricas de rendimiento y planes de entrenamiento adaptables de Garmin Coach<\/li>\n<li><strong>tecnolog\u00eda GNSS<\/strong><br \/>\nLa tecnolog\u00eda GNSS multibanda ofrece un posicionamiento mejor y m\u00e1s preciso en entornos desafiantes<\/li>\n<li><strong>topoactivo<\/strong><br \/>\nDescargue el mapeo TopoActive a trav\u00e9s de la conectividad Wi-Fi, o cons\u00edgalo precargado en las ediciones Sapphire<\/li>\n<li><strong>Skiview<\/strong><br \/>\nEnfr\u00e9ntate a las pistas con mapas SkiView precargados para 2000 estaciones de esqu\u00ed en todo el mundo<\/li>\n<li><strong>Vista del curso<\/strong><br \/>\nGolf con mapas de CourseView para m\u00e1s de 42,000 campos de golf<\/li>\n<li><strong>Herramientas de navegaci\u00f3n<\/strong><br \/>\nNavega con temas de mapas y sensores de navegaci\u00f3n a\u00f1adidos<\/li>\n<li><strong>Vigilancia de la salud<\/strong><br \/>\nLas funciones de monitoreo de salud y bienestar las 24 horas del d\u00eda, los 7 d\u00edas de la semana, brindan estimaciones de Pulse Ox, frecuencia card\u00edaca, respiraci\u00f3n, estr\u00e9s y monitoreo avanzado del sue\u00f1o (este dispositivo pretende ser una estimaci\u00f3n de su actividad y m\u00e9tricas; no es un dispositivo m\u00e9dico)<\/li>\n<li><strong>pago garmin<\/strong><br \/>\nCon un pa\u00eds compatible y una red de pago, deje su efectivo y tarjetas en casa; Los pagos contactless de Garmin Pay te permiten pagar tus compras sobre la marcha<\/li>\n<\/ul>\n<\/div>\n","protected":false},"excerpt":{"rendered":"<p>Use epix (Gen 2), sea \u00e9pico.\u00a0Con epix, el reloj inteligente activo premium, puedes afrontar todos los d\u00edas con la impresionante pantalla AMOLED y hasta 16 d\u00edas de duraci\u00f3n de la<\/p>\n","protected":false},"featured_media":87978,"comment_status":"open","ping_status":"closed","template":"","meta":{"_acf_changed":false,"_joinchat":[]},"product_brand":[],"product_cat":[305,311,312],"product_tag":[],"class_list":{"0":"post-87977","1":"product","2":"type-product","3":"status-publish","4":"has-post-thumbnail","6":"product_cat-wearables","7":"product_cat-android-smartwatches","8":"product_cat-ver-todo-wearables","10":"first","11":"instock","12":"sale","13":"shipping-taxable","14":"purchasable","15":"product-type-simple"},"acf":[],"_links":{"self":[{"href":"https:\/\/defabrica.com.mx\/defabrica\/wp-json\/wp\/v2\/product\/87977","targetHints":{"allow":["GET"]}}],"collection":[{"href":"https:\/\/defabrica.com.mx\/defabrica\/wp-json\/wp\/v2\/product"}],"about":[{"href":"https:\/\/defabrica.com.mx\/defabrica\/wp-json\/wp\/v2\/types\/product"}],"replies":[{"embeddable":true,"href":"https:\/\/defabrica.com.mx\/defabrica\/wp-json\/wp\/v2\/comments?post=87977"}],"wp:featuredmedia":[{"embeddable":true,"href":"https:\/\/defabrica.com.mx\/defabrica\/wp-json\/wp\/v2\/media\/87978"}],"wp:attachment":[{"href":"https:\/\/defabrica.com.mx\/defabrica\/wp-json\/wp\/v2\/media?parent=87977"}],"wp:term":[{"taxonomy":"product_brand","embeddable":true,"href":"https:\/\/defabrica.com.mx\/defabrica\/wp-json\/wp\/v2\/product_brand?post=87977"},{"taxonomy":"product_cat","embeddable":true,"href":"https:\/\/defabrica.com.mx\/defabrica\/wp-json\/wp\/v2\/product_cat?post=87977"},{"taxonomy":"product_tag","embeddable":true,"href":"https:\/\/defabrica.com.mx\/defabrica\/wp-json\/wp\/v2\/product_tag?post=87977"}],"curies":[{"name":"wp","href":"https:\/\/api.w.org\/{rel}","templated":true}]}}