{"id":87971,"date":"2022-07-08T00:59:38","date_gmt":"2022-07-08T05:59:38","guid":{"rendered":"https:\/\/defabrica.com.mx\/defabrica\/?post_type=product&#038;p=87971"},"modified":"2022-07-08T00:59:38","modified_gmt":"2022-07-08T05:59:38","slug":"garmin-fenix-6-gps-smartwatch-33-mm-polimero-reforzado-con-fibra-plata-con-correa-de-silicona-negra","status":"publish","type":"product","link":"https:\/\/defabrica.com.mx\/defabrica\/producto\/garmin-fenix-6-gps-smartwatch-33-mm-polimero-reforzado-con-fibra-plata-con-correa-de-silicona-negra\/","title":{"rendered":"Garmin &#8211; f\u0113nix 6 GPS Smartwatch 33 mm Pol\u00edmero reforzado con fibra &#8211; Plata con correa de silicona negra"},"content":{"rendered":"<p>Mantente fiel a tus objetivos de fitness con este reloj inteligente Garmin f\u0113nix 6.\u00a0La navegaci\u00f3n por sat\u00e9lite realiza un seguimiento de su carrera al aire libre, mientras que Garmin Pay permite transacciones sin efectivo y sin contacto.\u00a0Este reloj inteligente Garmin f\u0113nix 6 se sincroniza con tel\u00e9fonos inteligentes compatibles para brindar notificaciones importantes, y los m\u00faltiples modos de energ\u00eda ayudan a optimizar la duraci\u00f3n de la bater\u00eda.<\/p>\n<h3><\/h3>\n<h3 class=\"heading-5 v-fw-regular feature-heading\"><strong>Caracter\u00edsticas<\/strong><\/h3>\n<ul>\n<li><strong>Compatible con determinados dispositivos Apple iOS y Android<\/strong><br \/>\nIncluye modelos de iPhone, iPad y tel\u00e9fonos celulares y tabletas selectos con Android para una comunicaci\u00f3n inal\u00e1mbrica simple.<\/li>\n<li><strong>Datos de rendimiento al alcance de su mano<\/strong><br \/>\nRecopile informaci\u00f3n sobre el equilibrio de la carga de entrenamiento, el estado del entrenamiento y la din\u00e1mica de carrera y ciclismo para mejorar su experiencia f\u00edsica.<\/li>\n<li><strong>Notificaciones de llamadas perdidas, SMS, correo electr\u00f3nico y aplicaciones sociales<\/strong><br \/>\nMantenerlo actualizado sobre los acontecimientos del d\u00eda a d\u00eda.<\/li>\n<li><strong>Visi\u00f3n clara, incluso en la oscuridad o bajo la luz directa del sol<\/strong><br \/>\nCuenta con una pantalla transflectiva de memoria en p\u00edxeles (MIP) de 1,3&#8243; visible a la luz del sol con una resoluci\u00f3n de 260 x 260.<\/li>\n<li><strong>Seguimiento de la frecuencia card\u00edaca en la mu\u00f1eca y tecnolog\u00eda Pulse Ox<\/strong><br \/>\nLe permite monitorear su frecuencia card\u00edaca y la saturaci\u00f3n de ox\u00edgeno en la sangre para respaldar el monitoreo avanzado del sue\u00f1o y la aclimataci\u00f3n a la altitud en elevaciones altas.<\/li>\n<li><strong>Caja de pol\u00edmero reforzado con fibra con cubierta trasera de metal<\/strong><br \/>\nJunto con una correa de reloj de silicona, garantiza durabilidad y comodidad para actividades deportivas.<\/li>\n<li><strong>Dise\u00f1o resistente al agua<\/strong><br \/>\nDefiende su reloj inteligente contra la inmersi\u00f3n en hasta 328 &#8216;de agua.<\/li>\n<li><strong>Sistema de navegaci\u00f3n avanzado<\/strong><br \/>\nAdmite m\u00faltiples sistemas globales de navegaci\u00f3n por sat\u00e9lite (GPS, GLONASS y Galileo), sensores integrados para br\u00fajula de tres ejes, giroscopio y alt\u00edmetro barom\u00e9trico y mapas topogr\u00e1ficos y de esqu\u00ed precargados para m\u00e1s de 2000 estaciones de esqu\u00ed en todo el mundo.<\/li>\n<li><strong>Garmin Pay\u2122<\/strong><br \/>\nPermite pagos sin contacto simples y seguros.<\/li>\n<\/ul>\n","protected":false},"excerpt":{"rendered":"<p>Mantente fiel a tus objetivos de fitness con este reloj inteligente Garmin f\u0113nix 6.\u00a0La navegaci\u00f3n por sat\u00e9lite realiza un seguimiento de su carrera al aire libre, mientras que Garmin Pay<\/p>\n","protected":false},"featured_media":87972,"comment_status":"open","ping_status":"closed","template":"","meta":{"_acf_changed":false,"_joinchat":[]},"product_brand":[],"product_cat":[305,311,312],"product_tag":[],"class_list":{"0":"post-87971","1":"product","2":"type-product","3":"status-publish","4":"has-post-thumbnail","6":"product_cat-wearables","7":"product_cat-android-smartwatches","8":"product_cat-ver-todo-wearables","10":"first","11":"instock","12":"sale","13":"shipping-taxable","14":"purchasable","15":"product-type-simple"},"acf":[],"_links":{"self":[{"href":"https:\/\/defabrica.com.mx\/defabrica\/wp-json\/wp\/v2\/product\/87971","targetHints":{"allow":["GET"]}}],"collection":[{"href":"https:\/\/defabrica.com.mx\/defabrica\/wp-json\/wp\/v2\/product"}],"about":[{"href":"https:\/\/defabrica.com.mx\/defabrica\/wp-json\/wp\/v2\/types\/product"}],"replies":[{"embeddable":true,"href":"https:\/\/defabrica.com.mx\/defabrica\/wp-json\/wp\/v2\/comments?post=87971"}],"wp:featuredmedia":[{"embeddable":true,"href":"https:\/\/defabrica.com.mx\/defabrica\/wp-json\/wp\/v2\/media\/87972"}],"wp:attachment":[{"href":"https:\/\/defabrica.com.mx\/defabrica\/wp-json\/wp\/v2\/media?parent=87971"}],"wp:term":[{"taxonomy":"product_brand","embeddable":true,"href":"https:\/\/defabrica.com.mx\/defabrica\/wp-json\/wp\/v2\/product_brand?post=87971"},{"taxonomy":"product_cat","embeddable":true,"href":"https:\/\/defabrica.com.mx\/defabrica\/wp-json\/wp\/v2\/product_cat?post=87971"},{"taxonomy":"product_tag","embeddable":true,"href":"https:\/\/defabrica.com.mx\/defabrica\/wp-json\/wp\/v2\/product_tag?post=87971"}],"curies":[{"name":"wp","href":"https:\/\/api.w.org\/{rel}","templated":true}]}}