{"id":87965,"date":"2022-07-08T00:56:50","date_gmt":"2022-07-08T05:56:50","guid":{"rendered":"https:\/\/defabrica.com.mx\/defabrica\/?post_type=product&#038;p=87965"},"modified":"2023-01-17T15:58:53","modified_gmt":"2023-01-17T21:58:53","slug":"garmin-fenix-7x-sapphire-solar-gps-smartwatch-51-mm-polimero-reforzado-con-fibra-negro-dlc-titanio","status":"publish","type":"product","link":"https:\/\/defabrica.com.mx\/defabrica\/producto\/garmin-fenix-7x-sapphire-solar-gps-smartwatch-51-mm-polimero-reforzado-con-fibra-negro-dlc-titanio\/","title":{"rendered":"Garmin &#8211; f\u0113nix 7X Sapphire Solar GPS Smartwatch 51 mm Pol\u00edmero reforzado con fibra &#8211; Negro DLC Titanio"},"content":{"rendered":"<div class=\"embedded-component-container lv product-description\">\n<div>\n<div id=\"shop-product-description-2730006\" class=\"_none\" data-version=\"1.3.45\">\n<div class=\"shop-product-description\">\n<section class=\"align-heading-left\" data-reactroot=\"\">\n<div class=\"long-description-container body-copy \">\n<div class=\"html-fragment\">\n<p>Hay 7 d\u00edas en una semana.\u00a0Y el reloj GPS multideporte f\u0113nix 7X Sapphire Solar est\u00e1 dise\u00f1ado para ser fuerte para todos ellos.\u00a0Con una gran pantalla de 1,4&#8243;, una linterna LED incorporada y una lente de carga solar Power Sapphire, tiene una bater\u00eda de larga duraci\u00f3n para afrontar sus desaf\u00edos atl\u00e9ticos y al aire libre.\u00a0Use los controles de botones confiables o la nueva interfaz de pantalla t\u00e1ctil para acceder a las selecciones.\u00a0Obtenga informaci\u00f3n y m\u00e9tricas de rendimiento que lo ayuden a administrar su esfuerzo y aumentar su resistencia.\u00a0Optimice la recuperaci\u00f3n con el control de la salud y el bienestar las 24 horas del d\u00eda, los 7 d\u00edas de la semana, de la frecuencia card\u00edaca, la respiraci\u00f3n, el estr\u00e9s, el sue\u00f1o y m\u00e1s (este dispositivo est\u00e1 dise\u00f1ado para brindar una estimaci\u00f3n de su actividad y m\u00e9tricas; no es un dispositivo m\u00e9dico).\u00a0Los sensores de navegaci\u00f3n para exteriores y la nueva tecnolog\u00eda GNSS multibanda lo ayudan a guiarlo con un mayor nivel de precisi\u00f3n de posicionamiento, incluso en entornos desafiantes.<\/p>\n<h3><\/h3>\n<h3 class=\"heading-5 v-fw-regular feature-heading\"><strong>Caracter\u00edsticas<\/strong><\/h3>\n<ul>\n<li><strong>Rendimiento por dise\u00f1o<\/strong><br \/>\nEl reloj GPS multideporte alimentado por energ\u00eda solar de larga duraci\u00f3n con lente Power Sapphire resistente a rayones y pantalla siempre encendida de 1.4\u201d usa la energ\u00eda del sol para prolongar la duraci\u00f3n de la bater\u00eda; una linterna LED incorporada te mantiene activo despu\u00e9s del anochecer<\/li>\n<li><strong>Bater\u00eda<\/strong><br \/>\nHasta 28 d\u00edas de duraci\u00f3n de la bater\u00eda en interiores o hasta 37 d\u00edas con carga solar (suponiendo un uso diario con 3 horas al d\u00eda en exteriores en condiciones de 50 000 lux) en modo reloj inteligente; en modo GPS, hasta 89 horas en interiores o hasta 122 horas con carga solar (suponiendo un uso en condiciones de 50 000 lux)<\/li>\n<li><strong>Pantalla t\u00e1ctil y botones<\/strong><br \/>\nLos controles de botones confiables que funcionan en cualquier entorno se combinan con una interfaz de pantalla t\u00e1ctil altamente receptiva para un acceso r\u00e1pido y conveniente a las selecciones<\/li>\n<li><strong>Actividad de vigilancia de la salud<\/strong><br \/>\nObtenga monitoreo de salud y bienestar las 24 horas del d\u00eda, los 7 d\u00edas de la semana con frecuencia card\u00edaca en la mu\u00f1eca, Pulse Ox (no disponible en todos los pa\u00edses), control del estr\u00e9s y del sue\u00f1o mejorado (este dispositivo est\u00e1 dise\u00f1ado para brindar una estimaci\u00f3n de su actividad y m\u00e9tricas; no es un m\u00e9dico). dispositivo).<\/li>\n<li><strong>Soporte GNSS multi-bane y sensores ABC<\/strong><br \/>\nNavegue por el exterior con los sensores integrados para la br\u00fajula de 3 ejes, el giroscopio y el alt\u00edmetro barom\u00e9trico; admite sistemas satelitales multi-GNSS (GPS, GLONASS y Galileo)<\/li>\n<li><strong>Mapas topogr\u00e1ficos de varios continentes<\/strong><br \/>\nEncuentra la libertad y la aventura con mapas TopoActive precargados, adem\u00e1s de mapas para miles de campos de golf y estaciones de esqu\u00ed en todo el mundo. La conectividad Wi-Fi incorporada le permite descargar mapas de cualquier continente en cualquier momento, sin usar una computadora<\/li>\n<li><strong>Notificaciones inteligentes<\/strong><br \/>\nDisfrute de funciones de conectividad de estilo de vida cotidiano, incluidas notificaciones inteligentes cuando se conecta a un tel\u00e9fono inteligente compatible, almacenamiento de m\u00fasica y nuestra soluci\u00f3n de pago sin contacto Garmin Pay en pa\u00edses y redes de pago admitidos<\/li>\n<\/ul>\n<\/div>\n<\/div>\n<\/section>\n<\/div>\n<\/div>\n<\/div>\n<\/div>\n","protected":false},"excerpt":{"rendered":"<p>Hay 7 d\u00edas en una semana.\u00a0Y el reloj GPS multideporte f\u0113nix 7X Sapphire Solar est\u00e1 dise\u00f1ado para ser fuerte para todos ellos.\u00a0Con una gran pantalla de 1,4&#8243;, una linterna LED<\/p>\n","protected":false},"featured_media":87966,"comment_status":"open","ping_status":"closed","template":"","meta":{"_acf_changed":false,"_joinchat":[]},"product_brand":[],"product_cat":[305,311,312],"product_tag":[],"class_list":{"0":"post-87965","1":"product","2":"type-product","3":"status-publish","4":"has-post-thumbnail","6":"product_cat-wearables","7":"product_cat-android-smartwatches","8":"product_cat-ver-todo-wearables","10":"first","11":"instock","12":"sale","13":"shipping-taxable","14":"purchasable","15":"product-type-simple"},"acf":[],"_links":{"self":[{"href":"https:\/\/defabrica.com.mx\/defabrica\/wp-json\/wp\/v2\/product\/87965","targetHints":{"allow":["GET"]}}],"collection":[{"href":"https:\/\/defabrica.com.mx\/defabrica\/wp-json\/wp\/v2\/product"}],"about":[{"href":"https:\/\/defabrica.com.mx\/defabrica\/wp-json\/wp\/v2\/types\/product"}],"replies":[{"embeddable":true,"href":"https:\/\/defabrica.com.mx\/defabrica\/wp-json\/wp\/v2\/comments?post=87965"}],"wp:featuredmedia":[{"embeddable":true,"href":"https:\/\/defabrica.com.mx\/defabrica\/wp-json\/wp\/v2\/media\/87966"}],"wp:attachment":[{"href":"https:\/\/defabrica.com.mx\/defabrica\/wp-json\/wp\/v2\/media?parent=87965"}],"wp:term":[{"taxonomy":"product_brand","embeddable":true,"href":"https:\/\/defabrica.com.mx\/defabrica\/wp-json\/wp\/v2\/product_brand?post=87965"},{"taxonomy":"product_cat","embeddable":true,"href":"https:\/\/defabrica.com.mx\/defabrica\/wp-json\/wp\/v2\/product_cat?post=87965"},{"taxonomy":"product_tag","embeddable":true,"href":"https:\/\/defabrica.com.mx\/defabrica\/wp-json\/wp\/v2\/product_tag?post=87965"}],"curies":[{"name":"wp","href":"https:\/\/api.w.org\/{rel}","templated":true}]}}