{"id":87941,"date":"2022-07-08T00:44:45","date_gmt":"2022-07-08T05:44:45","guid":{"rendered":"https:\/\/defabrica.com.mx\/defabrica\/?post_type=product&#038;p=87941"},"modified":"2022-07-08T00:44:45","modified_gmt":"2022-07-08T05:44:45","slug":"garmin-approach-s42-gps-smartwatch-30-mm-metal-bronce-de-canon","status":"publish","type":"product","link":"https:\/\/defabrica.com.mx\/defabrica\/producto\/garmin-approach-s42-gps-smartwatch-30-mm-metal-bronce-de-canon\/","title":{"rendered":"Garmin &#8211; Approach S42 GPS Smartwatch 30 mm Metal &#8211; Bronce de ca\u00f1\u00f3n"},"content":{"rendered":"<div class=\"embedded-component-container lv product-description\">\n<div>\n<div id=\"shop-product-description-99906271\" class=\"_none\" data-version=\"1.3.45\">\n<div class=\"shop-product-description\">\n<section class=\"align-heading-left\" data-reactroot=\"\">\n<div class=\"long-description-container body-copy \">\n<div class=\"html-fragment\"><span>Tenemos su juego dentro y fuera del campo con Approach S42, un reloj inteligente de golf con GPS que pone informaci\u00f3n de m\u00e1s de 42,000 mapas CourseView en todo el mundo en su mu\u00f1eca.\u00a0La funci\u00f3n Green View permite el posicionamiento manual de pines para que pueda consultar r\u00e1pidamente las distancias al frente, el medio y la parte posterior del green, as\u00ed como los peligros y los doglegs.\u00a0El analizador de rondas AutoShot mide y registra autom\u00e1ticamente las distancias de disparo detectadas;\u00a0comb\u00ednelo con los sensores de seguimiento de palos Approach\u00ae CT10 opcionales (se venden por separado) para obtener m\u00e1s capacidades de seguimiento autom\u00e1tico del juego.\u00a0Comb\u00ednalo con la aplicaci\u00f3n Garmin Golf\u2122 para obtener an\u00e1lisis de golpes ganados, participar en tablas de clasificaci\u00f3n y torneos y obtener m\u00e1s informaci\u00f3n sobre tu juego.\u00a0Use el reloj todo el d\u00eda y obtenga notificaciones inteligentes y funciones de seguimiento de actividad.<\/span><\/div>\n<\/div>\n<\/section>\n<\/div>\n<\/div>\n<\/div>\n<\/div>\n<div class=\"embedded-component-container lv product-features\">\n<h3><\/h3>\n<h3 class=\"heading-5 v-fw-regular feature-heading\"><strong>Caracter\u00edsticas<\/strong><\/h3>\n<ul>\n<li><strong>Compatibilidad<\/strong><br \/>\nCompatible con dispositivos iPhone\u00ae y Android\u2122<\/li>\n<li><strong>Pantalla t\u00e1ctil a color<\/strong><br \/>\nLa gran pantalla t\u00e1ctil a color de 1,2&#8243; f\u00e1cil de leer con bisel de metal es elegante y liviana.<\/li>\n<li><strong>Notificaciones inteligentes<\/strong><br \/>\nReciba correos electr\u00f3nicos, mensajes de texto y alertas directamente en su reloj cuando se empareja con un tel\u00e9fono inteligente compatible.<\/li>\n<li><strong>M\u00e1s estad\u00edsticas<\/strong><br \/>\n* Empareje con la aplicaci\u00f3n Garmin Golf\u2122 para analizar los golpes ganados, participar en clasificaciones y torneos y obtener m\u00e1s datos sobre su juego.<\/li>\n<li><strong>Mantenerse en forma<\/strong><br \/>\n*Aproveche las aplicaciones deportivas integradas y las funciones de seguimiento de actividad, incluida la barra de movimiento, alertas de vibraci\u00f3n, calor\u00edas, pasos y sue\u00f1o.<\/li>\n<li><strong>Bandas de liberaci\u00f3n r\u00e1pida<\/strong><br \/>\nSi te gusta cambiar de correa de reloj cada vez que cambias de rumbo, no hay problema. Elija entre bandas de liberaci\u00f3n r\u00e1pida intercambiables.<\/li>\n<li><strong>va m\u00e1s all\u00e1 del curso<\/strong><br \/>\nTanto si acaba de terminar un partido y se encuentra en la casa club como si quiere ir a la ciudad, el Approach S42 es ideal para el uso diario.<\/li>\n<li><strong>M\u00e1s de 42 000 cursos precargados<\/strong><br \/>\nSu reloj viene precargado con m\u00e1s de 42 000 mapas CourseView de campos de golf de todo el mundo. Descarga actualizaciones para el campo que juegas con m\u00e1s frecuencia.<\/li>\n<li><strong>Mantenga un registro y mantenga la puntuaci\u00f3n<\/strong><br \/>\n*El seguimiento del juego AutoShot rastrea autom\u00e1ticamente las distancias de tiro detectadas. Comb\u00ednelo con los sensores de seguimiento de palos Approach\u00ae CT10 opcionales (se venden por separado) para obtener m\u00e1s capacidades de seguimiento.<\/li>\n<li><strong>Vista verde<\/strong><br \/>\nLa funci\u00f3n Green View le brinda la forma real de cada green desde cualquier lugar del campo y le permite arrastrar y soltar el marcador para una mayor precisi\u00f3n.<\/li>\n<li><strong>Ir verde<\/strong><br \/>\nConsulte r\u00e1pidamente las distancias al frente, medio y atr\u00e1s del green para que tenga todos los datos que necesita para el tiro perfecto.<\/li>\n<li><strong>Duraci\u00f3n de la bater\u00eda<\/strong><br \/>\nLa bater\u00eda interna recargable proporciona hasta 10 d\u00edas en modo reloj inteligente y 15 horas en modo GPS.<\/li>\n<li><strong>Descargo de responsabilidad<\/strong><br \/>\n*Requiere una aplicaci\u00f3n en su tel\u00e9fono inteligente compatible emparejado en el Approach S42<\/li>\n<li><strong>Descargo de responsabilidad<\/strong><br \/>\n*Los datos y la informaci\u00f3n proporcionados por estos dispositivos pretenden ser una estimaci\u00f3n aproximada de su actividad y las m\u00e9tricas rastreadas, pero es posible que no sean exactamente precisos. Esto no es un dispositivo m\u00e9dico.<\/li>\n<li><strong>Descargo de responsabilidad<\/strong><br \/>\n*La mentira y el contacto con la pelota pueden afectar el seguimiento del tiro. Putts no se rastrean. Es posible que no se registren algunos golpes, en particular los cortos de chip alrededor del green.<\/li>\n<\/ul>\n<\/div>\n","protected":false},"excerpt":{"rendered":"<p>Tenemos su juego dentro y fuera del campo con Approach S42, un reloj inteligente de golf con GPS que pone informaci\u00f3n de m\u00e1s de 42,000 mapas CourseView en todo el<\/p>\n","protected":false},"featured_media":87942,"comment_status":"open","ping_status":"closed","template":"","meta":{"_acf_changed":false,"_joinchat":[]},"product_brand":[],"product_cat":[305,311,312],"product_tag":[],"class_list":{"0":"post-87941","1":"product","2":"type-product","3":"status-publish","4":"has-post-thumbnail","6":"product_cat-wearables","7":"product_cat-android-smartwatches","8":"product_cat-ver-todo-wearables","10":"first","11":"instock","12":"sale","13":"shipping-taxable","14":"purchasable","15":"product-type-simple"},"acf":[],"_links":{"self":[{"href":"https:\/\/defabrica.com.mx\/defabrica\/wp-json\/wp\/v2\/product\/87941","targetHints":{"allow":["GET"]}}],"collection":[{"href":"https:\/\/defabrica.com.mx\/defabrica\/wp-json\/wp\/v2\/product"}],"about":[{"href":"https:\/\/defabrica.com.mx\/defabrica\/wp-json\/wp\/v2\/types\/product"}],"replies":[{"embeddable":true,"href":"https:\/\/defabrica.com.mx\/defabrica\/wp-json\/wp\/v2\/comments?post=87941"}],"wp:featuredmedia":[{"embeddable":true,"href":"https:\/\/defabrica.com.mx\/defabrica\/wp-json\/wp\/v2\/media\/87942"}],"wp:attachment":[{"href":"https:\/\/defabrica.com.mx\/defabrica\/wp-json\/wp\/v2\/media?parent=87941"}],"wp:term":[{"taxonomy":"product_brand","embeddable":true,"href":"https:\/\/defabrica.com.mx\/defabrica\/wp-json\/wp\/v2\/product_brand?post=87941"},{"taxonomy":"product_cat","embeddable":true,"href":"https:\/\/defabrica.com.mx\/defabrica\/wp-json\/wp\/v2\/product_cat?post=87941"},{"taxonomy":"product_tag","embeddable":true,"href":"https:\/\/defabrica.com.mx\/defabrica\/wp-json\/wp\/v2\/product_tag?post=87941"}],"curies":[{"name":"wp","href":"https:\/\/api.w.org\/{rel}","templated":true}]}}