{"id":87874,"date":"2022-07-07T23:37:09","date_gmt":"2022-07-08T04:37:09","guid":{"rendered":"https:\/\/defabrica.com.mx\/defabrica\/?post_type=product&#038;p=87874"},"modified":"2022-07-07T23:37:09","modified_gmt":"2022-07-08T04:37:09","slug":"garmin-fenix-%e2%80%8b%e2%80%8b6-pro-solar-gps-smartwatch-33mm-polimero-reforzado-con-fibra-azul-mineral","status":"publish","type":"product","link":"https:\/\/defabrica.com.mx\/defabrica\/producto\/garmin-fenix-%e2%80%8b%e2%80%8b6-pro-solar-gps-smartwatch-33mm-polimero-reforzado-con-fibra-azul-mineral\/","title":{"rendered":"Garmin &#8211; Fenix \u200b\u200b6 Pro Solar GPS Smartwatch 33mm Pol\u00edmero reforzado con fibra &#8211; Azul mineral"},"content":{"rendered":"<p><span>Usa el poder del sol a tu favor con el reloj GPS multideporte pr\u00e9mium f\u0113nix\u00ae 6 Pro Solar.\u00a0<\/span><span>Con una lente de carga solar Power Glass\u2122 y modos de administraci\u00f3n de energ\u00eda personalizables, este reloj inteligente puede permanecer encendido y listo para funcionar durante semanas.\u00a0<\/span><span>Realice un seguimiento de nuevas actividades, como la escalada en interiores y el surf, adem\u00e1s de nuevas m\u00e9tricas para el ciclismo de monta\u00f1a.\u00a0<\/span><span>Y controle de cerca el progreso de su entrenamiento con el control del rendimiento, incluido el equilibrio de la carga de entrenamiento, el VO2 m\u00e1ximo y la aclimataci\u00f3n a la altitud.<\/span><\/p>\n<h3 class=\"heading-5 v-fw-regular feature-heading\"><strong>Caracter\u00edsticas<\/strong><\/h3>\n<ul>\n<li><strong>Perfiles de actividad actualizados<\/strong><br \/>\nLos perfiles de actividad actualizados ahora le permiten realizar un seguimiento de m\u00e1s, como mediciones especializadas de Grit y Flow mientras practica ciclismo de monta\u00f1a.<\/li>\n<li><strong>Capacidades premium de reloj inteligente<\/strong><br \/>\nCompatibilidad con pagos sin contacto de Garmin Pay\u2122 (no todos los pa\u00edses y redes de pago son elegibles), almacenamiento de m\u00fasica con opciones de servicio de transmisi\u00f3n premium de un proveedor externo, notificaciones inteligentes (cuando se combina con un tel\u00e9fono inteligente compatible) y m\u00e1s<\/li>\n<li><strong>Datos de rendimiento mejorados<\/strong><br \/>\nObtenga datos de rendimiento mejorados para ayudarlo a superar desaf\u00edos dif\u00edciles, incluido el widget de aclimataci\u00f3n 2.0 para analizar datos adicionales y ver c\u00f3mo su cuerpo resiste la elevaci\u00f3n actual<\/li>\n<li><strong>Navegaci\u00f3n y Mapeo<\/strong><br \/>\nNavegue al aire libre con mapas TOPO precargados, mapas de esqu\u00ed para 2000 estaciones de esqu\u00ed en todo el mundo, compatibilidad con m\u00faltiples sistemas globales de navegaci\u00f3n por sat\u00e9lite (GPS, GLONASS y Galileo) y sensores integrados para br\u00fajula de 3 ejes, giroscopio y alt\u00edmetro barom\u00e9trico<\/li>\n<li><strong>Construcci\u00f3n resistente y elegante.<\/strong><br \/>\nEntrena con un reloj resistente pero sofisticado, con una pantalla siempre encendida de 1,3&#8243; y un bisel recubierto de titanio, acero inoxidable o DLC<\/li>\n<li><strong>Carga solar con Power Glass\u2122<\/strong><br \/>\nEl reloj GPS multideporte alimentado por energ\u00eda solar utiliza una lente de carga solar Power Glass\u2122 y modos personalizados de administraci\u00f3n de energ\u00eda para lograr una bater\u00eda de larga duraci\u00f3n<\/li>\n<li><strong>Nuevo seguimiento de sesi\u00f3n de surf<\/strong><br \/>\nRealice un seguimiento de las sesiones de surf con un nuevo perfil de actividad dedicado e incluso use Surfline Sessions\u2122, que crea un video de cada ola que monta frente a una c\u00e1mara Surfline<\/li>\n<li><strong>Duraci\u00f3n y rendimiento de la bater\u00eda<\/strong><br \/>\nRendimiento de la bater\u00eda: hasta 14 d\u00edas de duraci\u00f3n de la bater\u00eda en modo reloj inteligente o 16 d\u00edas con carga solar* y hasta 36 horas en modo GPS o 40 horas con carga solar**<\/li>\n<li><strong>Descargo de responsabilidad<\/strong><br \/>\nSuponiendo uso durante todo el d\u00eda con 3 horas por d\u00eda al aire libre en condiciones de 50,000 lux; Asumiendo que se usa en condiciones de 50,000 lux<\/li>\n<\/ul>\n","protected":false},"excerpt":{"rendered":"<p>Usa el poder del sol a tu favor con el reloj GPS multideporte pr\u00e9mium f\u0113nix\u00ae 6 Pro Solar.\u00a0Con una lente de carga solar Power Glass\u2122 y modos de administraci\u00f3n de<\/p>\n","protected":false},"featured_media":87875,"comment_status":"open","ping_status":"closed","template":"","meta":{"_acf_changed":false,"_joinchat":[]},"product_brand":[],"product_cat":[305,311],"product_tag":[],"class_list":{"0":"post-87874","1":"product","2":"type-product","3":"status-publish","4":"has-post-thumbnail","6":"product_cat-wearables","7":"product_cat-android-smartwatches","9":"first","10":"instock","11":"sale","12":"shipping-taxable","13":"purchasable","14":"product-type-simple"},"acf":[],"_links":{"self":[{"href":"https:\/\/defabrica.com.mx\/defabrica\/wp-json\/wp\/v2\/product\/87874","targetHints":{"allow":["GET"]}}],"collection":[{"href":"https:\/\/defabrica.com.mx\/defabrica\/wp-json\/wp\/v2\/product"}],"about":[{"href":"https:\/\/defabrica.com.mx\/defabrica\/wp-json\/wp\/v2\/types\/product"}],"replies":[{"embeddable":true,"href":"https:\/\/defabrica.com.mx\/defabrica\/wp-json\/wp\/v2\/comments?post=87874"}],"wp:featuredmedia":[{"embeddable":true,"href":"https:\/\/defabrica.com.mx\/defabrica\/wp-json\/wp\/v2\/media\/87875"}],"wp:attachment":[{"href":"https:\/\/defabrica.com.mx\/defabrica\/wp-json\/wp\/v2\/media?parent=87874"}],"wp:term":[{"taxonomy":"product_brand","embeddable":true,"href":"https:\/\/defabrica.com.mx\/defabrica\/wp-json\/wp\/v2\/product_brand?post=87874"},{"taxonomy":"product_cat","embeddable":true,"href":"https:\/\/defabrica.com.mx\/defabrica\/wp-json\/wp\/v2\/product_cat?post=87874"},{"taxonomy":"product_tag","embeddable":true,"href":"https:\/\/defabrica.com.mx\/defabrica\/wp-json\/wp\/v2\/product_tag?post=87874"}],"curies":[{"name":"wp","href":"https:\/\/api.w.org\/{rel}","templated":true}]}}