{"id":87830,"date":"2022-07-07T07:44:27","date_gmt":"2022-07-07T12:44:27","guid":{"rendered":"https:\/\/defabrica.com.mx\/defabrica\/?post_type=product&#038;p=87830"},"modified":"2022-07-07T07:45:32","modified_gmt":"2022-07-07T12:45:32","slug":"michael-kors-gen-5-lexington-smartwatch-44mm","status":"publish","type":"product","link":"https:\/\/defabrica.com.mx\/defabrica\/producto\/michael-kors-gen-5-lexington-smartwatch-44mm\/","title":{"rendered":"Michael Kors &#8211; Gen 5 Lexington Smartwatch 44mm"},"content":{"rendered":"<div class=\"embedded-component-container lv product-description\">\n<div>\n<div id=\"shop-product-description-60733416\" class=\"_none\" data-version=\"1.3.45\">\n<div class=\"shop-product-description\">\n<section class=\"align-heading-left\" data-reactroot=\"\">\n<div class=\"long-description-container body-copy \">\n<div class=\"html-fragment\">El reloj inteligente Lexington Gen 5 de Michael Kors tiene un nuevo y elegante aspecto deportivo en un dise\u00f1o de malla de silicona rosa con la \u00faltima tecnolog\u00eda Wear OS de Google.\u00a0Los relojes inteligentes con tecnolog\u00eda Wear OS de Google son compatibles con tel\u00e9fonos iPhone\u00ae y Android\u2122.\u00a0Wear OS by Google y otras marcas relacionadas son marcas comerciales de Google LLC.\u00a0Wear OS by Google funciona con tel\u00e9fonos con Android 6.0+ (excluyendo la edici\u00f3n Go) e iOS 10.0+.\u00a0Las funciones admitidas pueden variar entre plataformas y pa\u00edses.<\/div>\n<\/div>\n<\/section>\n<\/div>\n<\/div>\n<\/div>\n<\/div>\n<div class=\"embedded-component-container lv product-features\"><\/div>\n<div>\n<h3><\/h3>\n<h3 class=\"heading-5 v-fw-regular feature-heading\"><strong>Caracter\u00edsticas<\/strong><\/h3>\n<div class=\"list-row\">\n<ul>\n<li><strong>Compatible con tel\u00e9fonos Android\u2122 y iPhone\u00ae<\/strong><br \/>\nUse la aplicaci\u00f3n WearOS by Google en su tel\u00e9fono con Android\u2122 6.0+ (excluyendo la edici\u00f3n Go) o iOS 12.0+<\/li>\n<li><strong>Modo de bater\u00eda de varios d\u00edas y carga r\u00e1pida<\/strong><br \/>\nModo de bater\u00eda extendida de 24 horas o m\u00e1s de varios d\u00edas **Var\u00eda seg\u00fan el uso y despu\u00e9s de la instalaci\u00f3n de las actualizaciones**. El cable USB con cargador magn\u00e9tico se ajusta a los anillos en la parte posterior de la caja del reloj y gira 360 grados para facilitar su uso. 50 minutos para llegar al 80%.<\/li>\n<li><strong>Personaliza tu reloj inteligente<\/strong><br \/>\nPantalla siempre activa con miles de esferas de reloj para personalizar tu apariencia y ver siempre la hora. Cientos de aplicaciones, desde asistente hasta actividad f\u00edsica, pagos, m\u00fasica, redes sociales, noticias, juegos, cron\u00f3metros y m\u00e1s. Con un dise\u00f1o a prueba de agua, es perfecto para todas tus actividades.<\/li>\n<li><strong>Monitoreo integral<\/strong><br \/>\nRealiza un seguimiento autom\u00e1tico de los objetivos de actividad, los pasos, el sue\u00f1o, la frecuencia card\u00edaca, el nivel cardiovascular y m\u00e1s. Los modos de actividad con GPS conectado lo mantienen al d\u00eda con su distancia y ruta. Los sensores avanzados proporcionan los datos para impulsar todas sus aplicaciones de salud y fitness.<\/li>\n<li><strong>Recibe llamadas y recibe notificaciones de calendario, SMS, correo electr\u00f3nico y aplicaciones sociales<\/strong><br \/>\nMant\u00e9ngase conectado con notificaciones de llamadas, mensajes de texto, aplicaciones y hora autom\u00e1tica, zona horaria y sincronizaci\u00f3n de calendario. Nunca pierda una llamada: responda y haga llamadas directamente en su reloj cuando su tel\u00e9fono est\u00e9 fuera de alcance.<\/li>\n<\/ul>\n<\/div>\n<\/div>\n","protected":false},"excerpt":{"rendered":"<p>El reloj inteligente Lexington Gen 5 de Michael Kors tiene un nuevo y elegante aspecto deportivo en un dise\u00f1o de malla de silicona rosa con la \u00faltima tecnolog\u00eda Wear OS<\/p>\n","protected":false},"featured_media":87831,"comment_status":"open","ping_status":"closed","template":"","meta":{"_acf_changed":false,"_joinchat":[]},"product_brand":[],"product_cat":[305,311],"product_tag":[],"class_list":{"0":"post-87830","1":"product","2":"type-product","3":"status-publish","4":"has-post-thumbnail","6":"product_cat-wearables","7":"product_cat-android-smartwatches","9":"first","10":"instock","11":"sale","12":"shipping-taxable","13":"purchasable","14":"product-type-simple"},"acf":[],"_links":{"self":[{"href":"https:\/\/defabrica.com.mx\/defabrica\/wp-json\/wp\/v2\/product\/87830","targetHints":{"allow":["GET"]}}],"collection":[{"href":"https:\/\/defabrica.com.mx\/defabrica\/wp-json\/wp\/v2\/product"}],"about":[{"href":"https:\/\/defabrica.com.mx\/defabrica\/wp-json\/wp\/v2\/types\/product"}],"replies":[{"embeddable":true,"href":"https:\/\/defabrica.com.mx\/defabrica\/wp-json\/wp\/v2\/comments?post=87830"}],"wp:featuredmedia":[{"embeddable":true,"href":"https:\/\/defabrica.com.mx\/defabrica\/wp-json\/wp\/v2\/media\/87831"}],"wp:attachment":[{"href":"https:\/\/defabrica.com.mx\/defabrica\/wp-json\/wp\/v2\/media?parent=87830"}],"wp:term":[{"taxonomy":"product_brand","embeddable":true,"href":"https:\/\/defabrica.com.mx\/defabrica\/wp-json\/wp\/v2\/product_brand?post=87830"},{"taxonomy":"product_cat","embeddable":true,"href":"https:\/\/defabrica.com.mx\/defabrica\/wp-json\/wp\/v2\/product_cat?post=87830"},{"taxonomy":"product_tag","embeddable":true,"href":"https:\/\/defabrica.com.mx\/defabrica\/wp-json\/wp\/v2\/product_tag?post=87830"}],"curies":[{"name":"wp","href":"https:\/\/api.w.org\/{rel}","templated":true}]}}