{"id":87810,"date":"2022-07-07T07:12:31","date_gmt":"2022-07-07T12:12:31","guid":{"rendered":"https:\/\/defabrica.com.mx\/defabrica\/?post_type=product&#038;p=87810"},"modified":"2022-07-07T07:12:31","modified_gmt":"2022-07-07T12:12:31","slug":"michael-kors-gen-5e-mkgo-blue-silicone-smartwatch-43mm-oro-azul","status":"publish","type":"product","link":"https:\/\/defabrica.com.mx\/defabrica\/producto\/michael-kors-gen-5e-mkgo-blue-silicone-smartwatch-43mm-oro-azul\/","title":{"rendered":"Michael Kors Gen 5E MKGO Blue Silicone Smartwatch 43mm &#8211; Oro, Azul"},"content":{"rendered":"<p><span>El reloj inteligente MKGO Gen5E de 43 mm de Michael Kors combina la \u00faltima tecnolog\u00eda Wear OS de Google con un dise\u00f1o glamoroso, con una caja de aluminio dorado p\u00e1lido y una correa de silicona con el logotipo azul marino.\u00a0<\/span><span>Wear OS by Google funciona con tel\u00e9fonos que ejecutan la \u00faltima versi\u00f3n de Android (excluyendo la edici\u00f3n Go y los tel\u00e9fonos sin Google Play Store) o iOS.\u00a0<\/span><span>Las funciones admitidas pueden variar entre plataformas y pa\u00edses y la compatibilidad est\u00e1 sujeta a cambios.\u00a0<\/span><span>Compatible con tel\u00e9fonos iPhone\u00ae y Android.\u00a0<\/span><span>iPhone es una marca comercial de Apple, Inc. Android y Wear OS de Google son marcas comerciales de Google LLC.<\/span><\/p>\n<h3 class=\"heading-5 v-fw-regular feature-heading\"><strong>Caracter\u00edsticas<\/strong><\/h3>\n<ul>\n<li><strong>Compatible con tel\u00e9fonos Android y iPhone\u00ae<\/strong><br \/>\nUse la aplicaci\u00f3n WearOS by Google en su tel\u00e9fono con Android 6.0+ (excluyendo la edici\u00f3n Go) o iOS 12.0+<\/li>\n<li><strong>Modos de bater\u00eda de varios d\u00edas<\/strong><br \/>\nModo de bater\u00eda extendida de 24 horas o m\u00e1s de varios d\u00edas **Var\u00eda seg\u00fan el uso y despu\u00e9s de la instalaci\u00f3n de las actualizaciones**. El cable USB con cargador magn\u00e9tico se ajusta a los anillos en la parte posterior de la caja del reloj y gira 360 grados para facilitar su uso. 50 minutos para llegar al 80%.<\/li>\n<li><strong>Personaliza tu reloj inteligente<\/strong><br \/>\nPantalla siempre activa con miles de esferas de reloj para personalizar tu apariencia y ver siempre la hora. Cientos de aplicaciones, desde asistente hasta actividad f\u00edsica, pagos, m\u00fasica, redes sociales, noticias, juegos, cron\u00f3metros y m\u00e1s. Con un dise\u00f1o a prueba de agua, es perfecto para todas tus actividades.<\/li>\n<li><strong>Monitoreo integral<\/strong><br \/>\nRealiza un seguimiento autom\u00e1tico de los objetivos de actividad, los pasos, el sue\u00f1o, la frecuencia card\u00edaca, el nivel cardiovascular y m\u00e1s. Los modos de actividad con GPS conectado lo mantienen al d\u00eda con su distancia y ruta. Los sensores avanzados proporcionan los datos para impulsar todas sus aplicaciones de salud y fitness.<\/li>\n<li><strong>Ser notificado<\/strong><br \/>\nMant\u00e9ngase conectado con notificaciones de llamadas, mensajes de texto, aplicaciones y hora autom\u00e1tica, zona horaria y sincronizaci\u00f3n de calendario. Nunca pierda una llamada: responda y haga llamadas directamente en su reloj cuando su tel\u00e9fono est\u00e9 fuera de alcance.<\/li>\n<\/ul>\n","protected":false},"excerpt":{"rendered":"<p>El reloj inteligente MKGO Gen5E de 43 mm de Michael Kors combina la \u00faltima tecnolog\u00eda Wear OS de Google con un dise\u00f1o glamoroso, con una caja de aluminio dorado p\u00e1lido<\/p>\n","protected":false},"featured_media":87811,"comment_status":"open","ping_status":"closed","template":"","meta":{"_acf_changed":false,"_joinchat":[]},"product_brand":[],"product_cat":[305,311],"product_tag":[],"class_list":{"0":"post-87810","1":"product","2":"type-product","3":"status-publish","4":"has-post-thumbnail","6":"product_cat-wearables","7":"product_cat-android-smartwatches","9":"first","10":"instock","11":"sale","12":"shipping-taxable","13":"purchasable","14":"product-type-simple"},"acf":[],"_links":{"self":[{"href":"https:\/\/defabrica.com.mx\/defabrica\/wp-json\/wp\/v2\/product\/87810","targetHints":{"allow":["GET"]}}],"collection":[{"href":"https:\/\/defabrica.com.mx\/defabrica\/wp-json\/wp\/v2\/product"}],"about":[{"href":"https:\/\/defabrica.com.mx\/defabrica\/wp-json\/wp\/v2\/types\/product"}],"replies":[{"embeddable":true,"href":"https:\/\/defabrica.com.mx\/defabrica\/wp-json\/wp\/v2\/comments?post=87810"}],"wp:featuredmedia":[{"embeddable":true,"href":"https:\/\/defabrica.com.mx\/defabrica\/wp-json\/wp\/v2\/media\/87811"}],"wp:attachment":[{"href":"https:\/\/defabrica.com.mx\/defabrica\/wp-json\/wp\/v2\/media?parent=87810"}],"wp:term":[{"taxonomy":"product_brand","embeddable":true,"href":"https:\/\/defabrica.com.mx\/defabrica\/wp-json\/wp\/v2\/product_brand?post=87810"},{"taxonomy":"product_cat","embeddable":true,"href":"https:\/\/defabrica.com.mx\/defabrica\/wp-json\/wp\/v2\/product_cat?post=87810"},{"taxonomy":"product_tag","embeddable":true,"href":"https:\/\/defabrica.com.mx\/defabrica\/wp-json\/wp\/v2\/product_tag?post=87810"}],"curies":[{"name":"wp","href":"https:\/\/api.w.org\/{rel}","templated":true}]}}