{"id":87793,"date":"2022-07-07T06:30:47","date_gmt":"2022-07-07T11:30:47","guid":{"rendered":"https:\/\/defabrica.com.mx\/defabrica\/?post_type=product&#038;p=87793"},"modified":"2023-01-17T15:40:48","modified_gmt":"2023-01-17T21:40:48","slug":"withings-scanwatch-horizon-reloj-inteligente-hibrido-con-ecg-frecuencia-cardiaca-y-oximetro-43-mm-azul","status":"publish","type":"product","link":"https:\/\/defabrica.com.mx\/defabrica\/producto\/withings-scanwatch-horizon-reloj-inteligente-hibrido-con-ecg-frecuencia-cardiaca-y-oximetro-43-mm-azul\/","title":{"rendered":"Withings &#8211; Scanwatch Horizon &#8211; Reloj inteligente h\u00edbrido con ECG, frecuencia card\u00edaca y ox\u00edmetro &#8211; 43 mm &#8211; Azul"},"content":{"rendered":"<p>ScanWatch ahora est\u00e1 disponible en una edici\u00f3n limitada que combina el dise\u00f1o ic\u00f3nico de un reloj de buceo con tecnolog\u00eda de salud innovadora.\u00a0Anidado en un reloj de gama alta, la tecnolog\u00eda m\u00e1s avanzada ha sido cuidadosamente seleccionada para crear el reloj Withings m\u00e1s orientado a la salud hasta la fecha.\u00a0Desarrollado con cardi\u00f3logos, este reloj inteligente h\u00edbrido cl\u00ednicamente validado puede alertar a un usuario sobre un posible caso de fibrilaci\u00f3n auricular (AFib).<\/p>\n<h3 class=\"heading-5 v-fw-regular feature-heading\"><strong>Caracter\u00edsticas<\/strong><\/h3>\n<ul>\n<li><strong>Electrocardiograma bajo demanda<\/strong><br \/>\nGraba un ECG para detectar fibrilaci\u00f3n auricular en tan solo 30 segundos. La funci\u00f3n de ECG solo est\u00e1 disponible para personas mayores de 22 a\u00f1os, ya que est\u00e1 destinada a usuarios adultos.<\/li>\n<li><strong>Ox\u00edmetro en tu mu\u00f1eca<\/strong><br \/>\nProporciona niveles de saturaci\u00f3n de ox\u00edgeno (SpO2) bajo demanda en solo 30 segundos.<\/li>\n<li><strong>M\u00e1s all\u00e1 del seguimiento de la actividad b\u00e1sica<\/strong><br \/>\nMejore el estado cardiovascular con la ayuda de m\u00e9tricas de entrenamiento dedicadas, Fitness Score a trav\u00e9s de VO?max, GPS conectado y un alt\u00edmetro para los pisos subidos. Elija entre 30 actividades e inicie el modo de entrenamiento directamente desde su mu\u00f1eca.<\/li>\n<li><strong>An\u00e1lisis avanzado del sue\u00f1o<\/strong><br \/>\nSupervise la saturaci\u00f3n de ox\u00edgeno durante toda la noche a trav\u00e9s del sensor de SpO2 integrado.<\/li>\n<li><strong>Dise\u00f1o duradero. Duraci\u00f3n de la bater\u00eda insuperable<\/strong><br \/>\nScanWatch cuenta con un sensor combinado de frecuencia card\u00edaca y SpO2, 3 electrodos, un alt\u00edmetro y una pantalla PMOLED de 0,6 pulgadas, todo dentro de una caja de acero inoxidable protegida por cristal de zafiro, y cuenta con una bater\u00eda recargable que dura hasta 30 d\u00edas.<\/li>\n<\/ul>\n","protected":false},"excerpt":{"rendered":"<p>ScanWatch ahora est\u00e1 disponible en una edici\u00f3n limitada que combina el dise\u00f1o ic\u00f3nico de un reloj de buceo con tecnolog\u00eda de salud innovadora.\u00a0Anidado en un reloj de gama alta, la<\/p>\n","protected":false},"featured_media":87794,"comment_status":"open","ping_status":"closed","template":"","meta":{"_acf_changed":false,"_joinchat":[]},"product_brand":[],"product_cat":[305,310],"product_tag":[],"class_list":{"0":"post-87793","1":"product","2":"type-product","3":"status-publish","4":"has-post-thumbnail","6":"product_cat-wearables","7":"product_cat-monitores-de-ejercicio","9":"first","10":"instock","11":"sale","12":"shipping-taxable","13":"purchasable","14":"product-type-simple"},"acf":[],"_links":{"self":[{"href":"https:\/\/defabrica.com.mx\/defabrica\/wp-json\/wp\/v2\/product\/87793","targetHints":{"allow":["GET"]}}],"collection":[{"href":"https:\/\/defabrica.com.mx\/defabrica\/wp-json\/wp\/v2\/product"}],"about":[{"href":"https:\/\/defabrica.com.mx\/defabrica\/wp-json\/wp\/v2\/types\/product"}],"replies":[{"embeddable":true,"href":"https:\/\/defabrica.com.mx\/defabrica\/wp-json\/wp\/v2\/comments?post=87793"}],"wp:featuredmedia":[{"embeddable":true,"href":"https:\/\/defabrica.com.mx\/defabrica\/wp-json\/wp\/v2\/media\/87794"}],"wp:attachment":[{"href":"https:\/\/defabrica.com.mx\/defabrica\/wp-json\/wp\/v2\/media?parent=87793"}],"wp:term":[{"taxonomy":"product_brand","embeddable":true,"href":"https:\/\/defabrica.com.mx\/defabrica\/wp-json\/wp\/v2\/product_brand?post=87793"},{"taxonomy":"product_cat","embeddable":true,"href":"https:\/\/defabrica.com.mx\/defabrica\/wp-json\/wp\/v2\/product_cat?post=87793"},{"taxonomy":"product_tag","embeddable":true,"href":"https:\/\/defabrica.com.mx\/defabrica\/wp-json\/wp\/v2\/product_tag?post=87793"}],"curies":[{"name":"wp","href":"https:\/\/api.w.org\/{rel}","templated":true}]}}