{"id":87687,"date":"2022-07-06T17:44:32","date_gmt":"2022-07-06T22:44:32","guid":{"rendered":"https:\/\/defabrica.com.mx\/defabrica\/?post_type=product&#038;p=87687"},"modified":"2022-07-06T17:45:59","modified_gmt":"2022-07-06T22:45:59","slug":"suunto-9-reloj-conectado-de-seguimiento-de-aventuras-deportivas-para-actividades-al-aire-libre-de-titanio-con-gps-hr-negro","status":"publish","type":"product","link":"https:\/\/defabrica.com.mx\/defabrica\/producto\/suunto-9-reloj-conectado-de-seguimiento-de-aventuras-deportivas-para-actividades-al-aire-libre-de-titanio-con-gps-hr-negro\/","title":{"rendered":"SUUNTO &#8211; 9 Reloj conectado de seguimiento de aventuras deportivas\/para actividades al aire libre de titanio con GPS\/HR &#8211; Negro"},"content":{"rendered":"<div class=\"embedded-component-container lv product-description\">\n<div id=\"shop-product-description-36228455\" class=\"_none\" data-version=\"1.3.45\">\n<div class=\"shop-product-description\">\n<section class=\"align-heading-left\" data-reactroot=\"\">\n<div class=\"long-description-container body-copy \">\n<div class=\"html-fragment\">Reloj GPS de ultra resistencia con bater\u00eda y bar\u00f3metro excepcionales.\u00a0Tres modos de bater\u00eda predefinidos (Rendimiento, Resistencia y Ultra) brindan desde 25 horas hasta 120 horas de tiempo de grabaci\u00f3n con seguimiento GPS activado.\u00a0Suunto 9 utiliza recordatorios inteligentes basados \u200b\u200ben tu historial de actividad para asegurarte de que est\u00e9s completamente cargado para tu pr\u00f3xima salida.\u00a0Si el reloj nota que se est\u00e1 quedando sin bater\u00eda durante un ejercicio, sugerir\u00e1 autom\u00e1ticamente cambiar a un modo de bater\u00eda diferente.\u00a0Nunca te preocupes por quedarte sin bater\u00eda.<\/div>\n<\/div>\n<\/section>\n<\/div>\n<\/div>\n<\/div>\n<div><\/div>\n<div class=\"embedded-component-container lv product-description\">\n<div>\n<h3><\/h3>\n<h3 class=\"heading-5 v-fw-regular feature-heading\"><strong>Caracter\u00edsticas<\/strong><\/h3>\n<ul>\n<li><strong>Mide la frecuencia card\u00edaca y las calor\u00edas quemadas<\/strong><br \/>\nPara ayudarlo a monitorear m\u00faltiples actividades f\u00edsicas, como andar en bicicleta, correr y nadar.<\/li>\n<li><strong>Lleve un registro de los niveles de actividad diarios<\/strong><br \/>\nMide la distancia recorrida, la velocidad, las calor\u00edas quemadas, la actividad del sue\u00f1o, los pasos dados y el ritmo.<\/li>\n<li><strong>Brinda informaci\u00f3n de ubicaci\u00f3n precisa y confiable<\/strong><br \/>\nReceptor GPS de alta sensibilidad.<\/li>\n<li><strong>banda de silicona<\/strong><br \/>\nSe adapta c\u00f3modamente a la mayor\u00eda de las mu\u00f1ecas.<\/li>\n<li><strong>Dise\u00f1o resistente al agua<\/strong><br \/>\nLe permite usar el reloj GPS mientras nada.<\/li>\n<\/ul>\n<\/div>\n<\/div>\n","protected":false},"excerpt":{"rendered":"<p>Reloj GPS de ultra resistencia con bater\u00eda y bar\u00f3metro excepcionales.\u00a0Tres modos de bater\u00eda predefinidos (Rendimiento, Resistencia y Ultra) brindan desde 25 horas hasta 120 horas de tiempo de grabaci\u00f3n con<\/p>\n","protected":false},"featured_media":87693,"comment_status":"open","ping_status":"closed","template":"","meta":{"_acf_changed":false,"_joinchat":[]},"product_brand":[],"product_cat":[305,310],"product_tag":[],"class_list":{"0":"post-87687","1":"product","2":"type-product","3":"status-publish","4":"has-post-thumbnail","6":"product_cat-wearables","7":"product_cat-monitores-de-ejercicio","9":"first","10":"instock","11":"sale","12":"shipping-taxable","13":"purchasable","14":"product-type-simple"},"acf":[],"_links":{"self":[{"href":"https:\/\/defabrica.com.mx\/defabrica\/wp-json\/wp\/v2\/product\/87687","targetHints":{"allow":["GET"]}}],"collection":[{"href":"https:\/\/defabrica.com.mx\/defabrica\/wp-json\/wp\/v2\/product"}],"about":[{"href":"https:\/\/defabrica.com.mx\/defabrica\/wp-json\/wp\/v2\/types\/product"}],"replies":[{"embeddable":true,"href":"https:\/\/defabrica.com.mx\/defabrica\/wp-json\/wp\/v2\/comments?post=87687"}],"wp:featuredmedia":[{"embeddable":true,"href":"https:\/\/defabrica.com.mx\/defabrica\/wp-json\/wp\/v2\/media\/87693"}],"wp:attachment":[{"href":"https:\/\/defabrica.com.mx\/defabrica\/wp-json\/wp\/v2\/media?parent=87687"}],"wp:term":[{"taxonomy":"product_brand","embeddable":true,"href":"https:\/\/defabrica.com.mx\/defabrica\/wp-json\/wp\/v2\/product_brand?post=87687"},{"taxonomy":"product_cat","embeddable":true,"href":"https:\/\/defabrica.com.mx\/defabrica\/wp-json\/wp\/v2\/product_cat?post=87687"},{"taxonomy":"product_tag","embeddable":true,"href":"https:\/\/defabrica.com.mx\/defabrica\/wp-json\/wp\/v2\/product_tag?post=87687"}],"curies":[{"name":"wp","href":"https:\/\/api.w.org\/{rel}","templated":true}]}}