{"id":87644,"date":"2022-07-06T17:28:01","date_gmt":"2022-07-06T22:28:01","guid":{"rendered":"https:\/\/defabrica.com.mx\/defabrica\/?post_type=product&#038;p=87644"},"modified":"2022-07-06T17:28:02","modified_gmt":"2022-07-06T22:28:02","slug":"suunto-reloj-de-actividad-deportivo-robusto-de-9-picos-de-43-mm-con-gps-hr-y-bateria-de-larga-duracion-blanco-abedul","status":"publish","type":"product","link":"https:\/\/defabrica.com.mx\/defabrica\/producto\/suunto-reloj-de-actividad-deportivo-robusto-de-9-picos-de-43-mm-con-gps-hr-y-bateria-de-larga-duracion-blanco-abedul\/","title":{"rendered":"SUUNTO &#8211; Reloj de actividad\/deportivo robusto de 9 picos de 43 mm con GPS\/HR y bater\u00eda de larga duraci\u00f3n &#8211; Blanco abedul"},"content":{"rendered":"<p><span class=\"\">ULTRA DELGADO, ULTRA RESISTENTE&#8230; Este es el reloj m\u00e1s delgado, peque\u00f1o y resistente que Suunto haya fabricado jam\u00e1s para alcanzar experiencias m\u00e1ximas.\u00a0<\/span><span>Dise\u00f1ado para sentirse bien en cada brazo.\u00a0<\/span><span>Duraci\u00f3n de la bater\u00eda y conjunto completo de funciones del Suunto 9 Baro, sin compromisos.\u00a0<\/span><span>Desde 25 horas con el mejor GPS hasta 170 horas en modo Tour.\u00a0<\/span><span class=\"\">Materiales de la m\u00e1s alta calidad, cristal de zafiro y titanio de grado 5 para un peso ligero.\u00a0<\/span><span class=\"goog-text-highlight\">Calidad premium fabricada en Finlandia, probada en las condiciones m\u00e1s duras.<\/span><\/p>\n<h3 class=\"heading-5 v-fw-regular feature-heading\"><strong><span class=\"goog-text-highlight\">Caracter\u00edsticas<\/span><\/strong><\/h3>\n<ul>\n<li><strong>Modos de bater\u00eda inteligente<\/strong><br \/>\nCuatro modos de bater\u00eda predefinidos (Rendimiento, Resistencia, Ultra y Tour) brindan desde 25 horas hasta 170 horas de tiempo de grabaci\u00f3n con el seguimiento GPS activado<\/li>\n<li><strong>M\u00e1s de 80 modos deportivos preinstalados<\/strong><br \/>\nLe permite personalizar los modos deportivos preinstalados y las pantallas gr\u00e1ficas<\/li>\n<li><strong>Cristal de zafiro<\/strong><br \/>\nEsfera anti reflectante a prueba de ara\u00f1azos.<\/li>\n<li><strong>Caja de titanio de grado 5<\/strong><br \/>\npeso m\u00e1s ligero (solo 54 gramos) y m\u00e1xima comodidad. El titanio es duro, resistente a los ara\u00f1azos e hipoalerg\u00e9nico, la mejor opci\u00f3n para tu piel.<\/li>\n<li><strong>Dise\u00f1o de caja\u00a0<\/strong><b>ultra delgada<\/b><br \/>\nSolo 10,6 mm de grosor que proporciona una comodidad extrema<\/li>\n<li><b>Navegaci\u00f3n GPS<\/b><br \/>\nLa nueva funci\u00f3n &#8216;Ajustar a la ruta&#8217; no solo mantendr\u00e1 las rutas GPS perfectamente alineadas con la ruta planificada, sino que tambi\u00e9n garantizar\u00e1 que los datos de distancia y ritmo coincidan con los del recorrido.<\/li>\n<li><strong>Funciones meteorol\u00f3gicas<\/strong><br \/>\nAlt\u00edmetro barom\u00e9trico con alarma de tormenta<\/li>\n<li><strong>Ox\u00edgeno en sangre<\/strong><br \/>\nNuevo sensor de ox\u00edgeno en sangre\/Sp02<\/li>\n<li><strong>Actualizaci\u00f3n por aire<\/strong><br \/>\nDisfrute de la comodidad de la actualizaci\u00f3n de software inal\u00e1mbrica a trav\u00e9s de la aplicaci\u00f3n Suuno, para que su reloj siempre tenga el mejor y m\u00e1s reciente software.<\/li>\n<li><strong>Resistente al agua hasta 100 metros<\/strong><br \/>\nNunca te preocupes por tu reloj durante los deportes acu\u00e1ticos.<\/li>\n<\/ul>\n","protected":false},"excerpt":{"rendered":"<p>ULTRA DELGADO, ULTRA RESISTENTE&#8230; Este es el reloj m\u00e1s delgado, peque\u00f1o y resistente que Suunto haya fabricado jam\u00e1s para alcanzar experiencias m\u00e1ximas.\u00a0Dise\u00f1ado para sentirse bien en cada brazo.\u00a0Duraci\u00f3n de la<\/p>\n","protected":false},"featured_media":87660,"comment_status":"open","ping_status":"closed","template":"","meta":{"_acf_changed":false,"_joinchat":[]},"product_brand":[],"product_cat":[305,310],"product_tag":[],"class_list":{"0":"post-87644","1":"product","2":"type-product","3":"status-publish","4":"has-post-thumbnail","6":"product_cat-wearables","7":"product_cat-monitores-de-ejercicio","9":"first","10":"instock","11":"sale","12":"shipping-taxable","13":"purchasable","14":"product-type-simple"},"acf":[],"_links":{"self":[{"href":"https:\/\/defabrica.com.mx\/defabrica\/wp-json\/wp\/v2\/product\/87644","targetHints":{"allow":["GET"]}}],"collection":[{"href":"https:\/\/defabrica.com.mx\/defabrica\/wp-json\/wp\/v2\/product"}],"about":[{"href":"https:\/\/defabrica.com.mx\/defabrica\/wp-json\/wp\/v2\/types\/product"}],"replies":[{"embeddable":true,"href":"https:\/\/defabrica.com.mx\/defabrica\/wp-json\/wp\/v2\/comments?post=87644"}],"wp:featuredmedia":[{"embeddable":true,"href":"https:\/\/defabrica.com.mx\/defabrica\/wp-json\/wp\/v2\/media\/87660"}],"wp:attachment":[{"href":"https:\/\/defabrica.com.mx\/defabrica\/wp-json\/wp\/v2\/media?parent=87644"}],"wp:term":[{"taxonomy":"product_brand","embeddable":true,"href":"https:\/\/defabrica.com.mx\/defabrica\/wp-json\/wp\/v2\/product_brand?post=87644"},{"taxonomy":"product_cat","embeddable":true,"href":"https:\/\/defabrica.com.mx\/defabrica\/wp-json\/wp\/v2\/product_cat?post=87644"},{"taxonomy":"product_tag","embeddable":true,"href":"https:\/\/defabrica.com.mx\/defabrica\/wp-json\/wp\/v2\/product_tag?post=87644"}],"curies":[{"name":"wp","href":"https:\/\/api.w.org\/{rel}","templated":true}]}}