{"id":87631,"date":"2022-07-06T17:19:22","date_gmt":"2022-07-06T22:19:22","guid":{"rendered":"https:\/\/defabrica.com.mx\/defabrica\/?post_type=product&#038;p=87631"},"modified":"2023-01-17T14:56:51","modified_gmt":"2023-01-17T20:56:51","slug":"altec-lansing-altavoz-a-prueba-de-todo-hydrablast-negro","status":"publish","type":"product","link":"https:\/\/defabrica.com.mx\/defabrica\/producto\/altec-lansing-altavoz-a-prueba-de-todo-hydrablast-negro\/","title":{"rendered":"Altec Lansing &#8211; Altavoz a prueba de todo HydraBlast &#8211; Negro"},"content":{"rendered":"<div class=\"embedded-component-container lv product-description\">\n<div>\n<div id=\"shop-product-description-91877980\" class=\"_none\" data-version=\"1.3.45\">\n<div class=\"shop-product-description\">\n<section class=\"align-heading-left\" data-reactroot=\"\">\n<div class=\"long-description-container body-copy \">\n<div class=\"html-fragment\">El altavoz HydraBlast Everything Proof es el compa\u00f1ero de fiesta perfecto.\u00a0Con hasta 20 horas de duraci\u00f3n de la bater\u00eda m\u00e1s modos de luz LED incorporados, \u00a1el ambiente de fiesta y la m\u00fasica ser\u00e1n dif\u00edciles de superar!\u00a0La carga inal\u00e1mbrica Qi mantiene vivo no solo a su tel\u00e9fono, sino tambi\u00e9n a la fiesta, \u00a1simplemente coloque un dispositivo compatible con Qi encima del altavoz y observe c\u00f3mo se carga!\u00a0No tenga un tel\u00e9fono con carga inal\u00e1mbrica: el HydraBlast viene equipado con un cargador de tel\u00e9fono inteligente USB para mayor funcionalidad.\u00a0Con una clasificaci\u00f3n IP67 Everything Proof + protecci\u00f3n antimicrobiana (repele el 99,9 % de las bacterias), nada puede detener a HydraBlast.\u00a0Empareje dos HydraBlast para disfrutar de esa emoci\u00f3n de sonido envolvente.\u00a0\u00a1La fiesta mejor\u00f3 con Altec Lansing!<\/div>\n<\/div>\n<\/section>\n<\/div>\n<\/div>\n<\/div>\n<\/div>\n<div class=\"embedded-component-container lv product-features\">\n<h3><\/h3>\n<h3 class=\"heading-5 v-fw-regular feature-heading\"><strong>Caracter\u00edsticas<\/strong><\/h3>\n<ul>\n<li><strong>Todo a prueba<\/strong><br \/>\nDise\u00f1ado con una clasificaci\u00f3n IP67 a prueba de todo: impermeable, a prueba de suciedad, a prueba de nieve, \u00a1e incluso flota!<\/li>\n<li><strong>Duraci\u00f3n de la bater\u00eda<\/strong><br \/>\nHasta 20 horas de reproducci\u00f3n.<\/li>\n<li><strong>Recortar y listo<\/strong><br \/>\n\u00a1El mosquet\u00f3n incorporado le permite atar la m\u00fasica a su bicicleta, kayak y m\u00e1s!<\/li>\n<li><strong>Protecci\u00f3n antimicrobiana<\/strong><br \/>\nLa protecci\u00f3n antimicrobiana repele el 99,9 % de las bacterias, por lo que no es necesario que te preocupes por los g\u00e9rmenes.<\/li>\n<li><strong>Carga inalambrica<\/strong><br \/>\nColoque su dispositivo Qi compatible sobre el altavoz para una carga inal\u00e1mbrica.<\/li>\n<li><strong>Aplicaci\u00f3n controlada<\/strong><br \/>\nLa aplicaci\u00f3n Just Listen de Altec Lansing incluye excelentes funciones nuevas, como control de luz y color, emparejamiento TWS y conectividad autom\u00e1tica de dispositivos. \u00a1Controle su experiencia auditiva a trav\u00e9s de su tel\u00e9fono inteligente!<\/li>\n<\/ul>\n<\/div>\n","protected":false},"excerpt":{"rendered":"<p>El altavoz HydraBlast Everything Proof es el compa\u00f1ero de fiesta perfecto.\u00a0Con hasta 20 horas de duraci\u00f3n de la bater\u00eda m\u00e1s modos de luz LED incorporados, \u00a1el ambiente de fiesta y<\/p>\n","protected":false},"featured_media":87640,"comment_status":"open","ping_status":"closed","template":"","meta":{"_acf_changed":false,"_joinchat":[]},"product_brand":[],"product_cat":[294,295,299],"product_tag":[],"class_list":{"0":"post-87631","1":"product","2":"type-product","3":"status-publish","4":"has-post-thumbnail","6":"product_cat-audio","7":"product_cat-bocinas","8":"product_cat-ver-todas-las-bocinas","10":"first","11":"instock","12":"sale","13":"shipping-taxable","14":"purchasable","15":"product-type-simple"},"acf":[],"_links":{"self":[{"href":"https:\/\/defabrica.com.mx\/defabrica\/wp-json\/wp\/v2\/product\/87631","targetHints":{"allow":["GET"]}}],"collection":[{"href":"https:\/\/defabrica.com.mx\/defabrica\/wp-json\/wp\/v2\/product"}],"about":[{"href":"https:\/\/defabrica.com.mx\/defabrica\/wp-json\/wp\/v2\/types\/product"}],"replies":[{"embeddable":true,"href":"https:\/\/defabrica.com.mx\/defabrica\/wp-json\/wp\/v2\/comments?post=87631"}],"wp:featuredmedia":[{"embeddable":true,"href":"https:\/\/defabrica.com.mx\/defabrica\/wp-json\/wp\/v2\/media\/87640"}],"wp:attachment":[{"href":"https:\/\/defabrica.com.mx\/defabrica\/wp-json\/wp\/v2\/media?parent=87631"}],"wp:term":[{"taxonomy":"product_brand","embeddable":true,"href":"https:\/\/defabrica.com.mx\/defabrica\/wp-json\/wp\/v2\/product_brand?post=87631"},{"taxonomy":"product_cat","embeddable":true,"href":"https:\/\/defabrica.com.mx\/defabrica\/wp-json\/wp\/v2\/product_cat?post=87631"},{"taxonomy":"product_tag","embeddable":true,"href":"https:\/\/defabrica.com.mx\/defabrica\/wp-json\/wp\/v2\/product_tag?post=87631"}],"curies":[{"name":"wp","href":"https:\/\/api.w.org\/{rel}","templated":true}]}}