{"id":87612,"date":"2022-07-06T17:11:10","date_gmt":"2022-07-06T22:11:10","guid":{"rendered":"https:\/\/defabrica.com.mx\/defabrica\/?post_type=product&#038;p=87612"},"modified":"2023-01-17T14:56:09","modified_gmt":"2023-01-17T20:56:09","slug":"altec-lansing-lifejacket-jolt-altavoz-bluetooth-portatil-con-luces-negro","status":"publish","type":"product","link":"https:\/\/defabrica.com.mx\/defabrica\/producto\/altec-lansing-lifejacket-jolt-altavoz-bluetooth-portatil-con-luces-negro\/","title":{"rendered":"Altec Lansing &#8211; LifeJacket Jolt Altavoz Bluetooth port\u00e1til con luces &#8211; Negro"},"content":{"rendered":"<div class=\"embedded-component-container lv product-description\">\n<div>\n<div id=\"shop-product-description-774405\" class=\"_none\" data-version=\"1.3.45\">\n<div class=\"shop-product-description\">\n<section class=\"align-heading-left\" data-reactroot=\"\">\n<div class=\"long-description-container body-copy \">\n<div class=\"html-fragment\">\u00a1El Altec Lansing LifeJacket Jolt le brinda un sonido que puede ver!\u00a0Con hasta 30 horas de duraci\u00f3n de la bater\u00eda, nunca tendr\u00e1 que temer quedarse sin energ\u00eda.\u00a0\u00bfNecesita un impulso adicional para su dispositivo Bluetooth?\u00a0No hay problema: la almohadilla de carga inal\u00e1mbrica Qi integrada y los puertos USB garantizan que, independientemente de su dispositivo, nunca se quedar\u00e1 sin carga.\u00a0\u00a1Los 5 modos de luz LED (Multi-color slowfade, Beat to the music, Solid blue, Slowfade y apagado) mantendr\u00e1n electrificada tu fiesta en el tobog\u00e1n de la piscina!\u00a0Si la fiesta se vuelve demasiado salvaje, no hay necesidad de temer: LifeJacket Jolt tiene una clasificaci\u00f3n de impermeabilidad IP67 certificada, lo que lo hace impermeable, a prueba de suciedad, a prueba de golpes e incluso flotar\u00e1 en el agua.\u00a0Si necesita un volumen de sonido adicional, House Party Pairing simplifica la conexi\u00f3n de los altavoces: conecte hasta 50 altavoces compatibles. \u00a1Prep\u00e1rese para sorprenderse!<\/div>\n<\/div>\n<\/section>\n<\/div>\n<\/div>\n<\/div>\n<\/div>\n<div class=\"embedded-component-container lv product-features\">\n<h3><\/h3>\n<h3 class=\"heading-5 v-fw-regular feature-heading\"><strong>Caracter\u00edsticas<\/strong><\/h3>\n<ul>\n<li><strong>Todo a prueba<\/strong><br \/>\nDise\u00f1ado con una clasificaci\u00f3n IP67 a prueba de todo: impermeable, a prueba de suciedad, a prueba de nieve, \u00a1e incluso flota!<\/li>\n<li><strong>Duraci\u00f3n de la bater\u00eda<\/strong><br \/>\nCargado con hasta 30 horas de duraci\u00f3n de la bater\u00eda.<\/li>\n<li><strong>Luces led<\/strong><br \/>\nElectrifica tu sonido con 5 modos de luz diferentes. \u00a1Golpea, enciende y baila con tu m\u00fasica!<\/li>\n<li><strong>Carga inal\u00e1mbrica Qi<\/strong><br \/>\nCargue su dispositivo Bluetooth habilitado para Qi encima de su LifeJacket Jolt. \u00a1Suelta y carga!<\/li>\n<li><strong>Maridaje de fiesta en casa<\/strong><br \/>\n\u00a1Empareja hasta 50 altavoces compatibles para obtener un sonido amplificado!<\/li>\n<li><strong>Aplicaci\u00f3n controlada<\/strong><br \/>\nLa aplicaci\u00f3n Just Listen de Altec Lansing incluye excelentes funciones nuevas, como control de luz y color, emparejamiento TWS y conectividad autom\u00e1tica de dispositivos. \u00a1Controle su experiencia auditiva a trav\u00e9s de su tel\u00e9fono inteligente!<\/li>\n<\/ul>\n<\/div>\n","protected":false},"excerpt":{"rendered":"<p>\u00a1El Altec Lansing LifeJacket Jolt le brinda un sonido que puede ver!\u00a0Con hasta 30 horas de duraci\u00f3n de la bater\u00eda, nunca tendr\u00e1 que temer quedarse sin energ\u00eda.\u00a0\u00bfNecesita un impulso adicional<\/p>\n","protected":false},"featured_media":87614,"comment_status":"open","ping_status":"closed","template":"","meta":{"_acf_changed":false,"_joinchat":[]},"product_brand":[],"product_cat":[294,295,298],"product_tag":[],"class_list":{"0":"post-87612","1":"product","2":"type-product","3":"status-publish","4":"has-post-thumbnail","6":"product_cat-audio","7":"product_cat-bocinas","8":"product_cat-bocinas-portatiles","10":"first","11":"instock","12":"sale","13":"shipping-taxable","14":"purchasable","15":"product-type-simple"},"acf":[],"_links":{"self":[{"href":"https:\/\/defabrica.com.mx\/defabrica\/wp-json\/wp\/v2\/product\/87612","targetHints":{"allow":["GET"]}}],"collection":[{"href":"https:\/\/defabrica.com.mx\/defabrica\/wp-json\/wp\/v2\/product"}],"about":[{"href":"https:\/\/defabrica.com.mx\/defabrica\/wp-json\/wp\/v2\/types\/product"}],"replies":[{"embeddable":true,"href":"https:\/\/defabrica.com.mx\/defabrica\/wp-json\/wp\/v2\/comments?post=87612"}],"wp:featuredmedia":[{"embeddable":true,"href":"https:\/\/defabrica.com.mx\/defabrica\/wp-json\/wp\/v2\/media\/87614"}],"wp:attachment":[{"href":"https:\/\/defabrica.com.mx\/defabrica\/wp-json\/wp\/v2\/media?parent=87612"}],"wp:term":[{"taxonomy":"product_brand","embeddable":true,"href":"https:\/\/defabrica.com.mx\/defabrica\/wp-json\/wp\/v2\/product_brand?post=87612"},{"taxonomy":"product_cat","embeddable":true,"href":"https:\/\/defabrica.com.mx\/defabrica\/wp-json\/wp\/v2\/product_cat?post=87612"},{"taxonomy":"product_tag","embeddable":true,"href":"https:\/\/defabrica.com.mx\/defabrica\/wp-json\/wp\/v2\/product_tag?post=87612"}],"curies":[{"name":"wp","href":"https:\/\/api.w.org\/{rel}","templated":true}]}}