{"id":87593,"date":"2022-07-06T17:05:17","date_gmt":"2022-07-06T22:05:17","guid":{"rendered":"https:\/\/defabrica.com.mx\/defabrica\/?post_type=product&#038;p=87593"},"modified":"2022-07-06T17:05:17","modified_gmt":"2022-07-06T22:05:17","slug":"suunto-reloj-de-seguimiento-de-5-deportes-con-gps-y-frecuencia-cardiaca-todo-negro","status":"publish","type":"product","link":"https:\/\/defabrica.com.mx\/defabrica\/producto\/suunto-reloj-de-seguimiento-de-5-deportes-con-gps-y-frecuencia-cardiaca-todo-negro\/","title":{"rendered":"SUUNTO &#8211; Reloj de seguimiento de 5 deportes con GPS y frecuencia card\u00edaca &#8211; Todo negro"},"content":{"rendered":"<p><span class=\"\">Suunto 5 ofrece una bater\u00eda de larga duraci\u00f3n en un reloj GPS compacto, repleto de m\u00faltiples funciones deportivas que te facilitan el seguimiento de todos tus entrenamientos y tu progreso.\u00a0<\/span><span>El reloj tambi\u00e9n realiza un seguimiento de su actividad las 24 horas del d\u00eda, los 7 d\u00edas de la semana, incluido el estr\u00e9s y el sue\u00f1o, para que pueda asegurarse de que est\u00e1 recuperado y listo para su pr\u00f3xima actividad deportiva.\u00a0<\/span><span>Este compa\u00f1ero duradero ha sido construido y probado en las condiciones n\u00f3rdicas m\u00e1s duras.\u00a0<\/span><span>Un paso, un golpe, una revoluci\u00f3n, \u00a1repite!\u00a0<\/span><span class=\"goog-text-highlight\">El mundo que te rodea desaparece.<\/span><\/p>\n<h3 class=\"heading-5 v-fw-regular feature-heading\"><strong>Caracter\u00edsticas<\/strong><\/h3>\n<ul>\n<li><strong>Bater\u00eda de larga duraci\u00f3n<\/strong><br \/>\nCon modos de bater\u00eda inteligentes y bater\u00eda de larga duraci\u00f3n de hasta 40 horas, no tienes que preocuparte de que se quede sin energ\u00eda, incluso en sesiones de entrenamiento o caminatas m\u00e1s largas.<\/li>\n<li><strong>Informaci\u00f3n sobre tu progreso<\/strong><br \/>\nSuunto 5 realiza un seguimiento de su nivel de condici\u00f3n f\u00edsica y adapta su gu\u00eda de entrenamiento personalizada en funci\u00f3n de su progreso y objetivos. Le dice que se recupere si se esfuerza demasiado y lo motiva a hacer ejercicio cuando sea necesario.<\/li>\n<li><strong>Seguimiento de su actividad diaria<\/strong><br \/>\nSuunto 5 tambi\u00e9n har\u00e1 un seguimiento de su actividad diaria, niveles de estr\u00e9s y calidad del sue\u00f1o. Este reloj lo mantiene actualizado sobre qu\u00e9 tan estresado ha estado durante el d\u00eda para que pueda asegurarse de no entrenar en exceso.<\/li>\n<li><strong>Red de socios de Suunto<\/strong><br \/>\nSuunto 5 tambi\u00e9n har\u00e1 un seguimiento de su actividad diaria, niveles de estr\u00e9s y calidad del sue\u00f1o. Este reloj lo mantiene actualizado sobre qu\u00e9 tan estresado ha estado durante el d\u00eda para que pueda asegurarse de no entrenar en exceso.<\/li>\n<li><strong>RUTAS SOBRE LA MARCHA<\/strong><br \/>\nLos mapas de calor en la aplicaci\u00f3n Suunto muestran las rutas utilizadas con frecuencia por la comunidad Suunto en todo el mundo, lo que facilita descubrir nuevos lugares. \u00a1Planifica tu ruta con la ayuda de mapas topogr\u00e1ficos, sincroniza con tu reloj compatible y listo!<\/li>\n<\/ul>\n","protected":false},"excerpt":{"rendered":"<p>Suunto 5 ofrece una bater\u00eda de larga duraci\u00f3n en un reloj GPS compacto, repleto de m\u00faltiples funciones deportivas que te facilitan el seguimiento de todos tus entrenamientos y tu progreso.\u00a0El<\/p>\n","protected":false},"featured_media":87600,"comment_status":"open","ping_status":"closed","template":"","meta":{"_acf_changed":false,"_joinchat":[]},"product_brand":[],"product_cat":[305,310],"product_tag":[],"class_list":{"0":"post-87593","1":"product","2":"type-product","3":"status-publish","4":"has-post-thumbnail","6":"product_cat-wearables","7":"product_cat-monitores-de-ejercicio","9":"first","10":"instock","11":"sale","12":"shipping-taxable","13":"purchasable","14":"product-type-simple"},"acf":[],"_links":{"self":[{"href":"https:\/\/defabrica.com.mx\/defabrica\/wp-json\/wp\/v2\/product\/87593","targetHints":{"allow":["GET"]}}],"collection":[{"href":"https:\/\/defabrica.com.mx\/defabrica\/wp-json\/wp\/v2\/product"}],"about":[{"href":"https:\/\/defabrica.com.mx\/defabrica\/wp-json\/wp\/v2\/types\/product"}],"replies":[{"embeddable":true,"href":"https:\/\/defabrica.com.mx\/defabrica\/wp-json\/wp\/v2\/comments?post=87593"}],"wp:featuredmedia":[{"embeddable":true,"href":"https:\/\/defabrica.com.mx\/defabrica\/wp-json\/wp\/v2\/media\/87600"}],"wp:attachment":[{"href":"https:\/\/defabrica.com.mx\/defabrica\/wp-json\/wp\/v2\/media?parent=87593"}],"wp:term":[{"taxonomy":"product_brand","embeddable":true,"href":"https:\/\/defabrica.com.mx\/defabrica\/wp-json\/wp\/v2\/product_brand?post=87593"},{"taxonomy":"product_cat","embeddable":true,"href":"https:\/\/defabrica.com.mx\/defabrica\/wp-json\/wp\/v2\/product_cat?post=87593"},{"taxonomy":"product_tag","embeddable":true,"href":"https:\/\/defabrica.com.mx\/defabrica\/wp-json\/wp\/v2\/product_tag?post=87593"}],"curies":[{"name":"wp","href":"https:\/\/api.w.org\/{rel}","templated":true}]}}