{"id":87535,"date":"2022-07-06T16:38:23","date_gmt":"2022-07-06T21:38:23","guid":{"rendered":"https:\/\/defabrica.com.mx\/defabrica\/?post_type=product&#038;p=87535"},"modified":"2022-07-18T14:17:31","modified_gmt":"2022-07-18T19:17:31","slug":"befree-sound-altavoz-pa-de-8-400w-de-2-vias-negro","status":"publish","type":"product","link":"https:\/\/defabrica.com.mx\/defabrica\/producto\/befree-sound-altavoz-pa-de-8-400w-de-2-vias-negro\/","title":{"rendered":"beFree Sound &#8211; Altavoz PA de 8&#8243; 400W de 2 v\u00edas &#8211; Negro"},"content":{"rendered":"<div class=\"embedded-component-container lv product-description\">\n<div>\n<div id=\"shop-product-description-51349060\" class=\"_none\" data-version=\"1.3.45\">\n<div class=\"shop-product-description\">\n<section class=\"align-heading-left\" data-reactroot=\"\">\n<div class=\"long-description-container body-copy \">\n<div class=\"html-fragment\"><span>El altavoz PA port\u00e1til con Bluetooth de 8 pulgadas beFree Sounds es una impresionante pieza de tecnolog\u00eda de audio.\u00a0Esta unidad ofrece un aspecto limpio y moderno.\u00a0Con el sonido potente y claro que ofrece este altavoz, puede confiar en \u00e9l como su compa\u00f1ero para cualquier evento de oratoria, evento social o reuni\u00f3n.\u00a0Como se trata de un altavoz de 2 v\u00edas, se puede utilizar con otros altavoces como unidad principal o pasiva una vez que lo conecte con un cable AV simple.<\/span><\/div>\n<\/div>\n<\/section>\n<\/div>\n<\/div>\n<\/div>\n<\/div>\n<div class=\"embedded-component-container lv product-features\">\n<h3><\/h3>\n<h3 class=\"heading-5 v-fw-regular feature-heading\"><strong>Caracter\u00edsticas<\/strong><\/h3>\n<ul>\n<li><strong>Manejo de potencia m\u00e1xima de 400W<\/strong><br \/>\nAyuda a garantizar un sonido rico y din\u00e1mico.<\/li>\n<li><strong>altavoz de graves de 8&#8243;<\/strong><br \/>\nOfrece un audio n\u00edtido.<\/li>\n<li><strong>Radio FM<\/strong><br \/>\nEste sistema de altavoces PA cuenta con una radio integrada que le permite variar el entorno de la fiesta.<\/li>\n<li><strong>sistema de altavoces de 2 v\u00edas<\/strong><br \/>\nSuena como 1 fuente en lugar de varias fuentes separadas.<\/li>\n<li><strong>Lectores de tarjetas USB y SD<\/strong><br \/>\nEste sistema de altavoces PA cuenta con reproducci\u00f3n de m\u00fasica desde tarjetas de memoria y unidades USB.<\/li>\n<li><strong>Control remoto<\/strong><br \/>\nFuncionalidad de gesti\u00f3n completa de este sistema de altavoces PA con este mando a distancia.<\/li>\n<li><strong>Ruedas incorporadas y asa telesc\u00f3pica<\/strong><br \/>\nPara un f\u00e1cil transporte.<\/li>\n<li><strong>Bluetooth incorporado<\/strong><br \/>\nOfrece f\u00e1cil conectividad a su dispositivo compatible.<\/li>\n<\/ul>\n<\/div>\n","protected":false},"excerpt":{"rendered":"<p>El altavoz PA port\u00e1til con Bluetooth de 8 pulgadas beFree Sounds es una impresionante pieza de tecnolog\u00eda de audio.\u00a0Esta unidad ofrece un aspecto limpio y moderno.\u00a0Con el sonido potente y<\/p>\n","protected":false},"featured_media":87544,"comment_status":"open","ping_status":"closed","template":"","meta":{"_acf_changed":false,"_joinchat":[]},"product_brand":[],"product_cat":[1517,294,295,299],"product_tag":[],"class_list":{"0":"post-87535","1":"product","2":"type-product","3":"status-publish","4":"has-post-thumbnail","6":"product_cat-ofertas-audio","7":"product_cat-audio","8":"product_cat-bocinas","9":"product_cat-ver-todas-las-bocinas","11":"first","12":"instock","13":"sale","14":"shipping-taxable","15":"purchasable","16":"product-type-simple"},"acf":[],"_links":{"self":[{"href":"https:\/\/defabrica.com.mx\/defabrica\/wp-json\/wp\/v2\/product\/87535","targetHints":{"allow":["GET"]}}],"collection":[{"href":"https:\/\/defabrica.com.mx\/defabrica\/wp-json\/wp\/v2\/product"}],"about":[{"href":"https:\/\/defabrica.com.mx\/defabrica\/wp-json\/wp\/v2\/types\/product"}],"replies":[{"embeddable":true,"href":"https:\/\/defabrica.com.mx\/defabrica\/wp-json\/wp\/v2\/comments?post=87535"}],"wp:featuredmedia":[{"embeddable":true,"href":"https:\/\/defabrica.com.mx\/defabrica\/wp-json\/wp\/v2\/media\/87544"}],"wp:attachment":[{"href":"https:\/\/defabrica.com.mx\/defabrica\/wp-json\/wp\/v2\/media?parent=87535"}],"wp:term":[{"taxonomy":"product_brand","embeddable":true,"href":"https:\/\/defabrica.com.mx\/defabrica\/wp-json\/wp\/v2\/product_brand?post=87535"},{"taxonomy":"product_cat","embeddable":true,"href":"https:\/\/defabrica.com.mx\/defabrica\/wp-json\/wp\/v2\/product_cat?post=87535"},{"taxonomy":"product_tag","embeddable":true,"href":"https:\/\/defabrica.com.mx\/defabrica\/wp-json\/wp\/v2\/product_tag?post=87535"}],"curies":[{"name":"wp","href":"https:\/\/api.w.org\/{rel}","templated":true}]}}