{"id":87531,"date":"2022-07-06T16:34:29","date_gmt":"2022-07-06T21:34:29","guid":{"rendered":"https:\/\/defabrica.com.mx\/defabrica\/?post_type=product&#038;p=87531"},"modified":"2022-07-18T14:17:32","modified_gmt":"2022-07-18T19:17:32","slug":"befree-sound-sistema-de-altavoces-inalambricos-autoamplificados-par-negro","status":"publish","type":"product","link":"https:\/\/defabrica.com.mx\/defabrica\/producto\/befree-sound-sistema-de-altavoces-inalambricos-autoamplificados-par-negro\/","title":{"rendered":"beFree Sound &#8211; Sistema de altavoces inal\u00e1mbricos autoamplificados (par) &#8211; Negro"},"content":{"rendered":"<p>Deleite los sentidos con este sistema de altavoces de agua danzante beFree Sound de 2.1 canales.\u00a0Sus luces reactivas y chorros de agua agregan efectos visuales a su m\u00fasica, y su conectividad Bluetooth brinda sincronizaci\u00f3n inal\u00e1mbrica con fuentes de audio compatibles.\u00a0Este sistema de altavoces de agua danzante beFree Sound incluye una unidad de subwoofer de 8,5 x 12,5 pulgadas para una salida de graves mejorada.<\/p>\n<h3><\/h3>\n<h3 class=\"heading-5 v-fw-regular feature-heading\"><strong>Caracter\u00edsticas<\/strong><\/h3>\n<ul>\n<li><strong>Las luces reactivas y las corrientes de agua danzantes<\/strong><br \/>\nEs el compa\u00f1ero ideal para el descanso y la relajaci\u00f3n.<\/li>\n<li><strong>Bluetooth incorporado<\/strong><br \/>\nOfrece f\u00e1cil conectividad a su dispositivo compatible.<\/li>\n<li><strong>Botones de reproducci\u00f3n\/pausa y control de volumen<\/strong><br \/>\nSimplifique la operaci\u00f3n.<\/li>\n<\/ul>\n","protected":false},"excerpt":{"rendered":"<p>Deleite los sentidos con este sistema de altavoces de agua danzante beFree Sound de 2.1 canales.\u00a0Sus luces reactivas y chorros de agua agregan efectos visuales a su m\u00fasica, y su<\/p>\n","protected":false},"featured_media":87534,"comment_status":"open","ping_status":"closed","template":"","meta":{"_acf_changed":false,"_joinchat":[]},"product_brand":[],"product_cat":[1517,294,295,299],"product_tag":[],"class_list":{"0":"post-87531","1":"product","2":"type-product","3":"status-publish","4":"has-post-thumbnail","6":"product_cat-ofertas-audio","7":"product_cat-audio","8":"product_cat-bocinas","9":"product_cat-ver-todas-las-bocinas","11":"first","12":"instock","13":"sale","14":"shipping-taxable","15":"purchasable","16":"product-type-simple"},"acf":[],"_links":{"self":[{"href":"https:\/\/defabrica.com.mx\/defabrica\/wp-json\/wp\/v2\/product\/87531","targetHints":{"allow":["GET"]}}],"collection":[{"href":"https:\/\/defabrica.com.mx\/defabrica\/wp-json\/wp\/v2\/product"}],"about":[{"href":"https:\/\/defabrica.com.mx\/defabrica\/wp-json\/wp\/v2\/types\/product"}],"replies":[{"embeddable":true,"href":"https:\/\/defabrica.com.mx\/defabrica\/wp-json\/wp\/v2\/comments?post=87531"}],"wp:featuredmedia":[{"embeddable":true,"href":"https:\/\/defabrica.com.mx\/defabrica\/wp-json\/wp\/v2\/media\/87534"}],"wp:attachment":[{"href":"https:\/\/defabrica.com.mx\/defabrica\/wp-json\/wp\/v2\/media?parent=87531"}],"wp:term":[{"taxonomy":"product_brand","embeddable":true,"href":"https:\/\/defabrica.com.mx\/defabrica\/wp-json\/wp\/v2\/product_brand?post=87531"},{"taxonomy":"product_cat","embeddable":true,"href":"https:\/\/defabrica.com.mx\/defabrica\/wp-json\/wp\/v2\/product_cat?post=87531"},{"taxonomy":"product_tag","embeddable":true,"href":"https:\/\/defabrica.com.mx\/defabrica\/wp-json\/wp\/v2\/product_tag?post=87531"}],"curies":[{"name":"wp","href":"https:\/\/api.w.org\/{rel}","templated":true}]}}