{"id":87525,"date":"2022-07-06T16:36:51","date_gmt":"2022-07-06T21:36:51","guid":{"rendered":"https:\/\/defabrica.com.mx\/defabrica\/?post_type=product&#038;p=87525"},"modified":"2022-07-06T16:36:51","modified_gmt":"2022-07-06T21:36:51","slug":"suunto-9-baro-titanium-outdoor-sports-adventure-tracking-reloj-conectado-con-gps-y-frecuencia-cardiaca-azul-titanio","status":"publish","type":"product","link":"https:\/\/defabrica.com.mx\/defabrica\/producto\/suunto-9-baro-titanium-outdoor-sports-adventure-tracking-reloj-conectado-con-gps-y-frecuencia-cardiaca-azul-titanio\/","title":{"rendered":"SUUNTO &#8211; 9 Baro Titanium Outdoor\/Sports Adventure Tracking Reloj conectado con GPS y frecuencia card\u00edaca &#8211; Azul titanio"},"content":{"rendered":"<p><span class=\"\">Reloj GPS de ultra resistencia con bater\u00eda y bar\u00f3metro excepcionales.\u00a0<\/span><span>Tres modos de bater\u00eda predefinidos (Rendimiento, Resistencia y Ultra) brindan desde 25 horas hasta 120 horas de tiempo de grabaci\u00f3n con seguimiento GPS activado.\u00a0<\/span><span class=\"\">Suunto 9 utiliza recordatorios inteligentes basados \u200b\u200ben tu historial de actividad para asegurarte de que est\u00e9s completamente cargado para tu pr\u00f3xima salida.\u00a0<\/span><span>Si el reloj nota que se est\u00e1 quedando sin bater\u00eda durante un ejercicio, sugerir\u00e1 autom\u00e1ticamente cambiar a un modo de bater\u00eda diferente.<\/span><\/p>\n<h3 class=\"heading-5 v-fw-regular feature-heading\"><strong>Caracter\u00edsticas<\/strong><\/h3>\n<ul>\n<li><strong>Mide la frecuencia card\u00edaca y las calor\u00edas quemadas<\/strong><br \/>\nPara ayudarlo a monitorear m\u00faltiples actividades f\u00edsicas, como andar en bicicleta, correr y nadar.<\/li>\n<li><strong>Lleve un registro de los niveles de actividad diarios<\/strong><br \/>\nMide la distancia recorrida, la velocidad, las calor\u00edas quemadas, la actividad del sue\u00f1o, los pasos dados y el ritmo.<\/li>\n<li><strong>Brinda informaci\u00f3n de ubicaci\u00f3n precisa y confiable<\/strong><br \/>\nReceptor GPS de alta sensibilidad.<\/li>\n<li><strong>banda de nailon<\/strong><br \/>\nSe adapta c\u00f3modamente a la mayor\u00eda de las mu\u00f1ecas.<\/li>\n<li><strong>Dise\u00f1o resistente al agua<\/strong><br \/>\nLe permite usar el reloj GPS mientras nada.<\/li>\n<li><strong>Navegaci\u00f3n paso a paso<\/strong><br \/>\nNunca tome un giro equivocado de nuevo. Planifica tu ruta en la aplicaci\u00f3n m\u00f3vil o de escritorio de komoot y sincron\u00edzala con tu Suunto 9 para comenzar. Cuando se acerque un giro, recibir\u00e1s una alerta para que puedas disfrutar del paisaje en lugar de concentrarte en tu reloj.<\/li>\n<li><strong>Creaci\u00f3n y navegaci\u00f3n de puntos de inter\u00e9s<\/strong><br \/>\nUn punto de inter\u00e9s (POI) es una ubicaci\u00f3n importante que puede guardar y navegar m\u00e1s tarde. Crea puntos de inter\u00e9s guardando tu ubicaci\u00f3n actual o a\u00f1\u00e1delos en la aplicaci\u00f3n Suunto y sincron\u00edzalos con tu reloj.<\/li>\n<li><strong>Modo de bater\u00eda de viaje<\/strong><br \/>\nAhora puedes disfrutar de aventuras a\u00fan m\u00e1s largas con el nuevo modo de bater\u00eda &#8216;Tour&#8217; que te brinda hasta 7 d\u00edas de seguimiento GPS continuo.<\/li>\n<li><strong>Nunca te preocupes por quedarte sin bater\u00eda<\/strong><br \/>\nCuatro modos de bater\u00eda predefinidos , brindan desde 25 hasta 170 horas de tiempo de grabaci\u00f3n con el seguimiento GPS activado. Cuando comience una grabaci\u00f3n, obtendr\u00e1 una estimaci\u00f3n de cu\u00e1nta bater\u00eda le queda con el modo actual.<\/li>\n<li><strong>Probado Duro<\/strong><br \/>\nSuunto 9 Baro est\u00e1 dise\u00f1ado y construido para satisfacer las necesidades de los atletas y aventureros m\u00e1s exigentes. Como todos los relojes Suunto, ha sido probado minuciosamente por el equipo de pruebas interno de Suunto y por atletas de todo el mundo, con miles de horas de uso real en las condiciones m\u00e1s duras.<\/li>\n<li><strong>Obtenga los beneficios de la red de socios de Suunto<\/strong><br \/>\nConecta tu Suunto 9 con tus aplicaciones favoritas para analizar tus actividades, encontrar instrucciones de entrenamiento o crear videos en 3D de tus aventuras y compartirlas con tus comunidades.<\/li>\n<\/ul>\n","protected":false},"excerpt":{"rendered":"<p>Reloj GPS de ultra resistencia con bater\u00eda y bar\u00f3metro excepcionales.\u00a0Tres modos de bater\u00eda predefinidos (Rendimiento, Resistencia y Ultra) brindan desde 25 horas hasta 120 horas de tiempo de grabaci\u00f3n con<\/p>\n","protected":false},"featured_media":87536,"comment_status":"open","ping_status":"closed","template":"","meta":{"_acf_changed":false,"_joinchat":[]},"product_brand":[],"product_cat":[305,310],"product_tag":[],"class_list":{"0":"post-87525","1":"product","2":"type-product","3":"status-publish","4":"has-post-thumbnail","6":"product_cat-wearables","7":"product_cat-monitores-de-ejercicio","9":"first","10":"instock","11":"sale","12":"shipping-taxable","13":"purchasable","14":"product-type-simple"},"acf":[],"_links":{"self":[{"href":"https:\/\/defabrica.com.mx\/defabrica\/wp-json\/wp\/v2\/product\/87525","targetHints":{"allow":["GET"]}}],"collection":[{"href":"https:\/\/defabrica.com.mx\/defabrica\/wp-json\/wp\/v2\/product"}],"about":[{"href":"https:\/\/defabrica.com.mx\/defabrica\/wp-json\/wp\/v2\/types\/product"}],"replies":[{"embeddable":true,"href":"https:\/\/defabrica.com.mx\/defabrica\/wp-json\/wp\/v2\/comments?post=87525"}],"wp:featuredmedia":[{"embeddable":true,"href":"https:\/\/defabrica.com.mx\/defabrica\/wp-json\/wp\/v2\/media\/87536"}],"wp:attachment":[{"href":"https:\/\/defabrica.com.mx\/defabrica\/wp-json\/wp\/v2\/media?parent=87525"}],"wp:term":[{"taxonomy":"product_brand","embeddable":true,"href":"https:\/\/defabrica.com.mx\/defabrica\/wp-json\/wp\/v2\/product_brand?post=87525"},{"taxonomy":"product_cat","embeddable":true,"href":"https:\/\/defabrica.com.mx\/defabrica\/wp-json\/wp\/v2\/product_cat?post=87525"},{"taxonomy":"product_tag","embeddable":true,"href":"https:\/\/defabrica.com.mx\/defabrica\/wp-json\/wp\/v2\/product_tag?post=87525"}],"curies":[{"name":"wp","href":"https:\/\/api.w.org\/{rel}","templated":true}]}}