{"id":87464,"date":"2022-07-06T15:58:07","date_gmt":"2022-07-06T20:58:07","guid":{"rendered":"https:\/\/defabrica.com.mx\/defabrica\/?post_type=product&#038;p=87464"},"modified":"2022-07-06T18:37:48","modified_gmt":"2022-07-06T23:37:48","slug":"timex-ironman-r300-reloj-deportivo-gps-pulsometro-gris-claro","status":"publish","type":"product","link":"https:\/\/defabrica.com.mx\/defabrica\/producto\/timex-ironman-r300-reloj-deportivo-gps-pulsometro-gris-claro\/","title":{"rendered":"Timex &#8211; IRONMAN R300 Reloj deportivo GPS + Puls\u00f3metro &#8211; Gris claro"},"content":{"rendered":"<p>Reciba notificaciones sobre mensajes de texto, llamadas y redes sociales c\u00f3modamente en su mu\u00f1eca con este reloj inteligente Timex IRONMAN.\u00a0El rastreador de actividad las 24 horas, los 7 d\u00edas de la semana, monitorea el sue\u00f1o, las calor\u00edas y el ejercicio para que pueda mantenerse al d\u00eda con sus objetivos de salud y estado f\u00edsico, mientras que la correa de silicona ajustable de 24 mm brinda comodidad y durabilidad.\u00a0Este reloj inteligente Timex IRONMAN brinda hasta 25 d\u00edas de duraci\u00f3n de la bater\u00eda para un uso confiable.<\/p>\n<h3 class=\"heading-5 v-fw-regular feature-heading\"><strong>Caracter\u00edsticas<\/strong><\/h3>\n<ul>\n<li><strong>Duraci\u00f3n extendida de la bater\u00eda<\/strong><br \/>\nObtenga hasta 25 d\u00edas de uso regular entre cargas y hasta 20 horas de uso continuo del GPS. Corre m\u00faltiples maratones con una sola carga.<\/li>\n<li><strong>Frecuencia card\u00edaca continua en la mu\u00f1eca<\/strong><br \/>\nMonitoreo \u00f3ptico constante de la frecuencia card\u00edaca para brindar informaci\u00f3n sobre la salud cardiovascular, m\u00e9tricas de entrenamiento m\u00e1s profundas e incluso datos sobre la calidad del sue\u00f1o.<\/li>\n<li><strong>Seguimiento de actividad 24\/7<\/strong><br \/>\nPasos, distancia, calor\u00edas, sue\u00f1o y ritmo al correr en cinta; recordatorio sedentario; y 3 alarmas.<\/li>\n<li><strong>Pantalla legible a la luz del sol siempre encendida<\/strong><br \/>\nNuestra pantalla reflectante de luz solar utiliza la luz disponible para iluminar la pantalla y ahorrar bater\u00eda.<\/li>\n<li><strong>M\u00faltiples modos de entrenamiento<\/strong><br \/>\nCarrera al aire libre, cinta de correr, ciclismo, ciclismo de interior, caminar, entrenamiento en el gimnasio.<\/li>\n<li><strong>banda de silicona de 24 mm<\/strong><br \/>\nLa banda ajustable se estira para brindar comodidad mientras corre, anda en bicicleta o levanta pesas en el gimnasio para adaptarse a su estilo de vida activo.<\/li>\n<li><strong>Se sincroniza para seleccionar dispositivos Apple\u00ae y Android<\/strong><br \/>\nComo iPhone\u00ae, iPad\u00ae, iPod\u00ae touch y tel\u00e9fonos m\u00f3viles y tabletas con Android para una comunicaci\u00f3n inal\u00e1mbrica sencilla.<\/li>\n<li><strong>*La distancia\/velocidad\/ritmo solo se puede compartir en dispositivos 3G o 4G.<\/strong><\/li>\n<\/ul>\n","protected":false},"excerpt":{"rendered":"<p>Reciba notificaciones sobre mensajes de texto, llamadas y redes sociales c\u00f3modamente en su mu\u00f1eca con este reloj inteligente Timex IRONMAN.\u00a0El rastreador de actividad las 24 horas, los 7 d\u00edas de<\/p>\n","protected":false},"featured_media":87474,"comment_status":"open","ping_status":"closed","template":"","meta":{"_acf_changed":false,"_joinchat":[]},"product_brand":[],"product_cat":[305,310],"product_tag":[],"class_list":{"0":"post-87464","1":"product","2":"type-product","3":"status-publish","4":"has-post-thumbnail","6":"product_cat-wearables","7":"product_cat-monitores-de-ejercicio","9":"first","10":"instock","11":"sale","12":"shipping-taxable","13":"purchasable","14":"product-type-simple"},"acf":[],"_links":{"self":[{"href":"https:\/\/defabrica.com.mx\/defabrica\/wp-json\/wp\/v2\/product\/87464","targetHints":{"allow":["GET"]}}],"collection":[{"href":"https:\/\/defabrica.com.mx\/defabrica\/wp-json\/wp\/v2\/product"}],"about":[{"href":"https:\/\/defabrica.com.mx\/defabrica\/wp-json\/wp\/v2\/types\/product"}],"replies":[{"embeddable":true,"href":"https:\/\/defabrica.com.mx\/defabrica\/wp-json\/wp\/v2\/comments?post=87464"}],"wp:featuredmedia":[{"embeddable":true,"href":"https:\/\/defabrica.com.mx\/defabrica\/wp-json\/wp\/v2\/media\/87474"}],"wp:attachment":[{"href":"https:\/\/defabrica.com.mx\/defabrica\/wp-json\/wp\/v2\/media?parent=87464"}],"wp:term":[{"taxonomy":"product_brand","embeddable":true,"href":"https:\/\/defabrica.com.mx\/defabrica\/wp-json\/wp\/v2\/product_brand?post=87464"},{"taxonomy":"product_cat","embeddable":true,"href":"https:\/\/defabrica.com.mx\/defabrica\/wp-json\/wp\/v2\/product_cat?post=87464"},{"taxonomy":"product_tag","embeddable":true,"href":"https:\/\/defabrica.com.mx\/defabrica\/wp-json\/wp\/v2\/product_tag?post=87464"}],"curies":[{"name":"wp","href":"https:\/\/api.w.org\/{rel}","templated":true}]}}