{"id":87407,"date":"2022-07-06T15:39:16","date_gmt":"2022-07-06T20:39:16","guid":{"rendered":"https:\/\/defabrica.com.mx\/defabrica\/?post_type=product&#038;p=87407"},"modified":"2022-07-06T18:44:02","modified_gmt":"2022-07-06T23:44:02","slug":"timex-reloj-inteligente-42-mm-aleacion-de-aluminio-marron","status":"publish","type":"product","link":"https:\/\/defabrica.com.mx\/defabrica\/producto\/timex-reloj-inteligente-42-mm-aleacion-de-aluminio-marron\/","title":{"rendered":"Timex &#8211; Reloj inteligente 42 mm Aleaci\u00f3n de aluminio &#8211; Marr\u00f3n"},"content":{"rendered":"<p>Metropolitan R tiene toda la funcionalidad que necesita, incluida una bater\u00eda de larga duraci\u00f3n.\u00a0Este elegante dise\u00f1o cuenta con una impresionante pantalla AMOLED que puedes personalizar con muchos dise\u00f1os de esfera.\u00a0Adem\u00e1s, seguimiento de la actividad y el sue\u00f1o las 24 horas del d\u00eda, los 7 d\u00edas de la semana para tus objetivos de salud y fitness, GPS integrado, sensor \u00f3ptico de frecuencia card\u00edaca, notificaciones y mucho m\u00e1s.\u00a0Este es el reloj inteligente perfecto para adaptarse a su ajetreado estilo de vida.<\/p>\n<h3 class=\"heading-5 v-fw-regular feature-heading\"><strong>Caracter\u00edsticas<\/strong><\/h3>\n<ul>\n<li><strong>Compatible con determinados modelos de iPhone\u00ae y tel\u00e9fonos Android<\/strong><br \/>\nPara que pueda mantenerse conectado mientras su tel\u00e9fono permanece fuera de la vista. iOS 10 y superior y Android 6.0 y superior.<\/li>\n<li><strong>Notificaciones por SMS, correo electr\u00f3nico y aplicaciones sociales<\/strong><br \/>\nMantenerlo actualizado sobre los acontecimientos del d\u00eda a d\u00eda.<\/li>\n<li><strong>Navegaci\u00f3n simple e im\u00e1genes claras<\/strong><br \/>\nPantalla t\u00e1ctil AMOLED de 1,65&#8243; con resoluci\u00f3n de 348 x 422.<\/li>\n<li><strong>Caja de aleaci\u00f3n de aluminio<\/strong><br \/>\nJunto con una correa de reloj de cuero\/silicona de 20 mm, garantiza durabilidad y una apariencia elegante.<\/li>\n<li><strong>Conexi\u00f3n inal\u00e1mbrica a su dispositivo<\/strong><br \/>\nLa tecnolog\u00eda Bluetooth 5.0 proporciona una conexi\u00f3n inal\u00e1mbrica confiable.<\/li>\n<li><strong>pod\u00f3metro incorporado<\/strong><br \/>\nRealiza un seguimiento de las distancias de caminata y carrera para ayudarlo a mantenerse en forma.<\/li>\n<\/ul>\n<p>&nbsp;<\/p>\n","protected":false},"excerpt":{"rendered":"<p>Metropolitan R tiene toda la funcionalidad que necesita, incluida una bater\u00eda de larga duraci\u00f3n.\u00a0Este elegante dise\u00f1o cuenta con una impresionante pantalla AMOLED que puedes personalizar con muchos dise\u00f1os de esfera.\u00a0Adem\u00e1s,<\/p>\n","protected":false},"featured_media":87418,"comment_status":"open","ping_status":"closed","template":"","meta":{"_acf_changed":false,"_joinchat":[]},"product_brand":[],"product_cat":[305,311],"product_tag":[],"class_list":{"0":"post-87407","1":"product","2":"type-product","3":"status-publish","4":"has-post-thumbnail","6":"product_cat-wearables","7":"product_cat-android-smartwatches","9":"first","10":"instock","11":"sale","12":"shipping-taxable","13":"purchasable","14":"product-type-simple"},"acf":[],"_links":{"self":[{"href":"https:\/\/defabrica.com.mx\/defabrica\/wp-json\/wp\/v2\/product\/87407","targetHints":{"allow":["GET"]}}],"collection":[{"href":"https:\/\/defabrica.com.mx\/defabrica\/wp-json\/wp\/v2\/product"}],"about":[{"href":"https:\/\/defabrica.com.mx\/defabrica\/wp-json\/wp\/v2\/types\/product"}],"replies":[{"embeddable":true,"href":"https:\/\/defabrica.com.mx\/defabrica\/wp-json\/wp\/v2\/comments?post=87407"}],"wp:featuredmedia":[{"embeddable":true,"href":"https:\/\/defabrica.com.mx\/defabrica\/wp-json\/wp\/v2\/media\/87418"}],"wp:attachment":[{"href":"https:\/\/defabrica.com.mx\/defabrica\/wp-json\/wp\/v2\/media?parent=87407"}],"wp:term":[{"taxonomy":"product_brand","embeddable":true,"href":"https:\/\/defabrica.com.mx\/defabrica\/wp-json\/wp\/v2\/product_brand?post=87407"},{"taxonomy":"product_cat","embeddable":true,"href":"https:\/\/defabrica.com.mx\/defabrica\/wp-json\/wp\/v2\/product_cat?post=87407"},{"taxonomy":"product_tag","embeddable":true,"href":"https:\/\/defabrica.com.mx\/defabrica\/wp-json\/wp\/v2\/product_tag?post=87407"}],"curies":[{"name":"wp","href":"https:\/\/api.w.org\/{rel}","templated":true}]}}