{"id":87405,"date":"2022-07-06T15:30:57","date_gmt":"2022-07-06T20:30:57","guid":{"rendered":"https:\/\/defabrica.com.mx\/defabrica\/?post_type=product&#038;p=87405"},"modified":"2022-07-18T14:17:38","modified_gmt":"2022-07-18T19:17:38","slug":"ilive-altavoz-inteligente-portatil-platinum-concierge-con-alexa-gris","status":"publish","type":"product","link":"https:\/\/defabrica.com.mx\/defabrica\/producto\/ilive-altavoz-inteligente-portatil-platinum-concierge-con-alexa-gris\/","title":{"rendered":"iLive &#8211; Altavoz inteligente port\u00e1til Platinum Concierge con Alexa &#8211; Gris"},"content":{"rendered":"<div class=\"embedded-component-container lv product-description\">\n<div>\n<div id=\"shop-product-description-66662455\" class=\"_none\" data-version=\"1.3.45\">\n<div class=\"shop-product-description\">\n<section class=\"align-heading-left\" data-reactroot=\"\">\n<div class=\"long-description-container body-copy \">\n<div class=\"html-fragment\">Conf\u00ede en la asistencia de voz inteligente de Amazon Alexa con este altavoz Wi-Fi iLive.\u00a0Su micr\u00f3fono incorporado le permite hacer preguntas y enviar comandos de voz para realizar tareas de tel\u00e9fonos inteligentes, controlar dispositivos dom\u00e9sticos inteligentes y acceder a aplicaciones e Internet.\u00a0Administre la reproducci\u00f3n de m\u00fasica, los dispositivos conectados y las configuraciones de audio multisala a trav\u00e9s de la aplicaci\u00f3n gratuita de este altavoz Wi-Fi iLive.<\/div>\n<\/div>\n<\/section>\n<\/div>\n<\/div>\n<\/div>\n<\/div>\n<div class=\"embedded-component-container lv product-features\">\n<h3><\/h3>\n<h3 class=\"heading-5 v-fw-regular feature-heading\"><strong>Caracter\u00edsticas<\/strong><\/h3>\n<ul>\n<li><strong>Altavoz port\u00e1til compatible con varias habitaciones<\/strong><br \/>\nReproduce m\u00fasica en varias habitaciones a la vez. El Concierge cuenta con audio para todo el hogar (en Wi-Fi) para que pueda emparejar hasta seis altavoces para una experiencia de audio para todo el hogar.<\/li>\n<li><strong>La transmisi\u00f3n inal\u00e1mbrica te permite acceder a toda la m\u00fasica que amas en un solo lugar<\/strong><br \/>\nDisfruta de tu biblioteca de m\u00fasica, estaciones de radio y servicios en l\u00ednea.<\/li>\n<li><strong>Control de voz Amazon Alexa<\/strong><br \/>\nCon un simple comando de voz, Amazon Alexa puede reproducir m\u00fasica o noticias, verificar el clima, controlar su hogar inteligente y m\u00e1s. Simplemente di \u00abAlexa\u00bb y hazle una pregunta o dale un comando y te dar\u00e1 todo tipo de informaci\u00f3n \u00fatil.<\/li>\n<li><strong>Configuraci\u00f3n sencilla<\/strong><br \/>\nColoque su altavoz inal\u00e1mbrico iLive en cualquier habitaci\u00f3n donde desee escuchar m\u00fasica y con\u00e9ctelo a la red Wi-Fi de su hogar. Con solo tocar unos pocos botones, estar\u00e1 listo para disfrutar de la m\u00fasica en varias habitaciones.<\/li>\n<li><strong>Rica tela de tweed con detalles met\u00e1licos<\/strong><br \/>\nLa rica tela de tweed con detalles met\u00e1licos le da a Alexa una apariencia actualizada que encajar\u00e1 en cualquier habitaci\u00f3n de tu hogar y la bater\u00eda port\u00e1til significa que puedes llevarla contigo de una habitaci\u00f3n a otra.<\/li>\n<li><strong>M\u00e1s formas de conectarte con la m\u00fasica que amas<\/strong><br \/>\nCapacidad Bluetooth y Wi-Fi para emparejar dispositivos inal\u00e1mbricos, adem\u00e1s de minientrada est\u00e9reo de 3,5 mm para una amplia compatibilidad.<\/li>\n<\/ul>\n<\/div>\n","protected":false},"excerpt":{"rendered":"<p>Conf\u00ede en la asistencia de voz inteligente de Amazon Alexa con este altavoz Wi-Fi iLive.\u00a0Su micr\u00f3fono incorporado le permite hacer preguntas y enviar comandos de voz para realizar tareas de<\/p>\n","protected":false},"featured_media":87408,"comment_status":"open","ping_status":"closed","template":"","meta":{"_acf_changed":false,"_joinchat":[]},"product_brand":[],"product_cat":[1517,294,295,298],"product_tag":[],"class_list":{"0":"post-87405","1":"product","2":"type-product","3":"status-publish","4":"has-post-thumbnail","6":"product_cat-ofertas-audio","7":"product_cat-audio","8":"product_cat-bocinas","9":"product_cat-bocinas-portatiles","11":"first","12":"instock","13":"sale","14":"shipping-taxable","15":"purchasable","16":"product-type-simple"},"acf":[],"_links":{"self":[{"href":"https:\/\/defabrica.com.mx\/defabrica\/wp-json\/wp\/v2\/product\/87405","targetHints":{"allow":["GET"]}}],"collection":[{"href":"https:\/\/defabrica.com.mx\/defabrica\/wp-json\/wp\/v2\/product"}],"about":[{"href":"https:\/\/defabrica.com.mx\/defabrica\/wp-json\/wp\/v2\/types\/product"}],"replies":[{"embeddable":true,"href":"https:\/\/defabrica.com.mx\/defabrica\/wp-json\/wp\/v2\/comments?post=87405"}],"wp:featuredmedia":[{"embeddable":true,"href":"https:\/\/defabrica.com.mx\/defabrica\/wp-json\/wp\/v2\/media\/87408"}],"wp:attachment":[{"href":"https:\/\/defabrica.com.mx\/defabrica\/wp-json\/wp\/v2\/media?parent=87405"}],"wp:term":[{"taxonomy":"product_brand","embeddable":true,"href":"https:\/\/defabrica.com.mx\/defabrica\/wp-json\/wp\/v2\/product_brand?post=87405"},{"taxonomy":"product_cat","embeddable":true,"href":"https:\/\/defabrica.com.mx\/defabrica\/wp-json\/wp\/v2\/product_cat?post=87405"},{"taxonomy":"product_tag","embeddable":true,"href":"https:\/\/defabrica.com.mx\/defabrica\/wp-json\/wp\/v2\/product_tag?post=87405"}],"curies":[{"name":"wp","href":"https:\/\/api.w.org\/{rel}","templated":true}]}}