{"id":87398,"date":"2022-11-20T13:46:50","date_gmt":"2022-11-20T19:46:50","guid":{"rendered":"https:\/\/defabrica.com.mx\/defabrica\/?post_type=product&#038;p=87398"},"modified":"2022-11-20T13:46:50","modified_gmt":"2022-11-20T19:46:50","slug":"citizen-cz-smart-hr-smartwatch-46-mm-reloj-de-pulsera-de-acero-inoxidable-ip-gris-con-tecnologia-google-wear-os-gris","status":"publish","type":"product","link":"https:\/\/defabrica.com.mx\/defabrica\/producto\/citizen-cz-smart-hr-smartwatch-46-mm-reloj-de-pulsera-de-acero-inoxidable-ip-gris-con-tecnologia-google-wear-os-gris\/","title":{"rendered":"Citizen &#8211; CZ Smart HR Smartwatch 46 mm Reloj de pulsera de acero inoxidable IP gris, con tecnolog\u00eda Google Wear OS &#8211; Gris"},"content":{"rendered":"<p>El nuevo reloj inteligente CZ Smart est\u00e1 dise\u00f1ado para cada momento.\u00a0Inspirado en el rico dise\u00f1o de los ic\u00f3nicos relojes t\u00e9cnicos deportivos de Citizen, CZ Smart combina tecnolog\u00edas modernas con el estilo y la calidad que espera de Citizen.\u00a0La edici\u00f3n deportiva presenta una esfera con pantalla t\u00e1ctil a color y un anillo superior de aluminio anodizado negro, enmarcado y acabado con una caja y brazalete de acero inoxidable con ba\u00f1o de iones de color gris plomo.<\/p>\n<h3 class=\"heading-5 v-fw-regular feature-heading\"><strong>Caracter\u00edsticas<\/strong><\/h3>\n<ul>\n<li><strong>Funci\u00f3n<\/strong><br \/>\nPasos, distancia, frecuencia card\u00edaca, seguimiento de horas de sue\u00f1o, seguimiento de actividad f\u00edsica, puntos card\u00edacos, organice su d\u00eda con notificaciones en pantalla, Asistente de Google y reuniones y eventos programados. El GPS le permite dejar su tel\u00e9fono atr\u00e1s y a\u00fan rastrear su distancia e identificar su ubicaci\u00f3n<\/li>\n<li><strong>Compatibilidad<\/strong><br \/>\nDesarrollado con Wear OS by Google\u2122, CZ Smart es compatible con tel\u00e9fonos iPhone\u00ae y Android\u2122<\/li>\n<li><strong>Monitor<\/strong><br \/>\nAMOLED de 1,28&#8243;, resoluci\u00f3n de 416 x 416<\/li>\n<li><strong>Caracter\u00edsticas unicas<\/strong><br \/>\nFrecuencia card\u00edaca, bar\u00f3metro, aceler\u00f3metro, giroscopio, GPS, WiFi, Bluetooth, NFC, altavoz, micr\u00f3fono, contestar llamadas telef\u00f3nicas<\/li>\n<li><strong>Dise\u00f1o<\/strong><br \/>\nCZ Smart combina tecnolog\u00edas modernas con el estilo y la calidad que espera de Citizen. Inspirado en el rico dise\u00f1o de los ic\u00f3nicos relojes t\u00e9cnicos deportivos de Citizen, CZ Smart presenta un dise\u00f1o de bisel resistente y un men\u00fa vers\u00e1til de diales personalizables.<\/li>\n<li><strong>Compatibilidad de dispositivos<\/strong><br \/>\nCZ Smart es compatible con tel\u00e9fonos iPhone\u00ae y Android\u2122<\/li>\n<li><strong>Informaci\u00f3n Adicional<\/strong><br \/>\nBater\u00eda recargable: Duraci\u00f3n de la bater\u00eda de 1 a 3 d\u00edas, cable USB con cargador magn\u00e9tico, 8 GB de memoria para cargar aplicaciones y m\u00fasica adicionales, pantalla Amoled de 1,28&#8243;, resoluci\u00f3n 416X416, pantalla Gorilla Glass para mayor durabilidad<\/li>\n<\/ul>\n","protected":false},"excerpt":{"rendered":"<p>El nuevo reloj inteligente CZ Smart est\u00e1 dise\u00f1ado para cada momento.\u00a0Inspirado en el rico dise\u00f1o de los ic\u00f3nicos relojes t\u00e9cnicos deportivos de Citizen, CZ Smart combina tecnolog\u00edas modernas con el<\/p>\n","protected":false},"featured_media":87429,"comment_status":"open","ping_status":"closed","template":"","meta":{"_acf_changed":false,"_joinchat":[]},"product_brand":[],"product_cat":[305,312],"product_tag":[],"class_list":{"0":"post-87398","1":"product","2":"type-product","3":"status-publish","4":"has-post-thumbnail","6":"product_cat-wearables","7":"product_cat-ver-todo-wearables","9":"first","10":"instock","11":"sale","12":"shipping-taxable","13":"purchasable","14":"product-type-simple"},"acf":[],"_links":{"self":[{"href":"https:\/\/defabrica.com.mx\/defabrica\/wp-json\/wp\/v2\/product\/87398","targetHints":{"allow":["GET"]}}],"collection":[{"href":"https:\/\/defabrica.com.mx\/defabrica\/wp-json\/wp\/v2\/product"}],"about":[{"href":"https:\/\/defabrica.com.mx\/defabrica\/wp-json\/wp\/v2\/types\/product"}],"replies":[{"embeddable":true,"href":"https:\/\/defabrica.com.mx\/defabrica\/wp-json\/wp\/v2\/comments?post=87398"}],"wp:featuredmedia":[{"embeddable":true,"href":"https:\/\/defabrica.com.mx\/defabrica\/wp-json\/wp\/v2\/media\/87429"}],"wp:attachment":[{"href":"https:\/\/defabrica.com.mx\/defabrica\/wp-json\/wp\/v2\/media?parent=87398"}],"wp:term":[{"taxonomy":"product_brand","embeddable":true,"href":"https:\/\/defabrica.com.mx\/defabrica\/wp-json\/wp\/v2\/product_brand?post=87398"},{"taxonomy":"product_cat","embeddable":true,"href":"https:\/\/defabrica.com.mx\/defabrica\/wp-json\/wp\/v2\/product_cat?post=87398"},{"taxonomy":"product_tag","embeddable":true,"href":"https:\/\/defabrica.com.mx\/defabrica\/wp-json\/wp\/v2\/product_tag?post=87398"}],"curies":[{"name":"wp","href":"https:\/\/api.w.org\/{rel}","templated":true}]}}