{"id":87382,"date":"2022-07-06T15:23:31","date_gmt":"2022-07-06T20:23:31","guid":{"rendered":"https:\/\/defabrica.com.mx\/defabrica\/?post_type=product&#038;p=87382"},"modified":"2023-01-17T14:47:49","modified_gmt":"2023-01-17T20:47:49","slug":"jbl-flip6-altavoz-portatil-a-prueba-de-agua-negro","status":"publish","type":"product","link":"https:\/\/defabrica.com.mx\/defabrica\/producto\/jbl-flip6-altavoz-portatil-a-prueba-de-agua-negro\/","title":{"rendered":"JBL FLIP6 Altavoz port\u00e1til a prueba de agua &#8211; Negro"},"content":{"rendered":"<div class=\"embedded-component-container lv product-description\">\n<div>\n<div id=\"shop-product-description-17651563\" class=\"_none\" data-version=\"1.3.45\">\n<div class=\"shop-product-description\">\n<section class=\"align-heading-left\" data-reactroot=\"\">\n<div class=\"long-description-container body-copy \">\n<div class=\"html-fragment\">Sonido audaz para cada aventura.\u00a0tu aventura\u00a0Tu banda sonora.\u00a0El nuevo y audaz JBL Flip 6 ofrece un potente sonido JBL Original Pro Sound con una claridad excepcional gracias a su sistema de altavoces de 2 v\u00edas que consiste en un controlador optimizado con forma de pista de carreras, un tweeter separado y radiadores de graves de doble bombeo.\u00a0Este altavoz de gran sonido, pero f\u00e1cil de transportar, es resistente al agua y al polvo, por lo que puede llevarlo a cualquier lugar en cualquier clima.\u00a0Y con 12 horas de duraci\u00f3n de la bater\u00eda, puedes divertirte hasta que el sol se ponga, o salga, donde sea que te mueva la m\u00fasica.\u00a0Utilice PartyBoost para vincular varios altavoces compatibles.\u00a0El Flip 6 viene en una variedad de colores geniales.<\/div>\n<\/div>\n<\/section>\n<\/div>\n<\/div>\n<\/div>\n<\/div>\n<div class=\"embedded-component-container lv product-features\">\n<h3><\/h3>\n<h3 class=\"heading-5 v-fw-regular feature-heading\"><strong>Caracter\u00edsticas<\/strong><\/h3>\n<ul>\n<li><strong>Sonido m\u00e1s fuerte y potente<\/strong><br \/>\nEl ritmo contin\u00faa con el sistema de parlantes de 2 v\u00edas JBL Flip 6, dise\u00f1ado para brindar un sonido fuerte, n\u00edtido y potente. Su woofer con forma de pista de carreras ofrece frecuencias bajas y medias excepcionales, mientras que un tweeter separado produce frecuencias altas n\u00edtidas y claras.<\/li>\n<li><strong>Radiadores pasivos duales<\/strong><br \/>\nFlip 6 tambi\u00e9n cuenta con radiadores pasivos duales optimizados para graves profundos, ajustados con el algoritmo avanzado de Harman.<\/li>\n<li><strong>IP67 a prueba de agua y polvo<\/strong><br \/>\nA la piscina. Al parque. JBL Flip 6 es resistente al agua y al polvo IP67, por lo que puede llevar su altavoz a cualquier lugar.<\/li>\n<li><strong>12 horas de tiempo de juego<\/strong><br \/>\nNo se preocupe por cosas peque\u00f1as como cargar la bater\u00eda. JBL Flip 6 te ofrece hasta 12 horas de reproducci\u00f3n con una sola carga.<\/li>\n<li><strong>Embalaje ecol\u00f3gico<\/strong><br \/>\nJBL est\u00e1 comprometido con un embalaje m\u00e1s sostenible y respetuoso con el medio ambiente. El Flip 6 est\u00e1 empaquetado en una caja de papel reciclable, incluida la bandeja interior. La etiqueta colgante de pl\u00e1stico est\u00e1 reciclada en m\u00e1s del 90 % y el exterior est\u00e1 impreso con tinta de soja.<\/li>\n<li><strong>Dise\u00f1o audaz<\/strong><br \/>\nEl audio audaz se combina con un dise\u00f1o audaz. Con un gran sonido pero f\u00e1cil de transportar, el dise\u00f1o se adapta a cualquier estilo personal. P\u00f3ngalo en posici\u00f3n vertical u horizontal y elija entre una variedad de colores vibrantes.<\/li>\n<li><strong>Aumenta la diversi\u00f3n con PartyBoost<\/strong><br \/>\nPartyBoost le permite emparejar dos altavoces compatibles con JBL PartyBoost para obtener un sonido est\u00e9reo o conectar varios altavoces compatibles con JBL PartyBoost para animar realmente su fiesta.<\/li>\n<li><strong>Aplicaci\u00f3n port\u00e1til JBL<\/strong><br \/>\nMaximice su experiencia de audio con la aplicaci\u00f3n JBL Portable. Obtenga actualizaciones y soporte de productos directamente desde su tel\u00e9fono. Luego desbloquee funciones, amplifique su audio o modifique su bajo para un control total sobre su sonido.<\/li>\n<li><strong>Protecci\u00f3n de carga USB<\/strong><br \/>\nEncienda con tranquilidad. El JBL Flip 6 ofrece protecci\u00f3n de carga USB-C. Eso significa que un sonido de recordatorio lo alertar\u00e1 para que desconecte si el conector detecta agua, sal o cualquier otro qu\u00edmico.<\/li>\n<li><strong>Transmisi\u00f3n inal\u00e1mbrica Bluetooth<\/strong><br \/>\nConecta de forma inal\u00e1mbrica hasta 2 smartphones o tabletas al altavoz y t\u00farnense para disfrutar del sonido profesional original de JBL.<\/li>\n<\/ul>\n<\/div>\n","protected":false},"excerpt":{"rendered":"<p>Sonido audaz para cada aventura.\u00a0tu aventura\u00a0Tu banda sonora.\u00a0El nuevo y audaz JBL Flip 6 ofrece un potente sonido JBL Original Pro Sound con una claridad excepcional gracias a su sistema<\/p>\n","protected":false},"featured_media":87395,"comment_status":"open","ping_status":"closed","template":"","meta":{"_acf_changed":false,"_joinchat":[]},"product_brand":[],"product_cat":[294,295,298],"product_tag":[],"class_list":{"0":"post-87382","1":"product","2":"type-product","3":"status-publish","4":"has-post-thumbnail","6":"product_cat-audio","7":"product_cat-bocinas","8":"product_cat-bocinas-portatiles","10":"first","11":"instock","12":"sale","13":"shipping-taxable","14":"purchasable","15":"product-type-simple"},"acf":[],"_links":{"self":[{"href":"https:\/\/defabrica.com.mx\/defabrica\/wp-json\/wp\/v2\/product\/87382","targetHints":{"allow":["GET"]}}],"collection":[{"href":"https:\/\/defabrica.com.mx\/defabrica\/wp-json\/wp\/v2\/product"}],"about":[{"href":"https:\/\/defabrica.com.mx\/defabrica\/wp-json\/wp\/v2\/types\/product"}],"replies":[{"embeddable":true,"href":"https:\/\/defabrica.com.mx\/defabrica\/wp-json\/wp\/v2\/comments?post=87382"}],"wp:featuredmedia":[{"embeddable":true,"href":"https:\/\/defabrica.com.mx\/defabrica\/wp-json\/wp\/v2\/media\/87395"}],"wp:attachment":[{"href":"https:\/\/defabrica.com.mx\/defabrica\/wp-json\/wp\/v2\/media?parent=87382"}],"wp:term":[{"taxonomy":"product_brand","embeddable":true,"href":"https:\/\/defabrica.com.mx\/defabrica\/wp-json\/wp\/v2\/product_brand?post=87382"},{"taxonomy":"product_cat","embeddable":true,"href":"https:\/\/defabrica.com.mx\/defabrica\/wp-json\/wp\/v2\/product_cat?post=87382"},{"taxonomy":"product_tag","embeddable":true,"href":"https:\/\/defabrica.com.mx\/defabrica\/wp-json\/wp\/v2\/product_tag?post=87382"}],"curies":[{"name":"wp","href":"https:\/\/api.w.org\/{rel}","templated":true}]}}