{"id":87331,"date":"2022-07-06T15:16:21","date_gmt":"2022-07-06T20:16:21","guid":{"rendered":"https:\/\/defabrica.com.mx\/defabrica\/?post_type=product&#038;p=87331"},"modified":"2023-01-17T15:31:27","modified_gmt":"2023-01-17T21:31:27","slug":"xplora-x5-play-telefono-celular-con-reloj-inteligente-de-45-mm-con-gps-azul","status":"publish","type":"product","link":"https:\/\/defabrica.com.mx\/defabrica\/producto\/xplora-x5-play-telefono-celular-con-reloj-inteligente-de-45-mm-con-gps-azul\/","title":{"rendered":"Xplora &#8211; X5 Play Tel\u00e9fono celular con reloj inteligente de 45 mm con GPS &#8211; Azul"},"content":{"rendered":"<p>El\u00a0reloj inteligente Xplora X5 Play con GPS es la introducci\u00f3n perfecta al mundo de los productos celulares para ni\u00f1os.\u00a0Tiene todas las caracter\u00edsticas de un tel\u00e9fono celular, excepto acceso a internet y redes sociales.\u00a0Con un conjunto de chips Qualcomm l\u00edder en marketing para una experiencia de usuario m\u00e1s r\u00e1pida y confiable.\u00a0Utilizando un GPS de \u00faltima generaci\u00f3n y una aplicaci\u00f3n para padres f\u00e1cil de usar, puede ubicar a su hijo y crear zonas seguras, brindando a los padres la tranquilidad de permitir que el ni\u00f1o tenga m\u00e1s libertad para explorar.<\/p>\n<h3 class=\"heading-5 v-fw-regular feature-heading\"><strong>Caracter\u00edsticas<\/strong><\/h3>\n<ul>\n<li><strong>Llamadas de voz<\/strong><br \/>\nXplora X5 Play puede hacer y recibir llamadas de n\u00fameros guardados previamente en la aplicaci\u00f3n para padres f\u00e1cil de usar<\/li>\n<li><strong>Mensajes<\/strong><br \/>\nEl reloj inteligente con celular puede recibir textos, emojis, im\u00e1genes y mensajes de voz y responder con im\u00e1genes, emojis y mensajes de voz<\/li>\n<li><strong>llamada de socorro<\/strong><br \/>\nEn caso de emergencia, el ni\u00f1o puede presionar el bot\u00f3n SOS del reloj para notificar su ubicaci\u00f3n a los contactos de emergencia almacenados en la aplicaci\u00f3n.<\/li>\n<li><strong>GPS y Zonas de Seguridad<\/strong><br \/>\nXplora X5 Play utiliza m\u00faltiples servicios para mostrar la ubicaci\u00f3n del reloj. Hay una opci\u00f3n disponible para configurar zonas de seguridad alrededor de ubicaciones clave, como el hogar y la escuela.<\/li>\n<li><strong>Wifi<\/strong><br \/>\nEl Xplora X5 Play se puede conectar a Wifi para abaratar costes. El dispositivo viene completo con una tarjeta SIM SpeedTalk que recomendamos para un rendimiento \u00f3ptimo<\/li>\n<li><strong>Compatibilidad de red<\/strong><br \/>\nSpeedTalk funciona en la red de T-Mobile y es ideal para aquellos que viven en una buena \u00e1rea de cobertura de T-Mobile. Los relojes Xplora actualmente NO son compatibles con AT&amp;T, Sprint, Verizon y US Cellular y otros operadores m\u00f3viles que utilizan estas redes.<\/li>\n<li><strong>Tomar fotograf\u00edas<\/strong><br \/>\n\u00a1Haz fotos con el reloj! La c\u00e1mara de 2 MP del X5 Play le da a su hijo la capacidad de tomar fotograf\u00edas. Pueden compartir las im\u00e1genes contigo a lo largo del d\u00eda, manteni\u00e9ndote al tanto de lo que est\u00e1n haciendo. Almacene m\u00e1s de 1000 im\u00e1genes en la galer\u00eda y establezca un fondo personalizado.<\/li>\n<li><strong>Ir a jugar<\/strong><br \/>\nNunca antes los ni\u00f1os hab\u00edan sido menos activos que hoy, y nos gustar\u00eda cambiar eso. Los ni\u00f1os deben mantenerse activos, investigar y explorar el mundo, por eso hemos lanzado la primera plataforma de actividades Goplay del mundo que combina actividad f\u00edsica con entretenimiento.<\/li>\n<li><strong>Control parental definitivo<\/strong><br \/>\nXplora X5 Play es la introducci\u00f3n perfecta a un mundo de productos m\u00f3viles para ni\u00f1os al mismo tiempo que permite a los padres tener control y visibilidad total. Todas las funciones y configuraciones se controlan desde la aplicaci\u00f3n.<\/li>\n<li><strong>Calidad premium<\/strong><br \/>\nXplora X5 Play es un celular reloj inteligente de primera calidad que puede ser utilizado por ni\u00f1os de 5 a 12 a\u00f1os. XPLORA es pionera en ofrecer dispositivos y servicios innovadores a las familias.<\/li>\n<li><strong>Cargado con caracter\u00edsticas<\/strong><br \/>\nEste es el celular con reloj inteligente para ni\u00f1os que estabas esperando. Proporciona todas las funciones que su hijo necesitar\u00e1, como llamadas de voz, ubicaci\u00f3n, zonas seguras, SOS, carga magn\u00e9tica sin contacto, calendario y calculadora.<\/li>\n<\/ul>\n","protected":false},"excerpt":{"rendered":"<p>El\u00a0reloj inteligente Xplora X5 Play con GPS es la introducci\u00f3n perfecta al mundo de los productos celulares para ni\u00f1os.\u00a0Tiene todas las caracter\u00edsticas de un tel\u00e9fono celular, excepto acceso a internet<\/p>\n","protected":false},"featured_media":87367,"comment_status":"open","ping_status":"closed","template":"","meta":{"_acf_changed":false,"_joinchat":[]},"product_brand":[],"product_cat":[305,311],"product_tag":[],"class_list":{"0":"post-87331","1":"product","2":"type-product","3":"status-publish","4":"has-post-thumbnail","6":"product_cat-wearables","7":"product_cat-android-smartwatches","9":"first","10":"instock","11":"sale","12":"shipping-taxable","13":"purchasable","14":"product-type-simple"},"acf":[],"_links":{"self":[{"href":"https:\/\/defabrica.com.mx\/defabrica\/wp-json\/wp\/v2\/product\/87331","targetHints":{"allow":["GET"]}}],"collection":[{"href":"https:\/\/defabrica.com.mx\/defabrica\/wp-json\/wp\/v2\/product"}],"about":[{"href":"https:\/\/defabrica.com.mx\/defabrica\/wp-json\/wp\/v2\/types\/product"}],"replies":[{"embeddable":true,"href":"https:\/\/defabrica.com.mx\/defabrica\/wp-json\/wp\/v2\/comments?post=87331"}],"wp:featuredmedia":[{"embeddable":true,"href":"https:\/\/defabrica.com.mx\/defabrica\/wp-json\/wp\/v2\/media\/87367"}],"wp:attachment":[{"href":"https:\/\/defabrica.com.mx\/defabrica\/wp-json\/wp\/v2\/media?parent=87331"}],"wp:term":[{"taxonomy":"product_brand","embeddable":true,"href":"https:\/\/defabrica.com.mx\/defabrica\/wp-json\/wp\/v2\/product_brand?post=87331"},{"taxonomy":"product_cat","embeddable":true,"href":"https:\/\/defabrica.com.mx\/defabrica\/wp-json\/wp\/v2\/product_cat?post=87331"},{"taxonomy":"product_tag","embeddable":true,"href":"https:\/\/defabrica.com.mx\/defabrica\/wp-json\/wp\/v2\/product_tag?post=87331"}],"curies":[{"name":"wp","href":"https:\/\/api.w.org\/{rel}","templated":true}]}}