{"id":87159,"date":"2022-07-06T02:20:31","date_gmt":"2022-07-06T07:20:31","guid":{"rendered":"https:\/\/defabrica.com.mx\/defabrica\/?post_type=product&#038;p=87159"},"modified":"2022-07-06T02:20:31","modified_gmt":"2022-07-06T07:20:31","slug":"qfx-altavoz-bt-de-15-recargable-con-luces-negro","status":"publish","type":"product","link":"https:\/\/defabrica.com.mx\/defabrica\/producto\/qfx-altavoz-bt-de-15-recargable-con-luces-negro\/","title":{"rendered":"QFX &#8211; Altavoz BT de 15&#8243; Recargable con Luces &#8211; Negro"},"content":{"rendered":"<div class=\"embedded-component-container lv product-description\">\n<div>\n<div id=\"shop-product-description-25007256\" class=\"_none\" data-version=\"1.3.45\">\n<div class=\"shop-product-description\">\n<section class=\"align-heading-left\" data-reactroot=\"\">\n<div class=\"long-description-container body-copy \">\n<div class=\"html-fragment\"><span>TWS (True Wireless System) permite que dos altavoces preparados para TWS se conecten, sincronicen y reproduzcan audio Bluetooth simult\u00e1neamente para obtener un verdadero sonido est\u00e9reo.\u00a0Los parlantes de 15&#8243; reproducen sus canciones favoritas desde un puerto de tarjeta USB\/TF, Bluetooth o sintonizador FM. Cuenta con luces LED para fiestas, eco de micr\u00f3fono, control de graves y agudos, entrada de micr\u00f3fono y entrada AUX. El asa en forma de cu\u00f1a hace que este parlante sea f\u00e1cil de transportar y la bater\u00eda recargable proporciona horas de uso por carga.<\/span><\/div>\n<\/div>\n<\/section>\n<\/div>\n<\/div>\n<\/div>\n<\/div>\n<div class=\"embedded-component-container lv product-features\">\n<h3><\/h3>\n<h3 class=\"heading-5 v-fw-regular feature-heading\"><strong>Caracter\u00edsticas<\/strong><\/h3>\n<ul>\n<li><strong>Caracter\u00edsticas Bluetooth 5.0<\/strong><br \/>\nCon\u00e9ctese sin esfuerzo con dispositivos habilitados para Bluetooth con el toque de sus dedos. Sonido de graves profundos y n\u00edtidos hasta a 40 pies de distancia.<\/li>\n<li><strong>Conectividad Bluetooth TWS<\/strong><br \/>\nTransmite m\u00fasica desde cualquiera de tus dispositivos. Emparejar los altavoces es simple y sin complicaciones. La caracter\u00edstica \u00fanica de TWS Bluetooth le permite conectar dos o m\u00e1s altavoces QFX para que reproduzcan su m\u00fasica simult\u00e1neamente.<\/li>\n<li><strong>Experiencia de sonido envolvente<\/strong><br \/>\nCompre dos de estos parlantes inal\u00e1mbricos para crear el mejor sonido envolvente. \u00a1Disfruta de estos parlantes en la comodidad de tu hogar, junto a la piscina, en el parque o en cualquier otro lugar donde planees tocar! \u00bfSin Bluetooth? \u00a1No hay problema! Utilice el cable auxiliar incluido para conectar sus dispositivos.<\/li>\n<li><strong>Crea un ambiente de fiesta instant\u00e1neo.<\/strong><br \/>\nCon las luces de fiesta LED, tu habitaci\u00f3n se llenar\u00e1 de color y diversi\u00f3n y alegrar\u00e1 cualquier evento u ocasi\u00f3n.<\/li>\n<li><strong>Nunca m\u00e1s tendr\u00e1 que preocuparse por comprar bater\u00edas<\/strong><br \/>\nCon esta bater\u00eda recargable, simplemente cargue la bater\u00eda integrada utilizando el cable de carga de alimentaci\u00f3n incluido. Disfruta de 4 a 6 horas de tu m\u00fasica favorita con una sola carga.<\/li>\n<li><strong>Port\u00e1til, f\u00e1cil de transportar.<\/strong><br \/>\nPuedes usar este altavoz donde quieras ir. Ligero y equipado con un asa, puede transportar este altavoz mientras escucha sus canciones favoritas: \u00a1es un comienzo de fiesta!<\/li>\n<\/ul>\n<\/div>\n","protected":false},"excerpt":{"rendered":"<p>TWS (True Wireless System) permite que dos altavoces preparados para TWS se conecten, sincronicen y reproduzcan audio Bluetooth simult\u00e1neamente para obtener un verdadero sonido est\u00e9reo.\u00a0Los parlantes de 15&#8243; reproducen sus<\/p>\n","protected":false},"featured_media":87160,"comment_status":"open","ping_status":"closed","template":"","meta":{"_acf_changed":false,"_joinchat":[]},"product_brand":[],"product_cat":[294,295,299],"product_tag":[],"class_list":{"0":"post-87159","1":"product","2":"type-product","3":"status-publish","4":"has-post-thumbnail","6":"product_cat-audio","7":"product_cat-bocinas","8":"product_cat-ver-todas-las-bocinas","10":"first","11":"instock","12":"sale","13":"shipping-taxable","14":"purchasable","15":"product-type-simple"},"acf":[],"_links":{"self":[{"href":"https:\/\/defabrica.com.mx\/defabrica\/wp-json\/wp\/v2\/product\/87159","targetHints":{"allow":["GET"]}}],"collection":[{"href":"https:\/\/defabrica.com.mx\/defabrica\/wp-json\/wp\/v2\/product"}],"about":[{"href":"https:\/\/defabrica.com.mx\/defabrica\/wp-json\/wp\/v2\/types\/product"}],"replies":[{"embeddable":true,"href":"https:\/\/defabrica.com.mx\/defabrica\/wp-json\/wp\/v2\/comments?post=87159"}],"wp:featuredmedia":[{"embeddable":true,"href":"https:\/\/defabrica.com.mx\/defabrica\/wp-json\/wp\/v2\/media\/87160"}],"wp:attachment":[{"href":"https:\/\/defabrica.com.mx\/defabrica\/wp-json\/wp\/v2\/media?parent=87159"}],"wp:term":[{"taxonomy":"product_brand","embeddable":true,"href":"https:\/\/defabrica.com.mx\/defabrica\/wp-json\/wp\/v2\/product_brand?post=87159"},{"taxonomy":"product_cat","embeddable":true,"href":"https:\/\/defabrica.com.mx\/defabrica\/wp-json\/wp\/v2\/product_cat?post=87159"},{"taxonomy":"product_tag","embeddable":true,"href":"https:\/\/defabrica.com.mx\/defabrica\/wp-json\/wp\/v2\/product_tag?post=87159"}],"curies":[{"name":"wp","href":"https:\/\/api.w.org\/{rel}","templated":true}]}}