{"id":87140,"date":"2022-07-06T02:05:41","date_gmt":"2022-07-06T07:05:41","guid":{"rendered":"https:\/\/defabrica.com.mx\/defabrica\/?post_type=product&#038;p=87140"},"modified":"2023-01-17T14:36:47","modified_gmt":"2023-01-17T20:36:47","slug":"sharp-sistema-de-componentes-hi-fi-ejecutivo-de-50-w-negro","status":"publish","type":"product","link":"https:\/\/defabrica.com.mx\/defabrica\/producto\/sharp-sistema-de-componentes-hi-fi-ejecutivo-de-50-w-negro\/","title":{"rendered":"Sharp &#8211; Sistema de componentes Hi-Fi ejecutivo de 50 W &#8211; Negro"},"content":{"rendered":"<div class=\"embedded-component-container lv product-description\">\n<div>\n<div id=\"shop-product-description-28131727\" class=\"_none\" data-version=\"1.3.45\">\n<div class=\"shop-product-description\">\n<section class=\"align-heading-left\" data-reactroot=\"\">\n<div class=\"long-description-container body-copy \">\n<div class=\"html-fragment\">Escuche sus canciones favoritas con este altavoz boombox Bluetooth port\u00e1til de Sharp.\u00a0Ofrece un audio potente de alto rendimiento a 100 W RMS y utiliza tecnolog\u00eda de refuerzo de graves para amplificar los ritmos.\u00a0Este altavoz boombox Bluetooth port\u00e1til de Sharp incluye un conector para guitarra y un terminal para micr\u00f3fono, y su entrada USB le permite conectar una variedad de dispositivos m\u00f3viles.<\/div>\n<\/div>\n<\/section>\n<\/div>\n<\/div>\n<\/div>\n<\/div>\n<div class=\"embedded-component-container lv product-features\">\n<h3><\/h3>\n<h3 class=\"heading-5 v-fw-regular feature-heading\"><strong>Caracter\u00edsticas<\/strong><\/h3>\n<ul>\n<li><strong>Formatos de reproducci\u00f3n WMA y MP3<\/strong><br \/>\nPara escuchar tu m\u00fasica favorita.<\/li>\n<li><strong>Potencia de salida total de 100W<\/strong><br \/>\nPara el sonido que puede disfrutar.<\/li>\n<li><strong>Entradas<\/strong><br \/>\nIncluye entrada de l\u00ednea de audio, audio de guitarra y micr\u00f3fono.<\/li>\n<\/ul>\n<\/div>\n","protected":false},"excerpt":{"rendered":"<p>Escuche sus canciones favoritas con este altavoz boombox Bluetooth port\u00e1til de Sharp.\u00a0Ofrece un audio potente de alto rendimiento a 100 W RMS y utiliza tecnolog\u00eda de refuerzo de graves para<\/p>\n","protected":false},"featured_media":87143,"comment_status":"open","ping_status":"closed","template":"","meta":{"_acf_changed":false,"_joinchat":[]},"product_brand":[],"product_cat":[294,295,299],"product_tag":[],"class_list":{"0":"post-87140","1":"product","2":"type-product","3":"status-publish","4":"has-post-thumbnail","6":"product_cat-audio","7":"product_cat-bocinas","8":"product_cat-ver-todas-las-bocinas","10":"first","11":"instock","12":"sale","13":"shipping-taxable","14":"purchasable","15":"product-type-simple"},"acf":[],"_links":{"self":[{"href":"https:\/\/defabrica.com.mx\/defabrica\/wp-json\/wp\/v2\/product\/87140","targetHints":{"allow":["GET"]}}],"collection":[{"href":"https:\/\/defabrica.com.mx\/defabrica\/wp-json\/wp\/v2\/product"}],"about":[{"href":"https:\/\/defabrica.com.mx\/defabrica\/wp-json\/wp\/v2\/types\/product"}],"replies":[{"embeddable":true,"href":"https:\/\/defabrica.com.mx\/defabrica\/wp-json\/wp\/v2\/comments?post=87140"}],"wp:featuredmedia":[{"embeddable":true,"href":"https:\/\/defabrica.com.mx\/defabrica\/wp-json\/wp\/v2\/media\/87143"}],"wp:attachment":[{"href":"https:\/\/defabrica.com.mx\/defabrica\/wp-json\/wp\/v2\/media?parent=87140"}],"wp:term":[{"taxonomy":"product_brand","embeddable":true,"href":"https:\/\/defabrica.com.mx\/defabrica\/wp-json\/wp\/v2\/product_brand?post=87140"},{"taxonomy":"product_cat","embeddable":true,"href":"https:\/\/defabrica.com.mx\/defabrica\/wp-json\/wp\/v2\/product_cat?post=87140"},{"taxonomy":"product_tag","embeddable":true,"href":"https:\/\/defabrica.com.mx\/defabrica\/wp-json\/wp\/v2\/product_tag?post=87140"}],"curies":[{"name":"wp","href":"https:\/\/api.w.org\/{rel}","templated":true}]}}