{"id":87030,"date":"2022-07-05T23:53:31","date_gmt":"2022-07-06T04:53:31","guid":{"rendered":"https:\/\/defabrica.com.mx\/defabrica\/?post_type=product&#038;p=87030"},"modified":"2022-07-05T23:53:32","modified_gmt":"2022-07-06T04:53:32","slug":"sony-srs-xb33-altavoz-portatil-resistente-al-agua-y-al-oxido-con-puerto-de-carga-usb-negro","status":"publish","type":"product","link":"https:\/\/defabrica.com.mx\/defabrica\/producto\/sony-srs-xb33-altavoz-portatil-resistente-al-agua-y-al-oxido-con-puerto-de-carga-usb-negro\/","title":{"rendered":"Sony &#8211; SRS-XB33 Altavoz port\u00e1til resistente al agua y al \u00f3xido con puerto de carga USB &#8211; Negro"},"content":{"rendered":"<p>Mant\u00e9ngase entretenido con este parlante port\u00e1til EXTRA BASS de Sony.\u00a0La clasificaci\u00f3n IP67 protege contra los elementos agresivos y la suciedad para un uso seguro en exteriores, mientras que la conectividad Bluetooth le permite escuchar m\u00fasica de forma inal\u00e1mbrica desde dispositivos emparejados.\u00a0Este parlante port\u00e1til Sony EXTRA BASS negro tiene una duraci\u00f3n de bater\u00eda de hasta 24 horas para un tiempo de reproducci\u00f3n ininterrumpido.<\/p>\n<h3><\/h3>\n<h3 class=\"heading-5 v-fw-regular feature-heading\"><strong>Caracter\u00edsticas<\/strong><\/h3>\n<ul>\n<li><strong>Siente el poder de EXTRA BASS<\/strong><br \/>\nModo Live Sound\u2075 para una experiencia de sonido 3D inmersiva.<\/li>\n<li><strong>Fiesta Conectar\u2076<\/strong><br \/>\nTe permite conectar hasta 100 bocinas compatibles con tecnolog\u00eda Bluetooth para que la m\u00fasica y las luces se sincronicen y todos bailen al mismo ritmo.<\/li>\n<li><strong>funci\u00f3n de altavoz<\/strong><br \/>\nOfrece una manera conveniente de hablar con manos libres, ya sea en una llamada de conferencia para el trabajo o en una conversaci\u00f3n con amigos.\u2078<\/li>\n<li><strong>Dise\u00f1o resistente, resistente al agua IP67\u00b2 y al \u00f3xido\u2077<\/strong><br \/>\nLe permite usarlo de manera segura alrededor del agua.<\/li>\n<li><strong>Con\u00e9ctese de forma inal\u00e1mbrica desde hasta 98.4 &#8216;de distancia<\/strong><br \/>\nEmpareje este altavoz con su tel\u00e9fono inteligente, tableta u otro dispositivo habilitado para Bluetooth, o use NFC\u00b3 para una conexi\u00f3n r\u00e1pida y sin problemas.<\/li>\n<li><strong>Unidad de altavoz balanceada en X<\/strong><br \/>\nCuenta con un diafragma no circular para brindar una alta calidad de sonido y una potente presi\u00f3n de sonido para una experiencia auditiva m\u00e1s rica y profunda.<\/li>\n<li><strong>Controla el ritmo con la aplicaci\u00f3n Sony Music Center\u2075<\/strong><br \/>\nSeleccione sus listas de reproducci\u00f3n favoritas, indique la siguiente canci\u00f3n y los modos de sonido.<\/li>\n<li><strong>Aplicaci\u00f3n Fiestable\u2074<\/strong><br \/>\nSimplemente controle la iluminaci\u00f3n en XB33, incluso ap\u00e1guelos.<\/li>\n<li><strong>Puertos de carga USB tipo C y USB<\/strong><br \/>\nLe permite cargar su altavoz port\u00e1til y cargar su tel\u00e9fono inteligente u otros dispositivos peque\u00f1os a trav\u00e9s de una conexi\u00f3n USB.<\/li>\n<li><strong>Bater\u00eda recargable<\/strong><br \/>\nReproduce tus canciones favoritas hasta 24 horas con una carga completa y hasta 14 horas\u00b9 en el modo EXTRA BASS.<\/li>\n<li><strong>iluminaci\u00f3n ambiental<\/strong><br \/>\nAnima tu fiesta con la luz del parlante y las luces de l\u00ednea multicolores.\u2074<\/li>\n<\/ul>\n","protected":false},"excerpt":{"rendered":"<p>Mant\u00e9ngase entretenido con este parlante port\u00e1til EXTRA BASS de Sony.\u00a0La clasificaci\u00f3n IP67 protege contra los elementos agresivos y la suciedad para un uso seguro en exteriores, mientras que la conectividad<\/p>\n","protected":false},"featured_media":87032,"comment_status":"open","ping_status":"closed","template":"","meta":{"_acf_changed":false,"_joinchat":[]},"product_brand":[],"product_cat":[294,295,298],"product_tag":[],"class_list":{"0":"post-87030","1":"product","2":"type-product","3":"status-publish","4":"has-post-thumbnail","6":"product_cat-audio","7":"product_cat-bocinas","8":"product_cat-bocinas-portatiles","10":"first","11":"instock","12":"sale","13":"shipping-taxable","14":"purchasable","15":"product-type-simple"},"acf":[],"_links":{"self":[{"href":"https:\/\/defabrica.com.mx\/defabrica\/wp-json\/wp\/v2\/product\/87030","targetHints":{"allow":["GET"]}}],"collection":[{"href":"https:\/\/defabrica.com.mx\/defabrica\/wp-json\/wp\/v2\/product"}],"about":[{"href":"https:\/\/defabrica.com.mx\/defabrica\/wp-json\/wp\/v2\/types\/product"}],"replies":[{"embeddable":true,"href":"https:\/\/defabrica.com.mx\/defabrica\/wp-json\/wp\/v2\/comments?post=87030"}],"wp:featuredmedia":[{"embeddable":true,"href":"https:\/\/defabrica.com.mx\/defabrica\/wp-json\/wp\/v2\/media\/87032"}],"wp:attachment":[{"href":"https:\/\/defabrica.com.mx\/defabrica\/wp-json\/wp\/v2\/media?parent=87030"}],"wp:term":[{"taxonomy":"product_brand","embeddable":true,"href":"https:\/\/defabrica.com.mx\/defabrica\/wp-json\/wp\/v2\/product_brand?post=87030"},{"taxonomy":"product_cat","embeddable":true,"href":"https:\/\/defabrica.com.mx\/defabrica\/wp-json\/wp\/v2\/product_cat?post=87030"},{"taxonomy":"product_tag","embeddable":true,"href":"https:\/\/defabrica.com.mx\/defabrica\/wp-json\/wp\/v2\/product_tag?post=87030"}],"curies":[{"name":"wp","href":"https:\/\/api.w.org\/{rel}","templated":true}]}}