{"id":86976,"date":"2022-07-05T23:20:57","date_gmt":"2022-07-06T04:20:57","guid":{"rendered":"https:\/\/defabrica.com.mx\/defabrica\/?post_type=product&#038;p=86976"},"modified":"2023-01-17T14:25:19","modified_gmt":"2023-01-17T20:25:19","slug":"ultimate-ears-altavoz-bluetooth-inalambrico-portatil-hyperboom-negro","status":"publish","type":"product","link":"https:\/\/defabrica.com.mx\/defabrica\/producto\/ultimate-ears-altavoz-bluetooth-inalambrico-portatil-hyperboom-negro\/","title":{"rendered":"Ultimate Ears &#8211; Altavoz Bluetooth inal\u00e1mbrico port\u00e1til HYPERBOOM &#8211; Negro"},"content":{"rendered":"<div class=\"embedded-component-container lv product-description\">\n<div>\n<div id=\"shop-product-description-56986247\" class=\"_none\" data-version=\"1.3.45\">\n<div class=\"shop-product-description\">\n<section class=\"align-heading-left\" data-reactroot=\"\">\n<div class=\"long-description-container body-copy \">\n<div class=\"html-fragment\">HYPERBOOM ofrece un sonido supermasivo que lleva tu fiesta a la estratosfera.\u00a0Cree en las exageraciones: tiene graves extremos y un ecualizador adaptativo que personaliza autom\u00e1ticamente el sonido para llenar cualquier espacio.\u00a0Los cuatro canales de entrada te permiten cambiar f\u00e1cilmente la m\u00fasica entre diferentes dispositivos, mientras que la bater\u00eda recargable anima la fiesta hasta por 24 horas.<\/div>\n<\/div>\n<\/section>\n<\/div>\n<\/div>\n<\/div>\n<\/div>\n<div class=\"embedded-component-container lv product-features\">\n<h3><\/h3>\n<h3 class=\"heading-5 v-fw-regular feature-heading\"><strong>Caracter\u00edsticas<\/strong><\/h3>\n<ul>\n<li><strong>Gran sonido alto y pr\u00edstino m\u00e1s graves extremos<\/strong><br \/>\nUltimate Ears HYPERBOOM es un parlante Bluetooth port\u00e1til con un sonido masivo y hermosamente rico con graves grandes y retumbantes.<\/li>\n<li><strong>F\u00e1cil intercambio de m\u00fasica<\/strong><br \/>\nReproduzca m\u00fasica desde cuatro dispositivos diferentes y cambie f\u00e1cilmente entre ellos con solo presionar un bot\u00f3n. Con\u00e9ctese a trav\u00e9s de dos entradas Bluetooth, una auxiliar y una entrada \u00f3ptica.<\/li>\n<li><strong>Todo el d\u00eda 24 horas de duraci\u00f3n de la bater\u00eda<\/strong><br \/>\nHYPERBOOM cuenta con una bater\u00eda recargable de hasta 24 horas que mantiene la fiesta animada dondequiera que la lleves. O ench\u00fafelo para enfurecerse por el resto del tiempo.*<\/li>\n<li><strong>Resistente a derrames y salpicaduras<\/strong><br \/>\nSi se ha derramado o salpicado, este altavoz se encargar\u00e1 de eso. Simplemente l\u00edmpielo y listo.<\/li>\n<li><strong>Ecualizador adaptativo<\/strong><br \/>\nEste parlante para fiestas hace todo el trabajo pesado para lograr un sonido perfecto en cualquier lugar. Su ecualizador adaptativo lee literalmente el entorno y personaliza autom\u00e1ticamente el sonido para cualquier espacio en el que se encuentre.<\/li>\n<li><strong>Inicio de fiesta<\/strong><br \/>\nConecte HYPERBOOM con cualquier altavoz BOOM, MEGABOOM o incluso con otros altavoces HYPERBOOM para iniciar una fiesta.<\/li>\n<li><strong>Salida de carga USB<\/strong><br \/>\nEl altavoz es el centro neur\u00e1lgico de la fiesta que incluso le da un impulso a tu tel\u00e9fono. Abra la tapa protectora, con\u00e9ctelo a la salida de carga USB y siga golpeando mientras su tel\u00e9fono se enciende.<\/li>\n<li><strong>Control de m\u00fasica con un solo toque<\/strong><br \/>\nHYPERBOOM le permite reproducir, pausar y saltar pistas directamente en el altavoz. Tambi\u00e9n puede configurar un toque para su lista de reproducci\u00f3n a trav\u00e9s de la aplicaci\u00f3n.**<\/li>\n<li><strong>Lleva tu espect\u00e1culo a la carretera<\/strong><br \/>\nEl asa de transporte incorporada permite una f\u00e1cil portabilidad.<\/li>\n<li><strong>Respuesta de frecuencia de 45 Hz &#8211; 20 kHz<\/strong><br \/>\nGarantiza una amplia gama de sonido reproducido con precisi\u00f3n.<\/li>\n<\/ul>\n<\/div>\n","protected":false},"excerpt":{"rendered":"<p>HYPERBOOM ofrece un sonido supermasivo que lleva tu fiesta a la estratosfera.\u00a0Cree en las exageraciones: tiene graves extremos y un ecualizador adaptativo que personaliza autom\u00e1ticamente el sonido para llenar cualquier<\/p>\n","protected":false},"featured_media":86977,"comment_status":"open","ping_status":"closed","template":"","meta":{"_acf_changed":false,"_joinchat":[]},"product_brand":[],"product_cat":[294,295,298],"product_tag":[],"class_list":{"0":"post-86976","1":"product","2":"type-product","3":"status-publish","4":"has-post-thumbnail","6":"product_cat-audio","7":"product_cat-bocinas","8":"product_cat-bocinas-portatiles","10":"first","11":"instock","12":"sale","13":"shipping-taxable","14":"purchasable","15":"product-type-simple"},"acf":[],"_links":{"self":[{"href":"https:\/\/defabrica.com.mx\/defabrica\/wp-json\/wp\/v2\/product\/86976","targetHints":{"allow":["GET"]}}],"collection":[{"href":"https:\/\/defabrica.com.mx\/defabrica\/wp-json\/wp\/v2\/product"}],"about":[{"href":"https:\/\/defabrica.com.mx\/defabrica\/wp-json\/wp\/v2\/types\/product"}],"replies":[{"embeddable":true,"href":"https:\/\/defabrica.com.mx\/defabrica\/wp-json\/wp\/v2\/comments?post=86976"}],"wp:featuredmedia":[{"embeddable":true,"href":"https:\/\/defabrica.com.mx\/defabrica\/wp-json\/wp\/v2\/media\/86977"}],"wp:attachment":[{"href":"https:\/\/defabrica.com.mx\/defabrica\/wp-json\/wp\/v2\/media?parent=86976"}],"wp:term":[{"taxonomy":"product_brand","embeddable":true,"href":"https:\/\/defabrica.com.mx\/defabrica\/wp-json\/wp\/v2\/product_brand?post=86976"},{"taxonomy":"product_cat","embeddable":true,"href":"https:\/\/defabrica.com.mx\/defabrica\/wp-json\/wp\/v2\/product_cat?post=86976"},{"taxonomy":"product_tag","embeddable":true,"href":"https:\/\/defabrica.com.mx\/defabrica\/wp-json\/wp\/v2\/product_tag?post=86976"}],"curies":[{"name":"wp","href":"https:\/\/api.w.org\/{rel}","templated":true}]}}