{"id":86888,"date":"2022-07-05T04:23:12","date_gmt":"2022-07-05T09:23:12","guid":{"rendered":"https:\/\/defabrica.com.mx\/defabrica\/?post_type=product&#038;p=86888"},"modified":"2023-01-17T14:00:01","modified_gmt":"2023-01-17T20:00:01","slug":"insignia-5-cuartos-freidora-de-aire-digital-acero-inoxidable","status":"publish","type":"product","link":"https:\/\/defabrica.com.mx\/defabrica\/producto\/insignia-5-cuartos-freidora-de-aire-digital-acero-inoxidable\/","title":{"rendered":"Insignia\u2122 &#8211; 5 cuartos Freidora de aire digital &#8211; Acero inoxidable"},"content":{"rendered":"<p>El Insignia NS-AF5DSS2 5 Qt.\u00a0La freidora de aire digital es tu soluci\u00f3n.\u00a0Al hacer circular aire caliente, esta freidora de aire crea una capa exterior crujiente que retiene la humedad.\u00a0La tecnolog\u00eda asa, hornea o fr\u00ede sus alimentos sin usar aceite, lo que resulta en una alternativa de cocina sabrosa y saludable.\u00a0Un men\u00fa preprogramado elimina las conjeturas al cocinar, brind\u00e1ndole tiempos y temperaturas de cocci\u00f3n para una variedad de alimentos.\u00a0Su construcci\u00f3n libre de BPA mantiene los productos qu\u00edmicos nocivos fuera de la comida.<\/p>\n<h3 class=\"heading-5 v-fw-regular feature-heading\"><strong>Caracter\u00edsticas<\/strong><\/h3>\n<ul>\n<li><strong>Una alternativa m\u00e1s saludable a la fritura<\/strong><br \/>\nHace circular aire caliente para cocinar los alimentos y formar una corteza exterior crujiente sin aceite.<\/li>\n<li><strong>Asar, hornear o fre\u00edr<\/strong><br \/>\nLa temperatura var\u00eda de 180\u00b0 a 400\u00b0 F (82,2\u00b0 a 204,4\u00b0 C) para asar, hornear o fre\u00edr sus comidas favoritas.<\/li>\n<li><strong>Canasta de 5 cuartos (4.7 L)<\/strong><br \/>\nTiene capacidad para 3 a 5 porciones de alimentos, lo que lo ayuda a preparar un refrigerio o una comida para un grupo de personas.<\/li>\n<li><strong>Panel de control digital<\/strong><br \/>\nProporciona una interfaz f\u00e1cil para usar programas de alimentos preestablecidos o ajustar el tiempo y la temperatura.<\/li>\n<li><strong>Temporizador de apagado autom\u00e1tico<\/strong><br \/>\nLe permite cocinar su comida de 0 a 60 minutos, deteni\u00e9ndose autom\u00e1ticamente cuando est\u00e1 lista para evitar que se cocine demasiado.<\/li>\n<li><strong>Cesto y sart\u00e9n aptos para lavavajillas<\/strong><br \/>\nFacilita la limpieza para que no tenga que fregar a mano.<\/li>\n<li><strong>Dise\u00f1o de acero inoxidable<\/strong><br \/>\nComplementa sus otros aparatos electr\u00f3nicos de cocina, ofreciendo una apariencia limpia y elegante.<\/li>\n<li><strong>sin BPA<\/strong><br \/>\nEvita que los productos qu\u00edmicos nocivos para la salud se filtren en los alimentos.<\/p>\n<div class=\"shop-product-features\">\n<div class=\"lv align-heading-left\" data-reactroot=\"\">\n<div class=\"feature-body-container\">\n<div class=\"features-list-container\">\n<div class=\"features-list all-features\"><\/div>\n<\/div>\n<\/div>\n<\/div>\n<\/div>\n<\/li>\n<\/ul>\n","protected":false},"excerpt":{"rendered":"<p>El Insignia NS-AF5DSS2 5 Qt.\u00a0La freidora de aire digital es tu soluci\u00f3n.\u00a0Al hacer circular aire caliente, esta freidora de aire crea una capa exterior crujiente que retiene la humedad.\u00a0La tecnolog\u00eda<\/p>\n","protected":false},"featured_media":86889,"comment_status":"open","ping_status":"closed","template":"","meta":{"_acf_changed":false,"_joinchat":[]},"product_brand":[],"product_cat":[1522,336,337,338,950],"product_tag":[],"class_list":{"0":"post-86888","1":"product","2":"type-product","3":"status-publish","4":"has-post-thumbnail","6":"product_cat-ofertas-hogar","7":"product_cat-hogar","8":"product_cat-cocina","9":"product_cat-electrodomesticos","10":"product_cat-freidoras","12":"first","13":"instock","14":"sale","15":"shipping-taxable","16":"purchasable","17":"product-type-simple"},"acf":[],"_links":{"self":[{"href":"https:\/\/defabrica.com.mx\/defabrica\/wp-json\/wp\/v2\/product\/86888","targetHints":{"allow":["GET"]}}],"collection":[{"href":"https:\/\/defabrica.com.mx\/defabrica\/wp-json\/wp\/v2\/product"}],"about":[{"href":"https:\/\/defabrica.com.mx\/defabrica\/wp-json\/wp\/v2\/types\/product"}],"replies":[{"embeddable":true,"href":"https:\/\/defabrica.com.mx\/defabrica\/wp-json\/wp\/v2\/comments?post=86888"}],"wp:featuredmedia":[{"embeddable":true,"href":"https:\/\/defabrica.com.mx\/defabrica\/wp-json\/wp\/v2\/media\/86889"}],"wp:attachment":[{"href":"https:\/\/defabrica.com.mx\/defabrica\/wp-json\/wp\/v2\/media?parent=86888"}],"wp:term":[{"taxonomy":"product_brand","embeddable":true,"href":"https:\/\/defabrica.com.mx\/defabrica\/wp-json\/wp\/v2\/product_brand?post=86888"},{"taxonomy":"product_cat","embeddable":true,"href":"https:\/\/defabrica.com.mx\/defabrica\/wp-json\/wp\/v2\/product_cat?post=86888"},{"taxonomy":"product_tag","embeddable":true,"href":"https:\/\/defabrica.com.mx\/defabrica\/wp-json\/wp\/v2\/product_tag?post=86888"}],"curies":[{"name":"wp","href":"https:\/\/api.w.org\/{rel}","templated":true}]}}