{"id":86866,"date":"2022-07-05T03:44:52","date_gmt":"2022-07-05T08:44:52","guid":{"rendered":"https:\/\/defabrica.com.mx\/defabrica\/?post_type=product&#038;p=86866"},"modified":"2023-01-17T14:01:29","modified_gmt":"2023-01-17T20:01:29","slug":"hamilton-beach-freidora-estilo-profesional-de-8-tazas-acero-inoxidable","status":"publish","type":"product","link":"https:\/\/defabrica.com.mx\/defabrica\/producto\/hamilton-beach-freidora-estilo-profesional-de-8-tazas-acero-inoxidable\/","title":{"rendered":"Hamilton Beach &#8211; Freidora estilo profesional de 8 tazas &#8211; ACERO INOXIDABLE"},"content":{"rendered":"<p>La freidora de 8 tazas Hamilton Beach le permite fre\u00edr hasta 6 tazas de comida con calidad de restaurante para alimentar a toda su familia. Disfrutar\u00e1 de una fritura sin ensuciar, adem\u00e1s el tanque de aceite, la canasta de cocci\u00f3n y la tapa son aptos para lavavajillas para una f\u00e1cil limpieza.<\/p>\n<h3 class=\"heading-5 v-fw-regular feature-heading\"><strong>Caracter\u00edsticas<\/strong><\/h3>\n<div class=\"list-row\"><\/div>\n<div class=\"list-row\">\n<ul>\n<li><strong>CAPACIDAD DE TAMA\u00d1O FAMILIAR<\/strong><br \/>\nEsta freidora con cesta tiene una capacidad de 8 tazas de aceite, por lo que puedes fre\u00edr hasta 6 tazas de tu comida favorita en su cesta de fre\u00edr cromada.<\/li>\n<li><strong>ELIMINAR EL EXCESO DE ACEITE SIN ENSUCIAR<\/strong><br \/>\nLa canasta de la freidora el\u00e9ctrica tiene un gancho para un drenaje f\u00e1cil y sin desorden despu\u00e9s de fre\u00edr y la tapa cubre el aceite caliente y los alimentos durante la cocci\u00f3n para evitar salpicaduras.<\/li>\n<li><strong>HAGA COMIDA ESTILO RESTAURANTE EN MINUTOS<\/strong><br \/>\nEl potente elemento calefactor sumergido de 1500 vatios fr\u00ede los alimentos de manera r\u00e1pida y uniforme, para que pueda preparar de manera experta todas sus frituras favoritas, desde pollo hasta aros de cebolla.<\/li>\n<li><strong>F\u00c1CIL DE MONTAR, UTILIZAR Y LIMPIAR<\/strong><br \/>\nEsta freidora est\u00e1 dise\u00f1ada para que sea f\u00e1cil de armar y usar. Despu\u00e9s de fre\u00edr, el tanque de aceite esmaltado, la canasta de cocci\u00f3n y la tapa se pueden lavar en el lavavajillas para facilitar la limpieza.<\/li>\n<li><strong>EL CORD\u00d3N MAGN\u00c9TICO SE EXTIENDE F\u00c1CILMENTE<\/strong><br \/>\nSi el cable se engancha en la freidora para el hogar, el cable se desconecta instant\u00e1neamente de la freidora para evitar que se vuelque.<\/li>\n<\/ul>\n<\/div>\n","protected":false},"excerpt":{"rendered":"<p>La freidora de 8 tazas Hamilton Beach le permite fre\u00edr hasta 6 tazas de comida con calidad de restaurante para alimentar a toda su familia. Disfrutar\u00e1 de una fritura sin<\/p>\n","protected":false},"featured_media":86867,"comment_status":"open","ping_status":"closed","template":"","meta":{"_acf_changed":false,"_joinchat":[]},"product_brand":[],"product_cat":[336,337,338,950],"product_tag":[],"class_list":{"0":"post-86866","1":"product","2":"type-product","3":"status-publish","4":"has-post-thumbnail","6":"product_cat-hogar","7":"product_cat-cocina","8":"product_cat-electrodomesticos","9":"product_cat-freidoras","11":"first","12":"instock","13":"sale","14":"shipping-taxable","15":"purchasable","16":"product-type-simple"},"acf":[],"_links":{"self":[{"href":"https:\/\/defabrica.com.mx\/defabrica\/wp-json\/wp\/v2\/product\/86866","targetHints":{"allow":["GET"]}}],"collection":[{"href":"https:\/\/defabrica.com.mx\/defabrica\/wp-json\/wp\/v2\/product"}],"about":[{"href":"https:\/\/defabrica.com.mx\/defabrica\/wp-json\/wp\/v2\/types\/product"}],"replies":[{"embeddable":true,"href":"https:\/\/defabrica.com.mx\/defabrica\/wp-json\/wp\/v2\/comments?post=86866"}],"wp:featuredmedia":[{"embeddable":true,"href":"https:\/\/defabrica.com.mx\/defabrica\/wp-json\/wp\/v2\/media\/86867"}],"wp:attachment":[{"href":"https:\/\/defabrica.com.mx\/defabrica\/wp-json\/wp\/v2\/media?parent=86866"}],"wp:term":[{"taxonomy":"product_brand","embeddable":true,"href":"https:\/\/defabrica.com.mx\/defabrica\/wp-json\/wp\/v2\/product_brand?post=86866"},{"taxonomy":"product_cat","embeddable":true,"href":"https:\/\/defabrica.com.mx\/defabrica\/wp-json\/wp\/v2\/product_cat?post=86866"},{"taxonomy":"product_tag","embeddable":true,"href":"https:\/\/defabrica.com.mx\/defabrica\/wp-json\/wp\/v2\/product_tag?post=86866"}],"curies":[{"name":"wp","href":"https:\/\/api.w.org\/{rel}","templated":true}]}}