{"id":86854,"date":"2022-07-05T03:19:17","date_gmt":"2022-07-05T08:19:17","guid":{"rendered":"https:\/\/defabrica.com.mx\/defabrica\/?post_type=product&#038;p=86854"},"modified":"2023-01-17T14:02:13","modified_gmt":"2023-01-17T20:02:13","slug":"ge-horno-tostador-de-conveccion-con-air-fry-acero-inoxidable","status":"publish","type":"product","link":"https:\/\/defabrica.com.mx\/defabrica\/producto\/ge-horno-tostador-de-conveccion-con-air-fry-acero-inoxidable\/","title":{"rendered":"GE &#8211; Horno tostador de convecci\u00f3n con Air Fry &#8211; Acero inoxidable"},"content":{"rendered":"<p>En GE Appliances, hacemos que las cosas buenas cobren vida al dise\u00f1ar y fabricar los mejores electrodom\u00e9sticos del mundo.\u00a0Nuestro objetivo es ayudar a las personas a mejorar sus vidas en el hogar brind\u00e1ndoles electrodom\u00e9sticos de calidad hechos para la vida real.\u00a0Ya sea disfrutando de la tradici\u00f3n de preparar comidas desde cero o enfrentando una monta\u00f1a de jeans y camisetas de f\u00fatbol embarrados, los productos de GE Appliances est\u00e1n dise\u00f1ados para respaldar todas y cada una de las tareas del hogar.\u00a0Ahora esa calidad que ha llegado a amar est\u00e1 disponible directamente en su encimera gracias a los hornos tostadores con tecnolog\u00eda de fritura de aire caliente incorporada. , alternativa m\u00e1s limpia a la fritura tradicional.\u00a0Los controles el\u00e9ctricos le permiten ajustar el horno tostador a su configuraci\u00f3n exacta seg\u00fan sus preferencias.<\/p>\n<h3 class=\"heading-5 v-fw-regular feature-heading\"><strong>Caracter\u00edsticas<\/strong><\/h3>\n<ul>\n<li><strong>Horno tostador combinado con Air Fry<\/strong><br \/>\nHaga m\u00e1s gracias a una combinaci\u00f3n de horno tostador y freidora con todas las configuraciones que necesita, incluida una configuraci\u00f3n de fre\u00edr con aire para fre\u00edr r\u00e1pidamente sus favoritos.<\/li>\n<li><strong>Modo de convecci\u00f3n<\/strong><br \/>\nConsiga resultados dorados en su horno tostador de convecci\u00f3n gracias a un modo de cocci\u00f3n avanzado que hace circular el calor para un horneado perfectamente uniforme.<\/li>\n<li><strong>Panel de control digital<\/strong><br \/>\nDisfrute de resultados perfectos con un panel de control de tostadora digital y una pantalla que incluso muestra la temperatura mientras cocina.<\/li>\n<li><strong>8 funciones de cocci\u00f3n<\/strong><br \/>\nSatisfaga todas sus necesidades de cocci\u00f3n en un horno tostador multifunci\u00f3n con 8 modos de cocci\u00f3n: fre\u00edr al aire, hornear, asar, convecci\u00f3n, mantener caliente, probar, asar y tostar.<\/li>\n<li><strong>Conjunto de accesorios<\/strong><br \/>\nTenga siempre los utensilios de cocina del tama\u00f1o adecuado para su horno tostador gracias a un kit de accesorios incluido que incluye una rejilla, una bandeja para hornear y accesorios para freidoras.<\/li>\n<li><strong>Bandeja para migas<\/strong><br \/>\nMantenga su horno tostador sin migas gracias a una bandeja de migas extra\u00edble y externa que es f\u00e1cil de limpiar con solo jab\u00f3n y agua tibia.<\/li>\n<li><strong>Gran capacidad<\/strong><br \/>\nVers\u00e1til y espacioso, este horno tostador grande freir\u00e1 su comida frita favorita, tostar\u00e1 6 mitades de bagel, asar\u00e1 un pollo de 8 lb u hornear\u00e1 una pizza de 12&#8243;, todo con espacio de sobra.<\/li>\n<li><strong>7 configuraciones de sombra<\/strong><br \/>\nHaga tostadas exactamente como le gusta con la configuraci\u00f3n de tostadora de 7 tonos que va de claro a oscuro y se encuentra en la perilla del temporizador<\/li>\n<li><strong>Operaci\u00f3n silenciosa<\/strong><br \/>\nPerfecta para una cocina sana y sin ruidos, esta freidora de aire silenciosa tiene un ventilador de motor muy silencioso que ayuda a mantener un ambiente de cocci\u00f3n tranquilo.<\/li>\n<li><strong>Funci\u00f3n de prueba<\/strong><br \/>\nLeudar la masa de pan en el horno tostador es r\u00e1pido y f\u00e1cil, ya que crea el calor ideal para permitir que la masa de pan o pizza suba. El horno tostador tambi\u00e9n se puede usar para hornear el pan ajustando la temperatura y el tiempo de horneado deseados.<\/li>\n<li><strong>Precalentamiento r\u00e1pido<\/strong><br \/>\nDise\u00f1ado para la comodidad diaria, este horno tostador con precalentamiento r\u00e1pido le permite pasar del horno a la mesa m\u00e1s r\u00e1pido que los electrodom\u00e9sticos tradicionales.<\/li>\n<li><strong>Funci\u00f3n de freidora de aire<\/strong><br \/>\nVers\u00e1til y eficaz, esta combinaci\u00f3n de freidora de aire con horno tostador utiliza un potente aire ultra caliente para fre\u00edr los alimentos de manera saludable, con una cantidad m\u00ednima o nula de aceite de cocina.<\/li>\n<\/ul>\n","protected":false},"excerpt":{"rendered":"<p>En GE Appliances, hacemos que las cosas buenas cobren vida al dise\u00f1ar y fabricar los mejores electrodom\u00e9sticos del mundo.\u00a0Nuestro objetivo es ayudar a las personas a mejorar sus vidas en<\/p>\n","protected":false},"featured_media":86855,"comment_status":"open","ping_status":"closed","template":"","meta":{"_acf_changed":false,"_joinchat":[]},"product_brand":[],"product_cat":[336,337,338,950],"product_tag":[],"class_list":{"0":"post-86854","1":"product","2":"type-product","3":"status-publish","4":"has-post-thumbnail","6":"product_cat-hogar","7":"product_cat-cocina","8":"product_cat-electrodomesticos","9":"product_cat-freidoras","11":"first","12":"instock","13":"sale","14":"shipping-taxable","15":"purchasable","16":"product-type-simple"},"acf":[],"_links":{"self":[{"href":"https:\/\/defabrica.com.mx\/defabrica\/wp-json\/wp\/v2\/product\/86854","targetHints":{"allow":["GET"]}}],"collection":[{"href":"https:\/\/defabrica.com.mx\/defabrica\/wp-json\/wp\/v2\/product"}],"about":[{"href":"https:\/\/defabrica.com.mx\/defabrica\/wp-json\/wp\/v2\/types\/product"}],"replies":[{"embeddable":true,"href":"https:\/\/defabrica.com.mx\/defabrica\/wp-json\/wp\/v2\/comments?post=86854"}],"wp:featuredmedia":[{"embeddable":true,"href":"https:\/\/defabrica.com.mx\/defabrica\/wp-json\/wp\/v2\/media\/86855"}],"wp:attachment":[{"href":"https:\/\/defabrica.com.mx\/defabrica\/wp-json\/wp\/v2\/media?parent=86854"}],"wp:term":[{"taxonomy":"product_brand","embeddable":true,"href":"https:\/\/defabrica.com.mx\/defabrica\/wp-json\/wp\/v2\/product_brand?post=86854"},{"taxonomy":"product_cat","embeddable":true,"href":"https:\/\/defabrica.com.mx\/defabrica\/wp-json\/wp\/v2\/product_cat?post=86854"},{"taxonomy":"product_tag","embeddable":true,"href":"https:\/\/defabrica.com.mx\/defabrica\/wp-json\/wp\/v2\/product_tag?post=86854"}],"curies":[{"name":"wp","href":"https:\/\/api.w.org\/{rel}","templated":true}]}}