{"id":86829,"date":"2022-07-05T02:08:49","date_gmt":"2022-07-05T07:08:49","guid":{"rendered":"https:\/\/defabrica.com.mx\/defabrica\/?post_type=product&#038;p=86829"},"modified":"2023-01-17T14:04:04","modified_gmt":"2023-01-17T20:04:04","slug":"cuisinart-horno-tostador-con-freidora-de-aire-con-parrilla-acero-inoxidable-2","status":"publish","type":"product","link":"https:\/\/defabrica.com.mx\/defabrica\/producto\/cuisinart-horno-tostador-con-freidora-de-aire-con-parrilla-acero-inoxidable-2\/","title":{"rendered":"Cuisinart &#8211; Horno tostador con freidora de aire con parrilla &#8211; Acero inoxidable"},"content":{"rendered":"<div class=\"embedded-component-container lv product-description\">\n<div>\n<div id=\"shop-product-description-63577234\" class=\"_none\" data-version=\"1.3.45\">\n<div class=\"shop-product-description\">\n<section class=\"align-heading-left\" data-reactroot=\"\">\n<div class=\"long-description-container body-copy \">\n<div class=\"html-fragment\">\u00a1La freidora AirFryer exclusiva de Cuisinart ahora es a\u00fan mejor!\u00a0Adem\u00e1s de fre\u00edr papas fritas, hornear galletas o calentar las sobras, \u00a1ahora puede preparar comidas a\u00fan m\u00e1s deliciosas en su horno tostador con parrilla Cuisinart AirFryer!\u00a0Sella bistecs y verduras por un lado y prepara el desayuno perfecto por el otro con la nueva parrilla y plancha de doble cara.\u00a0Lleva la cocina de \u00faltima generaci\u00f3n a tu encimera con el espacioso horno de 8 funciones que hace que cocinar sea un fest\u00edn para familiares y amigos, o un simple refrigerio para uno, \u00a1divertido, r\u00e1pido y f\u00e1cil!<\/div>\n<\/div>\n<\/section>\n<\/div>\n<\/div>\n<\/div>\n<\/div>\n<div class=\"embedded-component-container lv product-features\"><\/div>\n<h3><\/h3>\n<div>\n<h3 class=\"heading-5 v-fw-regular feature-heading\"><strong>Caracter\u00edsticas<\/strong><\/h3>\n<ul>\n<li><strong>Interior<\/strong><br \/>\nInterior de 0.6 pies c\u00fabicos con luz<\/li>\n<li><strong>8 funciones<\/strong><br \/>\nFre\u00edr al aire, hornear por convecci\u00f3n, asar por convecci\u00f3n, hornear, asar, calentar, tostar y asar<\/li>\n<li><strong>Capacidad<\/strong><br \/>\nCapacidad AirFry de 3 libras<\/li>\n<li><strong>La temperatura<\/strong><br \/>\nTemperatura ajustable<\/li>\n<li><strong>Temporizador<\/strong><br \/>\nTemporizador de 60 minutos\/apagado autom\u00e1tico<\/li>\n<li><strong>Sombra<\/strong><br \/>\nTemporizador selector de tostadas<\/li>\n<li><strong>Antiadherente<\/strong><br \/>\nInterior antiadherente y f\u00e1cil de limpiar<\/li>\n<li><strong>Qu\u00e9 est\u00e1 incluido<\/strong><br \/>\nRejilla del horno, bandeja para hornear, rejilla\/canasta airfyer y parrilla<\/li>\n<li><strong>Tranquilo<\/strong><br \/>\nFuncionamiento silencioso<\/li>\n<li><strong>vatios<\/strong><br \/>\n1800 vatios<\/li>\n<\/ul>\n<\/div>\n","protected":false},"excerpt":{"rendered":"<p>\u00a1La freidora AirFryer exclusiva de Cuisinart ahora es a\u00fan mejor!\u00a0Adem\u00e1s de fre\u00edr papas fritas, hornear galletas o calentar las sobras, \u00a1ahora puede preparar comidas a\u00fan m\u00e1s deliciosas en su horno<\/p>\n","protected":false},"featured_media":86830,"comment_status":"open","ping_status":"closed","template":"","meta":{"_acf_changed":false,"_joinchat":[]},"product_brand":[],"product_cat":[336,337,338,950],"product_tag":[],"class_list":{"0":"post-86829","1":"product","2":"type-product","3":"status-publish","4":"has-post-thumbnail","6":"product_cat-hogar","7":"product_cat-cocina","8":"product_cat-electrodomesticos","9":"product_cat-freidoras","11":"first","12":"instock","13":"sale","14":"shipping-taxable","15":"purchasable","16":"product-type-simple"},"acf":[],"_links":{"self":[{"href":"https:\/\/defabrica.com.mx\/defabrica\/wp-json\/wp\/v2\/product\/86829","targetHints":{"allow":["GET"]}}],"collection":[{"href":"https:\/\/defabrica.com.mx\/defabrica\/wp-json\/wp\/v2\/product"}],"about":[{"href":"https:\/\/defabrica.com.mx\/defabrica\/wp-json\/wp\/v2\/types\/product"}],"replies":[{"embeddable":true,"href":"https:\/\/defabrica.com.mx\/defabrica\/wp-json\/wp\/v2\/comments?post=86829"}],"wp:featuredmedia":[{"embeddable":true,"href":"https:\/\/defabrica.com.mx\/defabrica\/wp-json\/wp\/v2\/media\/86830"}],"wp:attachment":[{"href":"https:\/\/defabrica.com.mx\/defabrica\/wp-json\/wp\/v2\/media?parent=86829"}],"wp:term":[{"taxonomy":"product_brand","embeddable":true,"href":"https:\/\/defabrica.com.mx\/defabrica\/wp-json\/wp\/v2\/product_brand?post=86829"},{"taxonomy":"product_cat","embeddable":true,"href":"https:\/\/defabrica.com.mx\/defabrica\/wp-json\/wp\/v2\/product_cat?post=86829"},{"taxonomy":"product_tag","embeddable":true,"href":"https:\/\/defabrica.com.mx\/defabrica\/wp-json\/wp\/v2\/product_tag?post=86829"}],"curies":[{"name":"wp","href":"https:\/\/api.w.org\/{rel}","templated":true}]}}