{"id":86818,"date":"2022-07-05T01:32:32","date_gmt":"2022-07-05T06:32:32","guid":{"rendered":"https:\/\/defabrica.com.mx\/defabrica\/?post_type=product&#038;p=86818"},"modified":"2023-01-17T14:03:38","modified_gmt":"2023-01-17T20:03:38","slug":"cuisinart-horno-tostador-con-freidora-de-aire-con-parrilla-acero-inoxidable","status":"publish","type":"product","link":"https:\/\/defabrica.com.mx\/defabrica\/producto\/cuisinart-horno-tostador-con-freidora-de-aire-con-parrilla-acero-inoxidable\/","title":{"rendered":"Cuisinart &#8211; Horno tostador AirFryer grande &#8211; Acero inoxidable"},"content":{"rendered":"<div class=\"embedded-component-container lv product-description\">\n<div>\n<div id=\"shop-product-description-6489053\" class=\"_none\" data-version=\"1.3.45\">\n<div class=\"shop-product-description\">\n<section class=\"align-heading-left\" data-reactroot=\"\">\n<div class=\"long-description-container body-copy \">\n<div class=\"html-fragment\">Prepare sus comidas con facilidad en el horno grande y vers\u00e1til que fr\u00ede al aire, hornea, asa, pizza, asa, cocina doble, recalienta, mantiene caliente, tuesta, bagel, deshidrata, cocina a fuego lento y lento.\u00a0Prepare las comidas que le gustan: alitas de pollo, pan tostado, hornee pizza con m\u00faltiples funciones de cocci\u00f3n.\u00a0Coma bien con la comodidad culinaria del horno AirFryer digital grande.<\/div>\n<\/div>\n<\/section>\n<\/div>\n<\/div>\n<\/div>\n<div>\u00a0 \u00a0 \u00a0 \u00a0 \u00a0 \u00a0 \u00a0 \u00a0 \u00a0 \u00a0 \u00a0 \u00a0 \u00a0 \u00a0 \u00a0 \u00a0 \u00a0 \u00a0 \u00a0 \u00a0 \u00a0 \u00a0 \u00a0 \u00a0 \u00a0 \u00a0 \u00a0 \u00a0 \u00a0 \u00a0 \u00a0 \u00a0 \u00a0 \u00a0 \u00a0 \u00a0 \u00a0 \u00a0 \u00a0 \u00a0 \u00a0 \u00a0 \u00a0 \u00a0 \u00a0 \u00a0 \u00a0 \u00a0 \u00a0 \u00a0 \u00a0 \u00a0 \u00a0 \u00a0 \u00a0 \u00a0 \u00a0 \u00a0 \u00a0 \u00a0 \u00a0 \u00a0 \u00a0 \u00a0 \u00a0 \u00a0 \u00a0 \u00a0 \u00a0 \u00a0 \u00a0 \u00a0 \u00a0 \u00a0 \u00a0 \u00a0 \u00a0 \u00a0 \u00a0 \u00a0 \u00a0 \u00a0 \u00a0 \u00a0 \u00a0 \u00a0 \u00a0 \u00a0 \u00a0 \u00a0 \u00a0 \u00a0 \u00a0 \u00a0 \u00a0 \u00a0 \u00a0 \u00a0 \u00a0 \u00a0 \u00a0 \u00a0 \u00a0 \u00a0 \u00a0 \u00a0 \u00a0 \u00a0 \u00a0 \u00a0 \u00a0 \u00a0 \u00a0 \u00a0 \u00a0 \u00a0 \u00a0 \u00a0 \u00a0 \u00a0 .<\/div>\n<\/div>\n<div class=\"embedded-component-container lv product-features\">\n<h3 class=\"heading-5 v-fw-regular feature-heading\"><strong>Caracter\u00edsticas<\/strong><\/h3>\n<div class=\"list-row\">\n<ul>\n<li><strong>Capacidad<\/strong><br \/>\n0,95 pies c\u00fabicos. &#8211; Lo suficientemente grande como para fre\u00edr al aire hasta 4 libras, tostar 9 rebanadas de pan, una pizza de 13&#8243; o una fuente de respaldo de 9&#8243; x 13&#8243;.<\/li>\n<li><strong>M\u00faltiples funciones de cocci\u00f3n<\/strong><br \/>\nfre\u00edr al aire, hornear, asar, pizza, asado, cocci\u00f3n dual, recalentar, mantener caliente, tostadas, bagel, deshidratar, bajo, cocci\u00f3n lenta<\/li>\n<li><strong>Preajustes<\/strong><br \/>\npreajustes de fre\u00edr al aire<\/li>\n<li><strong>Tostar\/Descongelar<\/strong><br \/>\nSelector de tostadas y opciones de descongelaci\u00f3n<\/li>\n<li><strong>Convecci\u00f3n<\/strong><br \/>\nConvecci\u00f3n de alta y baja velocidad<\/li>\n<li><strong>Ajustable<\/strong><br \/>\nTemperaturas de cocci\u00f3n ajustables (hasta 450 grados Fahrenheit) y tiempos<\/li>\n<li><strong>Antiadherente<\/strong><br \/>\nInterior antiadherente de f\u00e1cil limpieza y accesorios aptos para lavavajillas<\/li>\n<li><strong>Tranquilo<\/strong><br \/>\nOperaci\u00f3n silenciosa como un susurro<\/li>\n<li><strong>Luz<\/strong><br \/>\nLuz interior<\/li>\n<li><strong>Qu\u00e9 est\u00e1 incluido<\/strong><br \/>\nIncluye: rejilla para horno, bandeja para hornear y cesta para freidora, bandeja para migas<\/li>\n<li><strong>vatios<\/strong><br \/>\n1800 vatios<\/li>\n<\/ul>\n<\/div>\n<\/div>\n","protected":false},"excerpt":{"rendered":"<p>Prepare sus comidas con facilidad en el horno grande y vers\u00e1til que fr\u00ede al aire, hornea, asa, pizza, asa, cocina doble, recalienta, mantiene caliente, tuesta, bagel, deshidrata, cocina a fuego<\/p>\n","protected":false},"featured_media":86819,"comment_status":"open","ping_status":"closed","template":"","meta":{"_acf_changed":false,"_joinchat":[]},"product_brand":[],"product_cat":[336,337,338,950],"product_tag":[],"class_list":{"0":"post-86818","1":"product","2":"type-product","3":"status-publish","4":"has-post-thumbnail","6":"product_cat-hogar","7":"product_cat-cocina","8":"product_cat-electrodomesticos","9":"product_cat-freidoras","11":"first","12":"instock","13":"sale","14":"shipping-taxable","15":"purchasable","16":"product-type-simple"},"acf":[],"_links":{"self":[{"href":"https:\/\/defabrica.com.mx\/defabrica\/wp-json\/wp\/v2\/product\/86818","targetHints":{"allow":["GET"]}}],"collection":[{"href":"https:\/\/defabrica.com.mx\/defabrica\/wp-json\/wp\/v2\/product"}],"about":[{"href":"https:\/\/defabrica.com.mx\/defabrica\/wp-json\/wp\/v2\/types\/product"}],"replies":[{"embeddable":true,"href":"https:\/\/defabrica.com.mx\/defabrica\/wp-json\/wp\/v2\/comments?post=86818"}],"wp:featuredmedia":[{"embeddable":true,"href":"https:\/\/defabrica.com.mx\/defabrica\/wp-json\/wp\/v2\/media\/86819"}],"wp:attachment":[{"href":"https:\/\/defabrica.com.mx\/defabrica\/wp-json\/wp\/v2\/media?parent=86818"}],"wp:term":[{"taxonomy":"product_brand","embeddable":true,"href":"https:\/\/defabrica.com.mx\/defabrica\/wp-json\/wp\/v2\/product_brand?post=86818"},{"taxonomy":"product_cat","embeddable":true,"href":"https:\/\/defabrica.com.mx\/defabrica\/wp-json\/wp\/v2\/product_cat?post=86818"},{"taxonomy":"product_tag","embeddable":true,"href":"https:\/\/defabrica.com.mx\/defabrica\/wp-json\/wp\/v2\/product_tag?post=86818"}],"curies":[{"name":"wp","href":"https:\/\/api.w.org\/{rel}","templated":true}]}}