{"id":86804,"date":"2022-07-05T00:59:01","date_gmt":"2022-07-05T05:59:01","guid":{"rendered":"https:\/\/defabrica.com.mx\/defabrica\/?post_type=product&#038;p=86804"},"modified":"2022-07-05T11:50:24","modified_gmt":"2022-07-05T16:50:24","slug":"freidora-chefman-xl-de-45-litros-con-colador-de-cesta-acero-inoxidable","status":"publish","type":"product","link":"https:\/\/defabrica.com.mx\/defabrica\/producto\/freidora-chefman-xl-de-45-litros-con-colador-de-cesta-acero-inoxidable\/","title":{"rendered":"Freidora Chefman XL de 4,5 litros con colador de cesta &#8211; Acero inoxidable"},"content":{"rendered":"<p><span>Con la freidora el\u00e9ctrica Chefman Jumbo, puede preparar alimentos fritos de alta calidad para la familia en casa, cualquier d\u00eda de la semana.\u00a0<\/span><span>\u00bfTienes una fiesta con amigos o familiares?\u00a0<\/span><span>Sorpr\u00e9ndelos con una sabrosa comida frita.\u00a0<\/span><span>Esta freidora est\u00e1 construida con una capacidad de cesta XL de 4,5 l para fre\u00edr grandes porciones de alimentos de una sola vez, lo que le ayuda a ahorrar tiempo.\u00a0<\/span><span>Con un control de temperatura f\u00e1cil de usar, un temporizador y una ventana de visualizaci\u00f3n en la tapa, esta freidora de acero inoxidable produce alimentos perfectamente cocinados en todo momento.\u00a0<\/span><span>La capacidad de cuatro litros y medio de tama\u00f1o extra grande se puede utilizar con una canasta de freidora grande, lo suficientemente vers\u00e1til para comer solo o preparar una comida familiar.\u00a0<\/span><\/p>\n<h3 class=\"heading-5 v-fw-regular feature-heading\"><strong>Caracter\u00edsticas<\/strong><\/h3>\n<ul>\n<li><strong>FRITOS PARA LA FAMILIA<\/strong><br \/>\n\u00a1Ideal para una multitud hambrienta, la capacidad de 4.5 litros de esta freidora fr\u00ede grandes porciones de papas fritas, donas, pollo frito, papas fritas caseras, palitos de mozzarella y m\u00e1s! \u00bfOrganizar una fiesta, tener las vacaciones en su casa o simplemente amar la comida frita?<\/li>\n<li><strong>LLEVA A CASA CALIDAD DE RESTAURANTE<\/strong><br \/>\nPrepare aperitivos estilo restaurante para toda la familia en minutos en su propia cocina. El dial de control de temperatura se ajusta f\u00e1cilmente para fre\u00edr con precisi\u00f3n, sin necesidad de herramientas adicionales. El elemento calefactor de 1700 vatios y el filtro de aire fr\u00eden sus alimentos favoritos de manera r\u00e1pida y uniforme.<\/li>\n<li><strong>COMIDAS SIN MASA<\/strong><br \/>\nFre\u00edr alimentos en casa ya no significa un desastre salpicado y un olor aceitoso persistente. Con esta freidora, la canasta para fre\u00edr se engancha a un lado para que el aceite pueda drenarse f\u00e1cilmente. Adem\u00e1s, la canasta es removible y apta para lavavajillas para una f\u00e1cil limpieza.<\/li>\n<li><strong>CONVENIENTE Y SEGURO<\/strong><br \/>\nCon la tapa de la freidora, completa con una ventana de visualizaci\u00f3n, puede verificar si su comida est\u00e1 crujiente sin abrir la freidora. El cable magn\u00e9tico evita derrames, por lo que puede preocuparse menos por la seguridad y concentrarse m\u00e1s en lo que est\u00e1 cocinando.<\/li>\n<li><strong>RECURSOS<\/strong><br \/>\nAprobado por cETL con tecnolog\u00eda de seguridad avanzada para una mayor durabilidad y garant\u00eda de 1 a\u00f1o proporcionada por Chefman, para que pueda comprar sin preocupaciones: \u00a1lo respaldamos!<\/li>\n<\/ul>\n","protected":false},"excerpt":{"rendered":"<p>Con la freidora el\u00e9ctrica Chefman Jumbo, puede preparar alimentos fritos de alta calidad para la familia en casa, cualquier d\u00eda de la semana.\u00a0\u00bfTienes una fiesta con amigos o familiares?\u00a0Sorpr\u00e9ndelos con<\/p>\n","protected":false},"featured_media":86806,"comment_status":"open","ping_status":"closed","template":"","meta":{"_acf_changed":false,"_joinchat":[]},"product_brand":[],"product_cat":[336,337,338,950],"product_tag":[],"class_list":{"0":"post-86804","1":"product","2":"type-product","3":"status-publish","4":"has-post-thumbnail","6":"product_cat-hogar","7":"product_cat-cocina","8":"product_cat-electrodomesticos","9":"product_cat-freidoras","11":"first","12":"instock","13":"sale","14":"shipping-taxable","15":"purchasable","16":"product-type-simple"},"acf":[],"_links":{"self":[{"href":"https:\/\/defabrica.com.mx\/defabrica\/wp-json\/wp\/v2\/product\/86804","targetHints":{"allow":["GET"]}}],"collection":[{"href":"https:\/\/defabrica.com.mx\/defabrica\/wp-json\/wp\/v2\/product"}],"about":[{"href":"https:\/\/defabrica.com.mx\/defabrica\/wp-json\/wp\/v2\/types\/product"}],"replies":[{"embeddable":true,"href":"https:\/\/defabrica.com.mx\/defabrica\/wp-json\/wp\/v2\/comments?post=86804"}],"wp:featuredmedia":[{"embeddable":true,"href":"https:\/\/defabrica.com.mx\/defabrica\/wp-json\/wp\/v2\/media\/86806"}],"wp:attachment":[{"href":"https:\/\/defabrica.com.mx\/defabrica\/wp-json\/wp\/v2\/media?parent=86804"}],"wp:term":[{"taxonomy":"product_brand","embeddable":true,"href":"https:\/\/defabrica.com.mx\/defabrica\/wp-json\/wp\/v2\/product_brand?post=86804"},{"taxonomy":"product_cat","embeddable":true,"href":"https:\/\/defabrica.com.mx\/defabrica\/wp-json\/wp\/v2\/product_cat?post=86804"},{"taxonomy":"product_tag","embeddable":true,"href":"https:\/\/defabrica.com.mx\/defabrica\/wp-json\/wp\/v2\/product_tag?post=86804"}],"curies":[{"name":"wp","href":"https:\/\/api.w.org\/{rel}","templated":true}]}}