{"id":86797,"date":"2022-07-05T00:44:31","date_gmt":"2022-07-05T05:44:31","guid":{"rendered":"https:\/\/defabrica.com.mx\/defabrica\/?post_type=product&#038;p=86797"},"modified":"2022-07-05T11:50:24","modified_gmt":"2022-07-05T16:50:24","slug":"chefman-turbofry-toque-8-qt-freidora-de-aire-con-pantalla-digital-avanzada-negro","status":"publish","type":"product","link":"https:\/\/defabrica.com.mx\/defabrica\/producto\/chefman-turbofry-toque-8-qt-freidora-de-aire-con-pantalla-digital-avanzada-negro\/","title":{"rendered":"Chefman TurboFry Toque 8 Qt. Freidora de aire con pantalla digital avanzada &#8211; Negro"},"content":{"rendered":"<p><span>Lleve su juego de cena entre semana al siguiente nivel con la freidora de aire Chefman TurboFry Touch.\u00a0<\/span><span>Con una capacidad XL de 8 qt, las comidas completas para toda la familia pueden estar listas en poco tiempo.\u00a0<\/span><span>Adem\u00e1s, el poder de la tecnolog\u00eda de aire r\u00e1pido cocina los alimentos m\u00e1s r\u00e1pido y de manera m\u00e1s saludable que nunca: use poco o nada de aceite y logre el mismo acabado crujiente y frito que ama.\u00a0<\/span><span>Sirva platos favoritos de restaurantes, desde palitos de mozzarella hasta papas fritas, filetes de pollo hasta pizza y mucho m\u00e1s, sin necesidad de fre\u00edrlos.\u00a0<\/span><span>Con una gran pantalla digital con control t\u00e1ctil capacitivo en la parte superior de la freidora, una ventana de visualizaci\u00f3n extra grande y una luz interior brillante, es f\u00e1cil controlar cada comida<\/span><\/p>\n<h3 class=\"heading-5 v-fw-regular feature-heading\"><strong>Caracter\u00edsticas<\/strong><\/h3>\n<ul>\n<li><strong>FRITURA FAMILIAR<\/strong><br \/>\nCree deliciosas comidas entre semana para toda la familia en un conveniente profesional de fre\u00edr al aire. Chefman TurboFry Touch es la clave para crear cenas m\u00e1s saludables, almuerzos deliciosos, guarniciones satisfactorias e incluso sobras crujientes y recalentadas.<\/li>\n<li><strong>F\u00c1CIL VISUALIZACI\u00d3N<\/strong><br \/>\nVigile la cena con la ventana de visualizaci\u00f3n extra grande y la brillante luz interior. Use la pantalla digital avanzada, con una ubicaci\u00f3n \u00fanica en la parte superior de la freidora, puede controlar su cocci\u00f3n y monitorear los resultados sin apartar la vista de sus ingredientes.<\/li>\n<li><strong>PREAJUSTES DE COCCI\u00d3N<\/strong><br \/>\nSirva sus comidas fritas favoritas en un instante con 4 preajustes de cocci\u00f3n de un solo toque. Con solo presionar un bot\u00f3n, puede cocinar perfectamente papas fritas doradas, pollo frito crujiente, carne tierna y pescado delicado. Adem\u00e1s, el recordatorio de batido LED garantiza resultados uniformes en todo momento.<\/li>\n<li><strong>ALIMENTACI\u00d3N SALUDABLE<\/strong><br \/>\nDisfrute de los resultados crujientes y fritos que anhela con poco o nada de aceite. Las cenas m\u00e1s saludables comienzan con la fritura al aire, utilizando el poder de la tecnolog\u00eda de aire r\u00e1pido para lograr resultados crujientes y fritos en cada ingrediente. El control de temperatura ajustable pone las comidas en tus manos.<\/li>\n<li><strong>RECURSOS<\/strong><br \/>\nAprobado por cETL con tecnolog\u00eda de seguridad avanzada para una mayor durabilidad y garant\u00eda de 1 a\u00f1o proporcionada por Chefman, para que pueda comprar sin preocupaciones: \u00a1lo respaldamos!<\/li>\n<\/ul>\n","protected":false},"excerpt":{"rendered":"<p>Lleve su juego de cena entre semana al siguiente nivel con la freidora de aire Chefman TurboFry Touch.\u00a0Con una capacidad XL de 8 qt, las comidas completas para toda la<\/p>\n","protected":false},"featured_media":86798,"comment_status":"open","ping_status":"closed","template":"","meta":{"_acf_changed":false,"_joinchat":[]},"product_brand":[],"product_cat":[336,337,338,950],"product_tag":[],"class_list":{"0":"post-86797","1":"product","2":"type-product","3":"status-publish","4":"has-post-thumbnail","6":"product_cat-hogar","7":"product_cat-cocina","8":"product_cat-electrodomesticos","9":"product_cat-freidoras","11":"first","12":"instock","13":"sale","14":"shipping-taxable","15":"purchasable","16":"product-type-simple"},"acf":[],"_links":{"self":[{"href":"https:\/\/defabrica.com.mx\/defabrica\/wp-json\/wp\/v2\/product\/86797","targetHints":{"allow":["GET"]}}],"collection":[{"href":"https:\/\/defabrica.com.mx\/defabrica\/wp-json\/wp\/v2\/product"}],"about":[{"href":"https:\/\/defabrica.com.mx\/defabrica\/wp-json\/wp\/v2\/types\/product"}],"replies":[{"embeddable":true,"href":"https:\/\/defabrica.com.mx\/defabrica\/wp-json\/wp\/v2\/comments?post=86797"}],"wp:featuredmedia":[{"embeddable":true,"href":"https:\/\/defabrica.com.mx\/defabrica\/wp-json\/wp\/v2\/media\/86798"}],"wp:attachment":[{"href":"https:\/\/defabrica.com.mx\/defabrica\/wp-json\/wp\/v2\/media?parent=86797"}],"wp:term":[{"taxonomy":"product_brand","embeddable":true,"href":"https:\/\/defabrica.com.mx\/defabrica\/wp-json\/wp\/v2\/product_brand?post=86797"},{"taxonomy":"product_cat","embeddable":true,"href":"https:\/\/defabrica.com.mx\/defabrica\/wp-json\/wp\/v2\/product_cat?post=86797"},{"taxonomy":"product_tag","embeddable":true,"href":"https:\/\/defabrica.com.mx\/defabrica\/wp-json\/wp\/v2\/product_tag?post=86797"}],"curies":[{"name":"wp","href":"https:\/\/api.w.org\/{rel}","templated":true}]}}