{"id":86783,"date":"2022-07-05T00:11:52","date_gmt":"2022-07-05T05:11:52","guid":{"rendered":"https:\/\/defabrica.com.mx\/defabrica\/?post_type=product&#038;p=86783"},"modified":"2022-07-05T11:50:25","modified_gmt":"2022-07-05T16:50:25","slug":"chefman-digital-5-qt-freidora-de-aire-con-4-ajustes-preestablecidos-de-coccion-y-recordatorio-de-batido-plata-negro","status":"publish","type":"product","link":"https:\/\/defabrica.com.mx\/defabrica\/producto\/chefman-digital-5-qt-freidora-de-aire-con-4-ajustes-preestablecidos-de-coccion-y-recordatorio-de-batido-plata-negro\/","title":{"rendered":"Chefman Digital 5 Qt. Freidora de aire con 4 ajustes preestablecidos de cocci\u00f3n y recordatorio de batido &#8211; Plata\/Negro"},"content":{"rendered":"<p>Finalmente, una freidora de aire que lo tiene todo.\u00a0Chefman TurboFry Touch hace que dominar las comidas entre semana sea m\u00e1s f\u00e1cil que nunca.\u00a0Con un control digital de un solo toque sin esfuerzo y cuatro funciones de cocci\u00f3n integradas, puede cocinar sus comidas favoritas con el acabado frito perfecto, en todo momento.\u00a0Chefman lo tiene cubierto.\u00a0Este producto est\u00e1 aprobado por UL con tecnolog\u00eda de seguridad avanzada para una mayor durabilidad.\u00a0Para obtener informaci\u00f3n sobre c\u00f3mo usar su producto, despl\u00e1cese hacia abajo para obtener una Gu\u00eda del usuario en PDF.\u00a0120 voltios\/1500 vatios \u2013RJ38-SQSS-5T No importa si est\u00e1 de humor para un pollo crujiente, un chulet\u00f3n poco hecho o papas fritas doradas, este electrodom\u00e9stico lo ayuda a cocinar con confianza.\u00a0La temperatura ajustable de 200 \u00b0F a 400 \u00b0F y la capacidad de sumar o restar tiempo le permite personalizar su fritura al aire.<\/p>\n<h3 class=\"heading-5 v-fw-regular feature-heading\"><strong>Caracter\u00edsticas<\/strong><\/h3>\n<div class=\"list-row\"><\/div>\n<div class=\"list-row\">\n<ul>\n<li><strong>Con 4 funciones de cocci\u00f3n integradas, puede fre\u00edr al aire pollo, pescado, bistec y papas fritas crujientes hasta lograr un acabado impecable con poco o nada de aceite.<\/strong><\/li>\n<li><strong>Temperatura ajustable de 200 \u00b0F a 400 \u00b0F y control digital intuitivo.<\/strong><\/li>\n<li><strong>Capacidad de la canasta de 5 cuartos para cocinar para una multitud.<\/strong><\/li>\n<li><strong>El exterior de acero inoxidable se ve hermoso en su encimera, pero tambi\u00e9n es extremadamente f\u00e1cil de guardar.<\/strong><\/li>\n<li><strong>Todos los accesorios son aptos para lavavajillas y la cesta antiadherente es incre\u00edblemente f\u00e1cil de limpiar.<\/strong><\/li>\n<\/ul>\n<\/div>\n","protected":false},"excerpt":{"rendered":"<p>Finalmente, una freidora de aire que lo tiene todo.\u00a0Chefman TurboFry Touch hace que dominar las comidas entre semana sea m\u00e1s f\u00e1cil que nunca.\u00a0Con un control digital de un solo toque<\/p>\n","protected":false},"featured_media":86784,"comment_status":"open","ping_status":"closed","template":"","meta":{"_acf_changed":false,"_joinchat":[]},"product_brand":[],"product_cat":[336,337,338,950],"product_tag":[],"class_list":{"0":"post-86783","1":"product","2":"type-product","3":"status-publish","4":"has-post-thumbnail","6":"product_cat-hogar","7":"product_cat-cocina","8":"product_cat-electrodomesticos","9":"product_cat-freidoras","11":"first","12":"instock","13":"sale","14":"shipping-taxable","15":"purchasable","16":"product-type-simple"},"acf":[],"_links":{"self":[{"href":"https:\/\/defabrica.com.mx\/defabrica\/wp-json\/wp\/v2\/product\/86783","targetHints":{"allow":["GET"]}}],"collection":[{"href":"https:\/\/defabrica.com.mx\/defabrica\/wp-json\/wp\/v2\/product"}],"about":[{"href":"https:\/\/defabrica.com.mx\/defabrica\/wp-json\/wp\/v2\/types\/product"}],"replies":[{"embeddable":true,"href":"https:\/\/defabrica.com.mx\/defabrica\/wp-json\/wp\/v2\/comments?post=86783"}],"wp:featuredmedia":[{"embeddable":true,"href":"https:\/\/defabrica.com.mx\/defabrica\/wp-json\/wp\/v2\/media\/86784"}],"wp:attachment":[{"href":"https:\/\/defabrica.com.mx\/defabrica\/wp-json\/wp\/v2\/media?parent=86783"}],"wp:term":[{"taxonomy":"product_brand","embeddable":true,"href":"https:\/\/defabrica.com.mx\/defabrica\/wp-json\/wp\/v2\/product_brand?post=86783"},{"taxonomy":"product_cat","embeddable":true,"href":"https:\/\/defabrica.com.mx\/defabrica\/wp-json\/wp\/v2\/product_cat?post=86783"},{"taxonomy":"product_tag","embeddable":true,"href":"https:\/\/defabrica.com.mx\/defabrica\/wp-json\/wp\/v2\/product_tag?post=86783"}],"curies":[{"name":"wp","href":"https:\/\/api.w.org\/{rel}","templated":true}]}}