{"id":86769,"date":"2022-07-04T23:47:04","date_gmt":"2022-07-05T04:47:04","guid":{"rendered":"https:\/\/defabrica.com.mx\/defabrica\/?post_type=product&#038;p=86769"},"modified":"2022-07-05T11:50:26","modified_gmt":"2022-07-05T16:50:26","slug":"nutrichef-freidora-de-aire-blanco","status":"publish","type":"product","link":"https:\/\/defabrica.com.mx\/defabrica\/producto\/nutrichef-freidora-de-aire-blanco\/","title":{"rendered":"NutriChef &#8211; Freidora de aire &#8211; Blanco"},"content":{"rendered":"<div class=\"embedded-component-container lv product-description\">\n<div>\n<div id=\"shop-product-description-77179349\" class=\"_none\" data-version=\"1.3.45\">\n<div class=\"shop-product-description\">\n<section class=\"align-heading-left\" data-reactroot=\"\">\n<div class=\"long-description-container body-copy \">\n<div class=\"html-fragment\"><span>Disfrute de una cocina saludable en la encimera con la freidora de aire con horno hal\u00f3geno\/cocina de convecci\u00f3n infrarroja NutriChef.\u00a0Esta freidora de aire caliente funciona m\u00e1s r\u00e1pido y de manera m\u00e1s eficiente que un horno de convecci\u00f3n tradicional y requiere poco o nada de aceite para cocinar.\u00a0Cuenta con un elemento calefactor de alta potencia de 1200 W y una r\u00e1pida circulaci\u00f3n de aire caliente para una cocci\u00f3n uniforme.\u00a0Un electrodom\u00e9stico de cocina multifuncional, esta freidora de aire es ideal para descongelar, recalentar sobras, asar, asar, asar, hornear, cocinar al vapor y m\u00e1s.\u00a0\u00daselo para hacer un delicioso pollo, bistec, costillas, pescado, camarones y todos sus otros favoritos.\u00a0Para facilitar su uso, la olla tiene una tapa de vidrio transparente con vista de 360 \u200b\u200bgrados y un taz\u00f3n de cocci\u00f3n de acero inoxidable resistente a las manchas y f\u00e1cil de limpiar.\u00a0Est\u00e1 equipado con controles giratorios simples para ajustar el tiempo y la temperatura y pr\u00e1cticos indicadores LED de potencia y calor.\u00a0Una funci\u00f3n de encendido\/apagado autom\u00e1tico junto con una base resistente y un asa integrada garantizan un uso seguro.\u00a0El modelo AZPKAIRFR48 viene en un tama\u00f1o compacto para colocarlo c\u00f3modamente en su mostrador.<\/span><\/div>\n<\/div>\n<\/section>\n<\/div>\n<\/div>\n<\/div>\n<\/div>\n<div class=\"embedded-component-container lv product-features\">\n<h3><\/h3>\n<h3 class=\"heading-5 v-fw-regular feature-heading\"><strong>Caracter\u00edsticas<\/strong><\/h3>\n<ul>\n<li><strong>Freidora de aire el\u00e9ctrica<\/strong><br \/>\nPrepare deliciosas comidas r\u00e1pida y f\u00e1cilmente con esta freidora de aire el\u00e9ctrica<\/li>\n<li><strong>F\u00e1cil de limpiar<\/strong><br \/>\nEst\u00e1 inteligentemente dise\u00f1ado para permitir una f\u00e1cil limpieza.<\/li>\n<li><strong>Otras caracter\u00edsticas<\/strong><br \/>\nOtras caracter\u00edsticas incluyen tapa transparente, tecnolog\u00eda de aire r\u00e1pido, resistente a las manchas, temperatura ajustable, recipiente extra\u00edble y apagado autom\u00e1tico<\/li>\n<li><strong>Construcci\u00f3n<\/strong><br \/>\nFabricado con materiales de taz\u00f3n de acero inoxidable\/tapa de vidrio para mayor durabilidad<\/li>\n<li><strong>Aspecto elegante<\/strong><br \/>\nAspecto y tacto premium con color blanco.<\/li>\n<\/ul>\n<\/div>\n","protected":false},"excerpt":{"rendered":"<p>Disfrute de una cocina saludable en la encimera con la freidora de aire con horno hal\u00f3geno\/cocina de convecci\u00f3n infrarroja NutriChef.\u00a0Esta freidora de aire caliente funciona m\u00e1s r\u00e1pido y de manera<\/p>\n","protected":false},"featured_media":86772,"comment_status":"open","ping_status":"closed","template":"","meta":{"_acf_changed":false,"_joinchat":[]},"product_brand":[],"product_cat":[336,337,338,950],"product_tag":[],"class_list":{"0":"post-86769","1":"product","2":"type-product","3":"status-publish","4":"has-post-thumbnail","6":"product_cat-hogar","7":"product_cat-cocina","8":"product_cat-electrodomesticos","9":"product_cat-freidoras","11":"first","12":"instock","13":"sale","14":"shipping-taxable","15":"purchasable","16":"product-type-simple"},"acf":[],"_links":{"self":[{"href":"https:\/\/defabrica.com.mx\/defabrica\/wp-json\/wp\/v2\/product\/86769","targetHints":{"allow":["GET"]}}],"collection":[{"href":"https:\/\/defabrica.com.mx\/defabrica\/wp-json\/wp\/v2\/product"}],"about":[{"href":"https:\/\/defabrica.com.mx\/defabrica\/wp-json\/wp\/v2\/types\/product"}],"replies":[{"embeddable":true,"href":"https:\/\/defabrica.com.mx\/defabrica\/wp-json\/wp\/v2\/comments?post=86769"}],"wp:featuredmedia":[{"embeddable":true,"href":"https:\/\/defabrica.com.mx\/defabrica\/wp-json\/wp\/v2\/media\/86772"}],"wp:attachment":[{"href":"https:\/\/defabrica.com.mx\/defabrica\/wp-json\/wp\/v2\/media?parent=86769"}],"wp:term":[{"taxonomy":"product_brand","embeddable":true,"href":"https:\/\/defabrica.com.mx\/defabrica\/wp-json\/wp\/v2\/product_brand?post=86769"},{"taxonomy":"product_cat","embeddable":true,"href":"https:\/\/defabrica.com.mx\/defabrica\/wp-json\/wp\/v2\/product_cat?post=86769"},{"taxonomy":"product_tag","embeddable":true,"href":"https:\/\/defabrica.com.mx\/defabrica\/wp-json\/wp\/v2\/product_tag?post=86769"}],"curies":[{"name":"wp","href":"https:\/\/api.w.org\/{rel}","templated":true}]}}