{"id":86759,"date":"2022-07-04T23:56:52","date_gmt":"2022-07-05T04:56:52","guid":{"rendered":"https:\/\/defabrica.com.mx\/defabrica\/?post_type=product&#038;p=86759"},"modified":"2022-07-05T11:50:25","modified_gmt":"2022-07-05T16:50:25","slug":"freidora-de-aire-chefman-turbofry-8-qt-cesta-cuadrada-con-divisor-para-coccion-doble-plata-negro","status":"publish","type":"product","link":"https:\/\/defabrica.com.mx\/defabrica\/producto\/freidora-de-aire-chefman-turbofry-8-qt-cesta-cuadrada-con-divisor-para-coccion-doble-plata-negro\/","title":{"rendered":"Freidora de aire Chefman TurboFry, 8 qt. Cesta cuadrada con divisor para cocci\u00f3n doble &#8211; Plata\/Negro"},"content":{"rendered":"<p>Fre\u00edr al aire comidas saludables y de tama\u00f1o familiar con la freidora Chefman TurboFry Touch Air. Fre\u00edr al aire con poco o nada de aceite para comidas tan nutritivas como deliciosas. Con una capacidad de 8 cuartos y un conveniente divisor incorporado, puede preparar lo que su p\u00fablico desee. El divisor le permite fre\u00edr al aire dos alimentos diferentes a la vez, ya sean verduras, papas fritas, pollo o pizza. Cuatro ajustes preestablecidos convenientes, control t\u00e1ctil digital intuitivo y temperatura ajustable de 200 \u00b0 a 400 \u00b0 le permiten cocinar f\u00e1cilmente su comida a la perfecci\u00f3n crujiente. El recordatorio de batido LED y la tecnolog\u00eda de aire r\u00e1pido garantizan una cocci\u00f3n uniforme en todo momento. Cuando haya terminado de cocinar, simplemente limpie el exterior de acero inoxidable con un pa\u00f1o h\u00famedo y coloque la cesta antiadherente y apta para lavavajillas en la rejilla superior.<\/p>\n<h3 class=\"heading-5 v-fw-regular feature-heading\"><strong>Caracter\u00edsticas<\/strong><\/h3>\n<div class=\"list-row\"><\/div>\n<div class=\"list-row\">\n<ul>\n<li><strong>Canasta de 8 cuartos con un divisor para una conveniente cocci\u00f3n doble<\/strong><\/li>\n<li><strong>4 preajustes de cocci\u00f3n de un solo toque y control t\u00e1ctil digital<\/strong><\/li>\n<li><strong>Control de temperatura ajustable de 200 \u00b0 a 400<\/strong><\/li>\n<li><strong>Fr\u00ede al aire tus patatas fritas, pollo, verduras, pizza, alimentos congelados o recalienta las sobras.<\/strong><\/li>\n<li><strong>Use poco o nada de aceite para comidas saludables<\/strong><\/li>\n<li><strong>Elegante acabado en acero inoxidable<\/strong><\/li>\n<li><strong>Piezas aptas para lavavajillas<\/strong><\/li>\n<\/ul>\n<\/div>\n","protected":false},"excerpt":{"rendered":"<p>Fre\u00edr al aire comidas saludables y de tama\u00f1o familiar con la freidora Chefman TurboFry Touch Air. Fre\u00edr al aire con poco o nada de aceite para comidas tan nutritivas como<\/p>\n","protected":false},"featured_media":86777,"comment_status":"open","ping_status":"closed","template":"","meta":{"_acf_changed":false,"_joinchat":[]},"product_brand":[],"product_cat":[336,337,338,950],"product_tag":[],"class_list":{"0":"post-86759","1":"product","2":"type-product","3":"status-publish","4":"has-post-thumbnail","6":"product_cat-hogar","7":"product_cat-cocina","8":"product_cat-electrodomesticos","9":"product_cat-freidoras","11":"first","12":"instock","13":"sale","14":"shipping-taxable","15":"purchasable","16":"product-type-simple"},"acf":[],"_links":{"self":[{"href":"https:\/\/defabrica.com.mx\/defabrica\/wp-json\/wp\/v2\/product\/86759","targetHints":{"allow":["GET"]}}],"collection":[{"href":"https:\/\/defabrica.com.mx\/defabrica\/wp-json\/wp\/v2\/product"}],"about":[{"href":"https:\/\/defabrica.com.mx\/defabrica\/wp-json\/wp\/v2\/types\/product"}],"replies":[{"embeddable":true,"href":"https:\/\/defabrica.com.mx\/defabrica\/wp-json\/wp\/v2\/comments?post=86759"}],"wp:featuredmedia":[{"embeddable":true,"href":"https:\/\/defabrica.com.mx\/defabrica\/wp-json\/wp\/v2\/media\/86777"}],"wp:attachment":[{"href":"https:\/\/defabrica.com.mx\/defabrica\/wp-json\/wp\/v2\/media?parent=86759"}],"wp:term":[{"taxonomy":"product_brand","embeddable":true,"href":"https:\/\/defabrica.com.mx\/defabrica\/wp-json\/wp\/v2\/product_brand?post=86759"},{"taxonomy":"product_cat","embeddable":true,"href":"https:\/\/defabrica.com.mx\/defabrica\/wp-json\/wp\/v2\/product_cat?post=86759"},{"taxonomy":"product_tag","embeddable":true,"href":"https:\/\/defabrica.com.mx\/defabrica\/wp-json\/wp\/v2\/product_tag?post=86759"}],"curies":[{"name":"wp","href":"https:\/\/api.w.org\/{rel}","templated":true}]}}