{"id":86742,"date":"2022-07-04T22:53:11","date_gmt":"2022-07-05T03:53:11","guid":{"rendered":"https:\/\/defabrica.com.mx\/defabrica\/?post_type=product&#038;p=86742"},"modified":"2023-01-17T13:57:51","modified_gmt":"2023-01-17T19:57:51","slug":"panasonic-1-2-cu-pie-microondas-multihorno-4-en-1-homechef-cd87ks-de-1000-vatios-freidora-de-aire-asador-conveccion-inversor-plateado","status":"publish","type":"product","link":"https:\/\/defabrica.com.mx\/defabrica\/producto\/panasonic-1-2-cu-pie-microondas-multihorno-4-en-1-homechef-cd87ks-de-1000-vatios-freidora-de-aire-asador-conveccion-inversor-plateado\/","title":{"rendered":"Panasonic &#8211; 1.2 Cu. Pie. Microondas multihorno 4 en 1 HomeCHEF CD87KS de 1000 vatios &#8211; Freidora de aire, asador, convecci\u00f3n, inversor &#8211; Plateado"},"content":{"rendered":"<div class=\"embedded-component-container lv product-description\">\n<div>\n<div id=\"shop-product-description-85011337\" class=\"_none\" data-version=\"1.3.45\">\n<div class=\"shop-product-description\">\n<section class=\"align-heading-left\" data-reactroot=\"\">\n<div class=\"long-description-container body-copy \">\n<div class=\"html-fragment\">El horno de microondas que lo hace todo, el horno m\u00faltiple 4 en 1 Home Chef de Panasonic tiene cuatro funciones separadas: horno de convecci\u00f3n, freidora de aire, asador FlashXpress y microondas inversor de 1000 W, para ayudar a que cada comida sea una obra maestra.\u00a0Ya sea que est\u00e9 haciendo el recalentamiento m\u00e1s simple o emprendiendo su pr\u00f3xima aventura culinaria, HomeCHEF le permite saborear el interior c\u00e1lido y perfectamente cocinado y el exterior dorado y crujiente.\u00a0Con 6 posibles opciones de cocci\u00f3n para elegir, incluida la combinaci\u00f3n Convecci\u00f3n + Microondas y Broil + Microondas, nunca se quedar\u00e1 sin opciones para preparar comidas r\u00e1pidas y sabrosas. plato giratorio\u2014lo suficientemente grande para que quepa una fuente para hornear de 9\u201dx13\u201d o un pollo entero.\u00a0Cocine r\u00e1pida y f\u00e1cilmente con el recalentamiento del sensor Genius de 1 toque, descongelaci\u00f3n turbo, 20 ajustes preestablecidos del men\u00fa de cocci\u00f3n autom\u00e1tica.<\/div>\n<\/div>\n<\/section>\n<\/div>\n<\/div>\n<\/div>\n<\/div>\n<div class=\"embedded-component-container lv product-features\">\n<h3><\/h3>\n<h3 class=\"heading-5 v-fw-regular feature-heading\"><strong>Caracter\u00edsticas<\/strong><\/h3>\n<ul>\n<li><strong>El horno todo en uno definitivo<\/strong><br \/>\n\u00a1Es un microondas, un asador, una freidora y un horno de convecci\u00f3n, todo en uno! Use cada funci\u00f3n de forma independiente o una combinaci\u00f3n para cocinar una variedad de comidas con resultados deliciosos.<\/li>\n<li><strong>Freidora de aire saludable<\/strong><br \/>\nHace circular r\u00e1pidamente el aire caliente alrededor de los alimentos para producir resultados dorados y crujientes, sin necesidad de precalentamiento. Las papas fritas, los nuggets y las alitas son crujientes y deliciosos con menos calor\u00edas.<\/li>\n<li><strong>un segundo horno<\/strong><br \/>\nLa funci\u00f3n de horneado por convecci\u00f3n var\u00eda de 100\u00b0 y 215\u00b0 a 425\u00b0F, con o sin precalentamiento, para hornear y asar. FlashXpress Broiler es perfecto para tostar, dorar y tostar.<\/li>\n<li><strong>Microondas inverter<\/strong><br \/>\nTecnolog\u00eda de inversor patentada de Panasonic para descongelar, recalentar, cocinar y mantener la comida caliente de manera inteligente y uniforme. Con Genius Sensor Cook, Turbo Defrost y configuraci\u00f3n dedicada<\/li>\n<li><strong>Dise\u00f1o elegante que ahorra espacio<\/strong><br \/>\nGran capacidad con un tama\u00f1o total reducido, 22&#8243; de ancho x 13,4&#8243; de alto x 17&#8243; de profundidad con un plato giratorio de 14,2&#8243;. Se coloca sobre la encimera o se puede incorporar con un kit de moldura opcional (NN-TK81KCS)<\/li>\n<li><strong>El horno todo en uno definitivo<\/strong><br \/>\n\u00a1Es un microondas, un asador, una freidora y un horno de convecci\u00f3n, todo en uno! Use cada funci\u00f3n de forma independiente o una combinaci\u00f3n para cocinar una variedad de comidas con resultados deliciosos.<\/li>\n<li><strong>Freidora de aire saludable<\/strong><br \/>\nHace circular r\u00e1pidamente el aire caliente alrededor de los alimentos para producir resultados dorados y crujientes, sin necesidad de precalentamiento. Las papas fritas, los nuggets y las alitas son crujientes y deliciosos con menos calor\u00edas.<\/li>\n<li><strong>Un segundo horno<\/strong><br \/>\nLa funci\u00f3n de horneado por convecci\u00f3n var\u00eda de 100\u00b0 y 215\u00b0 a 425\u00b0F, con o sin precalentamiento, para hornear y asar. FlashXpress Broiler es perfecto para tostar, dorar y tostar.<\/li>\n<li><strong>Microondas inversor<\/strong><br \/>\nTecnolog\u00eda de inversor patentada de Panasonic para descongelar, recalentar, cocinar y mantener la comida caliente de manera inteligente y uniforme. Con Genius Sensor Cook, Turbo Defrost y configuraci\u00f3n dedicada<\/li>\n<li><strong>Dise\u00f1o elegante que ahorra espacio<\/strong><br \/>\nGran capacidad con un tama\u00f1o total reducido, 22&#8243; de ancho x 13,4&#8243; de alto x 17&#8243; de profundidad con un plato giratorio de 14,2&#8243;. Se coloca sobre la encimera o se puede incorporar con un kit de moldura opcional (NN-TK81KCS)<\/li>\n<li><strong>Disfrute de comidas calentadas uniformemente con un sabor constante<\/strong><br \/>\nLa tecnolog\u00eda de convecci\u00f3n utiliza un ventilador para hacer circular el calor durante el proceso de cocci\u00f3n, lo que minimiza de manera efectiva la cantidad de puntos calientes y puntos fr\u00edos.<\/li>\n<li><strong>Tecnolog\u00eda de cocci\u00f3n por sensor<\/strong><br \/>\nDetermina cuando la comida est\u00e1 lista y ajusta autom\u00e1ticamente el tiempo de cocci\u00f3n.<\/li>\n<li><strong>PowerGrill<\/strong><br \/>\nEl elemento de parrilla cocina alimentos crujientes, incluida la pizza, utilizando 1300 W de potencia de parrilla.<\/li>\n<li><strong>Una variedad de programas de cocci\u00f3n para satisfacer sus necesidades<\/strong><br \/>\nDescongelaci\u00f3n, funci\u00f3n pan y grill de cuarzo.<\/li>\n<li><strong>Disfrute de comidas calentadas uniformemente con un sabor constante<\/strong><br \/>\nLa tecnolog\u00eda de convecci\u00f3n utiliza un ventilador para hacer circular el calor durante el proceso de cocci\u00f3n, lo que minimiza de manera efectiva la cantidad de puntos calientes y puntos fr\u00edos.<\/li>\n<li><strong>Tecnolog\u00eda de cocci\u00f3n por sensor<\/strong><br \/>\nDetermina cuando la comida est\u00e1 lista y ajusta autom\u00e1ticamente el tiempo de cocci\u00f3n.<\/li>\n<li><strong>PowerGrill<\/strong><br \/>\nEl elemento de parrilla cocina alimentos crujientes, incluida la pizza, utilizando 1300 W de potencia de parrilla.<\/li>\n<li><strong>Una variedad de programas de cocci\u00f3n para satisfacer sus necesidades<\/strong><br \/>\nDescongelaci\u00f3n, funci\u00f3n pan y grill de cuarzo.<\/li>\n<li><strong>Reg\u00edstrese para deliciosos ahorros<\/strong><br \/>\nAhorre en BlueApron.com cuando registre su nuevo horno de microondas Panasonic despu\u00e9s de la compra. Detalles incluidos en la caja. Reg\u00edstrese en Panasonic.registria.com para obtener todos los detalles.<\/li>\n<\/ul>\n<\/div>\n","protected":false},"excerpt":{"rendered":"<p>El horno de microondas que lo hace todo, el horno m\u00faltiple 4 en 1 Home Chef de Panasonic tiene cuatro funciones separadas: horno de convecci\u00f3n, freidora de aire, asador FlashXpress<\/p>\n","protected":false},"featured_media":86749,"comment_status":"open","ping_status":"closed","template":"","meta":{"_acf_changed":false,"_joinchat":[]},"product_brand":[],"product_cat":[336,337,338,950],"product_tag":[],"class_list":{"0":"post-86742","1":"product","2":"type-product","3":"status-publish","4":"has-post-thumbnail","6":"product_cat-hogar","7":"product_cat-cocina","8":"product_cat-electrodomesticos","9":"product_cat-freidoras","11":"first","12":"instock","13":"sale","14":"shipping-taxable","15":"purchasable","16":"product-type-simple"},"acf":[],"_links":{"self":[{"href":"https:\/\/defabrica.com.mx\/defabrica\/wp-json\/wp\/v2\/product\/86742","targetHints":{"allow":["GET"]}}],"collection":[{"href":"https:\/\/defabrica.com.mx\/defabrica\/wp-json\/wp\/v2\/product"}],"about":[{"href":"https:\/\/defabrica.com.mx\/defabrica\/wp-json\/wp\/v2\/types\/product"}],"replies":[{"embeddable":true,"href":"https:\/\/defabrica.com.mx\/defabrica\/wp-json\/wp\/v2\/comments?post=86742"}],"wp:featuredmedia":[{"embeddable":true,"href":"https:\/\/defabrica.com.mx\/defabrica\/wp-json\/wp\/v2\/media\/86749"}],"wp:attachment":[{"href":"https:\/\/defabrica.com.mx\/defabrica\/wp-json\/wp\/v2\/media?parent=86742"}],"wp:term":[{"taxonomy":"product_brand","embeddable":true,"href":"https:\/\/defabrica.com.mx\/defabrica\/wp-json\/wp\/v2\/product_brand?post=86742"},{"taxonomy":"product_cat","embeddable":true,"href":"https:\/\/defabrica.com.mx\/defabrica\/wp-json\/wp\/v2\/product_cat?post=86742"},{"taxonomy":"product_tag","embeddable":true,"href":"https:\/\/defabrica.com.mx\/defabrica\/wp-json\/wp\/v2\/product_tag?post=86742"}],"curies":[{"name":"wp","href":"https:\/\/api.w.org\/{rel}","templated":true}]}}