{"id":86734,"date":"2022-07-04T22:47:43","date_gmt":"2022-07-05T03:47:43","guid":{"rendered":"https:\/\/defabrica.com.mx\/defabrica\/?post_type=product&#038;p=86734"},"modified":"2023-01-17T13:57:31","modified_gmt":"2023-01-17T19:57:31","slug":"kitchenaid-1-cu-pie-horno-tostador-de-sobremesa-de-conveccion-doble-con-air-fry-negro-mate","status":"publish","type":"product","link":"https:\/\/defabrica.com.mx\/defabrica\/producto\/kitchenaid-1-cu-pie-horno-tostador-de-sobremesa-de-conveccion-doble-con-air-fry-negro-mate\/","title":{"rendered":"KitchenAid &#8211; 1 Cu. Pie. Horno tostador de sobremesa de convecci\u00f3n doble con Air Fry &#8211; Negro mate"},"content":{"rendered":"<div class=\"product-description\">El horno de encimera de doble convecci\u00f3n KitchenAid\u00ae con Air Fry fue dise\u00f1ado para ofrecer infinitas posibilidades saludables y frescas.\u00a0Con la canasta para fre\u00edr con aire No-Flip y el sistema para fre\u00edr con aire de 360\u00b0, es f\u00e1cil hacer deliciosas recetas fritas con poco o nada de aceite.\u00a0Este horno de mostrador tambi\u00e9n cuenta con una sonda de temperatura incorporada que le avisa cuando su receta ha alcanzado la temperatura deseada y un 25 % m\u00e1s de capacidad.* hasta 2 pollos de tama\u00f1o completo (3.6 lbs cada uno).\u00a0Adem\u00e1s, cuenta con 12 funciones de cocci\u00f3n preestablecidas, una pantalla digital f\u00e1cil de leer, una luz interior para verificar el progreso en cualquier momento sin interrumpir su plato y un interior antiadherente para una limpieza r\u00e1pida y f\u00e1cil en todo momento.\u00a0Las mismas posibilidades que un horno de tama\u00f1o completo con resultados de calidad en un tama\u00f1o de encimera conveniente.\u00a0*Comparado con el modelo KCO124, 211.<\/div>\n<div class=\"product-description-banners-lv\">\n<div class=\"product-description-banner\" data-track=\"description-html-asset:Elevate everyday meals with KitchenAid.\">\n<h3><\/h3>\n<h3 class=\"heading-5 v-fw-regular feature-heading\"><strong>Caracter\u00edsticas<\/strong><\/h3>\n<ul>\n<li><strong>Sin voltear, creaciones perfectas para fre\u00edr con aire<\/strong><br \/>\nLa cesta para fre\u00edr con aire No-Flip ayuda a que fre\u00edr al aire sea f\u00e1cil sin necesidad de voltear los ingredientes a la mitad de la receta.<\/li>\n<li><strong>Nunca vuelvas a cocinar demasiado tu carne<\/strong><br \/>\nLogre el grado perfecto de cocci\u00f3n con la sonda de temperatura integrada que le avisa cuando se alcanza la temperatura deseada.<\/li>\n<li><strong>Gran capacidad para crear<\/strong><br \/>\nCocine m\u00e1s de lo que quiera, desde un pastel hasta una cena completa en una sola fuente, con la fuente para hornear de 9&#8243; x 13&#8243; incluida. Y disfruta de un 25% m\u00e1s de capacidad* para hacer tus recetas favoritas de solomillo y pollo entero. *Comparado con el modelo KCO124.<\/li>\n<li><strong>Tecnolog\u00eda de convecci\u00f3n Even-Heat\u2122<\/strong><br \/>\nCocine el pollo hasta un 20 % m\u00e1s r\u00e1pido con el horneado por convecci\u00f3n dual.* *En comparaci\u00f3n con la configuraci\u00f3n de horneado; 3 libras de pollo.<\/li>\n<li><strong>Precalentamiento r\u00e1pido en menos de 4 minutos<\/strong><br \/>\nEste horno de encimera se precalienta a 350 grados en menos de 4 minutos, por lo que puede cocinar su plato favorito y ponerlo en la mesa en poco tiempo.<\/li>\n<li><strong>12 funciones esenciales de cocci\u00f3n<\/strong><br \/>\nPara ocasiones de cocina diarias con 12 funciones de cocci\u00f3n preestablecidas que incluyen todo, desde fre\u00edr al aire, hornear, deshidratar, pizza e incluso probar la masa.<\/li>\n<li><strong>Modelo KCO224 Incluye<\/strong><br \/>\n(1) Canasta Air fFy, (1) Sonda de temperatura con estuche de almacenamiento magn\u00e9tico (1) Bandeja para hornear de 9&#215;13 pulgadas con parrilla, (1) Bandeja de metal extra\u00edble para goteo y migas, (1) Rejilla de metal extra\u00edble<\/li>\n<\/ul>\n<\/div>\n<\/div>\n","protected":false},"excerpt":{"rendered":"<p>El horno de encimera de doble convecci\u00f3n KitchenAid\u00ae con Air Fry fue dise\u00f1ado para ofrecer infinitas posibilidades saludables y frescas.\u00a0Con la canasta para fre\u00edr con aire No-Flip y el sistema<\/p>\n","protected":false},"featured_media":86735,"comment_status":"open","ping_status":"closed","template":"","meta":{"_acf_changed":false,"_joinchat":[]},"product_brand":[],"product_cat":[336,337,338,950],"product_tag":[],"class_list":{"0":"post-86734","1":"product","2":"type-product","3":"status-publish","4":"has-post-thumbnail","6":"product_cat-hogar","7":"product_cat-cocina","8":"product_cat-electrodomesticos","9":"product_cat-freidoras","11":"first","12":"instock","13":"sale","14":"shipping-taxable","15":"purchasable","16":"product-type-simple"},"acf":[],"_links":{"self":[{"href":"https:\/\/defabrica.com.mx\/defabrica\/wp-json\/wp\/v2\/product\/86734","targetHints":{"allow":["GET"]}}],"collection":[{"href":"https:\/\/defabrica.com.mx\/defabrica\/wp-json\/wp\/v2\/product"}],"about":[{"href":"https:\/\/defabrica.com.mx\/defabrica\/wp-json\/wp\/v2\/types\/product"}],"replies":[{"embeddable":true,"href":"https:\/\/defabrica.com.mx\/defabrica\/wp-json\/wp\/v2\/comments?post=86734"}],"wp:featuredmedia":[{"embeddable":true,"href":"https:\/\/defabrica.com.mx\/defabrica\/wp-json\/wp\/v2\/media\/86735"}],"wp:attachment":[{"href":"https:\/\/defabrica.com.mx\/defabrica\/wp-json\/wp\/v2\/media?parent=86734"}],"wp:term":[{"taxonomy":"product_brand","embeddable":true,"href":"https:\/\/defabrica.com.mx\/defabrica\/wp-json\/wp\/v2\/product_brand?post=86734"},{"taxonomy":"product_cat","embeddable":true,"href":"https:\/\/defabrica.com.mx\/defabrica\/wp-json\/wp\/v2\/product_cat?post=86734"},{"taxonomy":"product_tag","embeddable":true,"href":"https:\/\/defabrica.com.mx\/defabrica\/wp-json\/wp\/v2\/product_tag?post=86734"}],"curies":[{"name":"wp","href":"https:\/\/api.w.org\/{rel}","templated":true}]}}