{"id":86733,"date":"2022-07-04T22:51:11","date_gmt":"2022-07-05T03:51:11","guid":{"rendered":"https:\/\/defabrica.com.mx\/defabrica\/?post_type=product&#038;p=86733"},"modified":"2022-07-05T11:50:27","modified_gmt":"2022-07-05T16:50:27","slug":"chefman-turbofry-xl-freidora-de-aire-de-8-cuartos-de-galon-pantalla-tactil-digital-con-preajustes-y-recordatorio-de-batido-acero-inoxidable","status":"publish","type":"product","link":"https:\/\/defabrica.com.mx\/defabrica\/producto\/chefman-turbofry-xl-freidora-de-aire-de-8-cuartos-de-galon-pantalla-tactil-digital-con-preajustes-y-recordatorio-de-batido-acero-inoxidable\/","title":{"rendered":"Chefman TurboFry XL Freidora de aire de 8 cuartos de gal\u00f3n, pantalla t\u00e1ctil digital con preajustes y recordatorio de batido &#8211; Acero inoxidable"},"content":{"rendered":"<p>\u00a1Disfruta de todos los alimentos fritos que te encantan, con poco o nada de aceite!\u00a0La freidora de aire Chefman TurboFry de 8 cuartos con dise\u00f1o cuadrado de acero inoxidable le permite fre\u00edr como un profesional en su cocina.\u00a0Con esta freidora de aire, finalmente es posible comer delicioso y saludable, sin ensuciar el aceite frito y con menos grasa en sus comidas.\u00a0La cesta antiadherente XL, de tama\u00f1o familiar, le brinda la capacidad de cocinar lo suficiente para una multitud sin ocupar demasiado espacio en su mostrador.\u00a0Omita el microondas, recaliente las sobras a la perfecci\u00f3n en su freidora de aire Chefman para recuperar ese sabor crujiente y frito d\u00edas despu\u00e9s.\u00a0Prepare papas fritas mejores para usted que son igual de crujientes y sabrosas, muslos de pollo asados \u200b\u200bo caliente las sobras para una comida r\u00e1pida y f\u00e1cil.<\/p>\n<h3 class=\"heading-5 v-fw-regular feature-heading\"><strong>Caracter\u00edsticas<\/strong><\/h3>\n<ul>\n<li><strong>Ajustes preestablecidos de cocci\u00f3n<\/strong><br \/>\nCuatro preajustes hacen que sea sencillo servir papas fritas, pollo, carne y pescado con solo presionar un bot\u00f3n, y ajustar el tiempo y la temperatura f\u00e1cilmente con el simple control t\u00e1ctil.<\/li>\n<li><strong>Pantalla digital<\/strong><br \/>\nLa pantalla digital facilita el control de los tiempos de cocci\u00f3n y garantiza alimentos fritos uniformemente con el recordatorio LED de batido.<\/li>\n<li><strong>Capacidad de tama\u00f1o familiar<\/strong><br \/>\nLa cesta antiadherente XL de 8 cuartos y la bandeja plana para fre\u00edr son aptas para lavavajillas en la rejilla superior, lo que hace que la limpieza sea m\u00e1s f\u00e1cil que nunca.<\/li>\n<li><strong>Cocina Saludable<\/strong><br \/>\nSirva todos los deliciosos alimentos fritos que a su familia le encantan en casa sin exceso de aceite o grasa. Con un amplio rango de temperatura de 200 a 400 \u00b0F, la freidora de aire Chefman es su herramienta n\u00famero uno para un acabado crujiente.<\/li>\n<li><strong>DISE\u00d1O ELEGANTE<\/strong><br \/>\nCon su elegante forma cuadrada y su acabado de acero inoxidable antiadherente, esta freidora de aire fue dise\u00f1ada pensando en la encimera de su cocina.<\/li>\n<\/ul>\n","protected":false},"excerpt":{"rendered":"<p>\u00a1Disfruta de todos los alimentos fritos que te encantan, con poco o nada de aceite!\u00a0La freidora de aire Chefman TurboFry de 8 cuartos con dise\u00f1o cuadrado de acero inoxidable le<\/p>\n","protected":false},"featured_media":86740,"comment_status":"open","ping_status":"closed","template":"","meta":{"_acf_changed":false,"_joinchat":[]},"product_brand":[],"product_cat":[336,337,338,950],"product_tag":[],"class_list":{"0":"post-86733","1":"product","2":"type-product","3":"status-publish","4":"has-post-thumbnail","6":"product_cat-hogar","7":"product_cat-cocina","8":"product_cat-electrodomesticos","9":"product_cat-freidoras","11":"first","12":"instock","13":"sale","14":"shipping-taxable","15":"purchasable","16":"product-type-simple"},"acf":[],"_links":{"self":[{"href":"https:\/\/defabrica.com.mx\/defabrica\/wp-json\/wp\/v2\/product\/86733","targetHints":{"allow":["GET"]}}],"collection":[{"href":"https:\/\/defabrica.com.mx\/defabrica\/wp-json\/wp\/v2\/product"}],"about":[{"href":"https:\/\/defabrica.com.mx\/defabrica\/wp-json\/wp\/v2\/types\/product"}],"replies":[{"embeddable":true,"href":"https:\/\/defabrica.com.mx\/defabrica\/wp-json\/wp\/v2\/comments?post=86733"}],"wp:featuredmedia":[{"embeddable":true,"href":"https:\/\/defabrica.com.mx\/defabrica\/wp-json\/wp\/v2\/media\/86740"}],"wp:attachment":[{"href":"https:\/\/defabrica.com.mx\/defabrica\/wp-json\/wp\/v2\/media?parent=86733"}],"wp:term":[{"taxonomy":"product_brand","embeddable":true,"href":"https:\/\/defabrica.com.mx\/defabrica\/wp-json\/wp\/v2\/product_brand?post=86733"},{"taxonomy":"product_cat","embeddable":true,"href":"https:\/\/defabrica.com.mx\/defabrica\/wp-json\/wp\/v2\/product_cat?post=86733"},{"taxonomy":"product_tag","embeddable":true,"href":"https:\/\/defabrica.com.mx\/defabrica\/wp-json\/wp\/v2\/product_tag?post=86733"}],"curies":[{"name":"wp","href":"https:\/\/api.w.org\/{rel}","templated":true}]}}