{"id":86721,"date":"2022-07-04T22:43:28","date_gmt":"2022-07-05T03:43:28","guid":{"rendered":"https:\/\/defabrica.com.mx\/defabrica\/?post_type=product&#038;p=86721"},"modified":"2023-01-17T13:57:12","modified_gmt":"2023-01-17T19:57:12","slug":"kitchenaid-horno-de-encimera-digital-con-air-fry-negro-mate","status":"publish","type":"product","link":"https:\/\/defabrica.com.mx\/defabrica\/producto\/kitchenaid-horno-de-encimera-digital-con-air-fry-negro-mate\/","title":{"rendered":"KitchenAid &#8211; Horno de encimera digital con Air Fry &#8211; Negro mate"},"content":{"rendered":"<div class=\"product-description\">El horno de encimera digital KitchenAid\u00ae con Air Fry fue dise\u00f1ado para ofrecer infinitas posibilidades saludables y frescas.\u00a0Con la canasta para fre\u00edr con aire No-Flip y el sistema para fre\u00edr con aire de 360\u00b0, es f\u00e1cil preparar de todo, desde papas fritas hasta pescado delicado y mucho m\u00e1s.\u00a0Y, este horno de encimera ocupa el espacio m\u00e1s peque\u00f1o* y se adapta a un molde para hornear de 9&#215;13 pulgadas** para acomodar f\u00e1cilmente un pastel de hoja, una cena completa de un molde o hasta 2 pollos de tama\u00f1o completo (3.4 lb cada uno).\u00a0Las mismas posibilidades que un horno de tama\u00f1o completo con resultados de calidad en un tama\u00f1o de encimera conveniente.\u00a0*en comparaci\u00f3n con las principales marcas de hornos de encimera.\u00a0**incluido.<\/div>\n<div class=\"product-description-banners-lv\">\n<div class=\"product-description-banner\" data-track=\"description-html-asset:Elevate everyday meals with KitchenAid.\">\n<h3><\/h3>\n<h3 class=\"heading-5 v-fw-regular feature-heading\"><strong>Caracter\u00edsticas<\/strong><\/h3>\n<div class=\"feature-body-container\">\n<div class=\"features-list-container\">\n<div class=\"features-list all-features\">\n<div class=\"list-row\">\n<ul>\n<li><strong>Sin voltear, creaciones perfectas para fre\u00edr con aire<\/strong><br \/>\nLa cesta para fre\u00edr con aire No-Flip ayuda a que fre\u00edr al aire sea f\u00e1cil sin necesidad de voltear los ingredientes a la mitad de la receta.<\/li>\n<li><strong>Tecnolog\u00eda de convecci\u00f3n Even-Heat\u2122<\/strong><br \/>\nEl dise\u00f1o del elemento calefactor superior e inferior y el ventilador de convecci\u00f3n aseguran que el interior del horno se caliente y permanezca a la temperatura adecuada.<\/li>\n<li><strong>Gran capacidad para crear<\/strong><br \/>\nDesde un pastel hasta una cena completa en un molde (bandeja para hornear de 9&#215;13\u201d incluida), o hasta 2 pollos de tama\u00f1o completo (3.4 lbs cada uno).<\/li>\n<li><strong>9 t\u00e9cnicas de cocina esenciales<\/strong><br \/>\nDesde fermentaci\u00f3n y deshidrataci\u00f3n hasta tostado y fritura al aire, ahora puede crear cualquier cosa que pueda imaginar.<\/li>\n<li><strong>Precalentamiento r\u00e1pido<\/strong><br \/>\nListo para hornear en menos de 4 minutos.<\/li>\n<li><strong>El modelo KCO124 incluye<\/strong><br \/>\n(1) canasta para fre\u00edr, (1) bandeja para hornear de 9&#215;13 pulgadas con parrilla, (1) bandeja de goteo y migas de metal extra\u00edble, (1) rejilla de metal extra\u00edble<\/li>\n<\/ul>\n<\/div>\n<\/div>\n<\/div>\n<\/div>\n<\/div>\n<\/div>\n","protected":false},"excerpt":{"rendered":"<p>El horno de encimera digital KitchenAid\u00ae con Air Fry fue dise\u00f1ado para ofrecer infinitas posibilidades saludables y frescas.\u00a0Con la canasta para fre\u00edr con aire No-Flip y el sistema para fre\u00edr<\/p>\n","protected":false},"featured_media":86723,"comment_status":"open","ping_status":"closed","template":"","meta":{"_acf_changed":false,"_joinchat":[]},"product_brand":[],"product_cat":[336,337,338,950],"product_tag":[],"class_list":{"0":"post-86721","1":"product","2":"type-product","3":"status-publish","4":"has-post-thumbnail","6":"product_cat-hogar","7":"product_cat-cocina","8":"product_cat-electrodomesticos","9":"product_cat-freidoras","11":"first","12":"instock","13":"sale","14":"shipping-taxable","15":"purchasable","16":"product-type-simple"},"acf":[],"_links":{"self":[{"href":"https:\/\/defabrica.com.mx\/defabrica\/wp-json\/wp\/v2\/product\/86721","targetHints":{"allow":["GET"]}}],"collection":[{"href":"https:\/\/defabrica.com.mx\/defabrica\/wp-json\/wp\/v2\/product"}],"about":[{"href":"https:\/\/defabrica.com.mx\/defabrica\/wp-json\/wp\/v2\/types\/product"}],"replies":[{"embeddable":true,"href":"https:\/\/defabrica.com.mx\/defabrica\/wp-json\/wp\/v2\/comments?post=86721"}],"wp:featuredmedia":[{"embeddable":true,"href":"https:\/\/defabrica.com.mx\/defabrica\/wp-json\/wp\/v2\/media\/86723"}],"wp:attachment":[{"href":"https:\/\/defabrica.com.mx\/defabrica\/wp-json\/wp\/v2\/media?parent=86721"}],"wp:term":[{"taxonomy":"product_brand","embeddable":true,"href":"https:\/\/defabrica.com.mx\/defabrica\/wp-json\/wp\/v2\/product_brand?post=86721"},{"taxonomy":"product_cat","embeddable":true,"href":"https:\/\/defabrica.com.mx\/defabrica\/wp-json\/wp\/v2\/product_cat?post=86721"},{"taxonomy":"product_tag","embeddable":true,"href":"https:\/\/defabrica.com.mx\/defabrica\/wp-json\/wp\/v2\/product_tag?post=86721"}],"curies":[{"name":"wp","href":"https:\/\/api.w.org\/{rel}","templated":true}]}}