{"id":86695,"date":"2022-07-04T22:04:42","date_gmt":"2022-07-05T03:04:42","guid":{"rendered":"https:\/\/defabrica.com.mx\/defabrica\/?post_type=product&#038;p=86695"},"modified":"2023-01-17T13:56:51","modified_gmt":"2023-01-17T19:56:51","slug":"ninja-freidora-de-aire-max-xl-gris","status":"publish","type":"product","link":"https:\/\/defabrica.com.mx\/defabrica\/producto\/ninja-freidora-de-aire-max-xl-gris\/","title":{"rendered":"Ninja &#8211; Freidora de Aire Max XL &#8211; Gris"},"content":{"rendered":"<div class=\"embedded-component-container lv product-description\">\n<div>\n<div id=\"shop-product-description-35809175\" class=\"_none\" data-version=\"1.3.45\">\n<div class=\"shop-product-description\">\n<section class=\"align-heading-left\" data-reactroot=\"\">\n<div class=\"long-description-container body-copy \">\n<div class=\"html-fragment\">Ninja Air Fryer Max XL, una manera r\u00e1pida y f\u00e1cil de cocinar tus comidas favoritas.\u00a0Cocine y tueste 3 libras de papas fritas, usando poco o nada de aceite, en una canasta familiar XL de 5.5 qt.<\/div>\n<\/div>\n<\/section>\n<\/div>\n<\/div>\n<\/div>\n<\/div>\n<div class=\"embedded-component-container lv product-features\">\n<h3><\/h3>\n<h3 class=\"heading-5 v-fw-regular feature-heading\"><strong>Caracter\u00edsticas<\/strong><\/h3>\n<ul>\n<li><strong>Ahora disfruta de la comida frita sin culpa. Fre\u00edr al aire con hasta un 75 % menos de grasa que los m\u00e9todos de fritura tradicionales (probado con papas fritas cortadas a mano y fritas).<\/strong><\/li>\n<li><strong>La tecnolog\u00eda Max Crisp ofrece 450 grados de aire sobrecalentado para cocinar alimentos hasta un 30 % m\u00e1s r\u00e1pido (en comparaci\u00f3n con Ninja AF100) para obtener resultados m\u00e1s calientes y crujientes con poco o nada de aceite para los favoritos fritos sin culpa.<\/strong><\/li>\n<li><strong>La canasta antiadherente recubierta de cer\u00e1mica XL de 5.5 qt y el plato para verduras se adaptan a 3 libras de papas fritas o alitas de pollo.<\/strong><\/li>\n<li><strong>Las funciones incluyen: Max Crisp, Air Fry, Air Roast, Air Broil, Hornear, Recalentar, Deshidratar<\/strong><\/li>\n<li><strong>Cesta con revestimiento de cer\u00e1mica: antiadherente y apta para lavavajillas.<\/strong><\/li>\n<li><strong>Amplio rango de temperatura: 105\u2013450 grados<\/strong><\/li>\n<li><strong>Aptas para el lavavajillas<\/strong><\/li>\n<\/ul>\n<\/div>\n","protected":false},"excerpt":{"rendered":"<p>Ninja Air Fryer Max XL, una manera r\u00e1pida y f\u00e1cil de cocinar tus comidas favoritas.\u00a0Cocine y tueste 3 libras de papas fritas, usando poco o nada de aceite, en una<\/p>\n","protected":false},"featured_media":86697,"comment_status":"open","ping_status":"closed","template":"","meta":{"_acf_changed":false,"_joinchat":[]},"product_brand":[],"product_cat":[336,337,338,950],"product_tag":[],"class_list":{"0":"post-86695","1":"product","2":"type-product","3":"status-publish","4":"has-post-thumbnail","6":"product_cat-hogar","7":"product_cat-cocina","8":"product_cat-electrodomesticos","9":"product_cat-freidoras","11":"first","12":"instock","13":"sale","14":"shipping-taxable","15":"purchasable","16":"product-type-simple"},"acf":[],"_links":{"self":[{"href":"https:\/\/defabrica.com.mx\/defabrica\/wp-json\/wp\/v2\/product\/86695","targetHints":{"allow":["GET"]}}],"collection":[{"href":"https:\/\/defabrica.com.mx\/defabrica\/wp-json\/wp\/v2\/product"}],"about":[{"href":"https:\/\/defabrica.com.mx\/defabrica\/wp-json\/wp\/v2\/types\/product"}],"replies":[{"embeddable":true,"href":"https:\/\/defabrica.com.mx\/defabrica\/wp-json\/wp\/v2\/comments?post=86695"}],"wp:featuredmedia":[{"embeddable":true,"href":"https:\/\/defabrica.com.mx\/defabrica\/wp-json\/wp\/v2\/media\/86697"}],"wp:attachment":[{"href":"https:\/\/defabrica.com.mx\/defabrica\/wp-json\/wp\/v2\/media?parent=86695"}],"wp:term":[{"taxonomy":"product_brand","embeddable":true,"href":"https:\/\/defabrica.com.mx\/defabrica\/wp-json\/wp\/v2\/product_brand?post=86695"},{"taxonomy":"product_cat","embeddable":true,"href":"https:\/\/defabrica.com.mx\/defabrica\/wp-json\/wp\/v2\/product_cat?post=86695"},{"taxonomy":"product_tag","embeddable":true,"href":"https:\/\/defabrica.com.mx\/defabrica\/wp-json\/wp\/v2\/product_tag?post=86695"}],"curies":[{"name":"wp","href":"https:\/\/api.w.org\/{rel}","templated":true}]}}