{"id":86689,"date":"2022-07-04T21:59:42","date_gmt":"2022-07-05T02:59:42","guid":{"rendered":"https:\/\/defabrica.com.mx\/defabrica\/?post_type=product&#038;p=86689"},"modified":"2023-01-17T13:55:47","modified_gmt":"2023-01-17T19:55:47","slug":"ninja-horno-tostador-de-conveccion-foodi-con-funcionalidad-11-en-1-con-tecnologia-dual-heat-y-funcionalidad-flip-plateado","status":"publish","type":"product","link":"https:\/\/defabrica.com.mx\/defabrica\/producto\/ninja-horno-tostador-de-conveccion-foodi-con-funcionalidad-11-en-1-con-tecnologia-dual-heat-y-funcionalidad-flip-plateado\/","title":{"rendered":"Ninja &#8211; Horno tostador de convecci\u00f3n Foodi con funcionalidad 11 en 1 con tecnolog\u00eda Dual Heat y funcionalidad Flip &#8211; Plateado"},"content":{"rendered":"<div class=\"embedded-component-container lv product-description\">\n<div>\n<div id=\"shop-product-description-34260687\" class=\"_none\" data-version=\"1.3.45\">\n<div class=\"shop-product-description\">\n<section class=\"align-heading-left\" data-reactroot=\"\">\n<div class=\"long-description-container body-copy \">\n<div class=\"html-fragment\">El horno Ninja Foodi Dual Heat Air Fry le brinda versatilidad en la cocina con funcionalidad 11 en 1 desde Air Fry y Sear Crisp hasta Rapid Bake and Toast.\u00a0Con la tecnolog\u00eda Dual Heat, desbloquea aire cicl\u00f3nico de hasta 500 \u00b0F y un SearPlate calentado directamente, lo que permite una cocci\u00f3n r\u00e1pida y resultados dignos de un restaurante.\u00a0Cocine sus favoritos y luego voltee el horno hacia arriba y hacia afuera para recuperar su espacio en el mostrador.<\/div>\n<\/div>\n<\/section>\n<\/div>\n<\/div>\n<\/div>\n<\/div>\n<div class=\"embedded-component-container lv product-features\"><\/div>\n<h3><\/h3>\n<h3 class=\"heading-5 v-fw-regular feature-heading\"><strong>Caracter\u00edsticas<\/strong><\/h3>\n<div class=\"feature-body-container\">\n<div class=\"features-list-container\">\n<div class=\"features-list all-features\">\n<div class=\"list-row\">\n<ul>\n<li><strong>Tecnolog\u00eda de calor dual<\/strong><br \/>\nEl SearPlate calentado directamente hasta 500 \u00b0F y el aire cicl\u00f3nico r\u00e1pido hasta 500 \u00b0F trabajan juntos para permitirle dorar y crujir al mismo tiempo.<\/li>\n<li><strong>M\u00e1xima Versatilidad<\/strong><br \/>\nLa funcionalidad 11 en uno incluye Air Fry, Sear Crisp, Rapid Bake, Frozen Pizza, Fresh Pizza, Griddle, Air Roast, Bake, Broil, Bagel y Toast con un potente aparato todo en uno de 1800 vatios.<\/li>\n<li><strong>Capacidad tama\u00f1o familiar XL<\/strong><br \/>\nM\u00e1s capacidad de altura en comparaci\u00f3n con Ninja Foodi Digital Air Fry Oven. Coloque hasta 6 pechugas de pollo, cocine un asado de 2 libras o fr\u00eda al aire hasta 4 libras de ingredientes.<\/li>\n<li><strong>Cocci\u00f3n m\u00e1s r\u00e1pida<\/strong><br \/>\nCocina hasta un 65 % m\u00e1s r\u00e1pido en comparaci\u00f3n con un horno el\u00e9ctrico de tama\u00f1o completo, con funciones Air Oven listas para cocinar en 60 segundos.<\/li>\n<li><strong>Comidas saludables para fre\u00edr al aire<\/strong><br \/>\nHasta un 75 % menos de grasa al usar la funci\u00f3n Air Fry en comparaci\u00f3n con la fritura tradicional. Probado contra papas fritas cortadas a mano y fritas.<\/li>\n<li><strong>Recupera el espacio de tu mostrador<\/strong><br \/>\nOcupa un 45 % menos de espacio cuando lo volteas y lo guardas contra el protector contra salpicaduras de la cocina.<\/li>\n<li><strong>Resultados dignos de un restaurante<\/strong><br \/>\nLa tecnolog\u00eda de calor dual ofrece un dorado similar al hierro fundido en las prote\u00ednas y una corteza de pizza m\u00e1s crujiente de borde a borde.<\/li>\n<li><strong>SearPlate de usos m\u00faltiples<\/strong><br \/>\nUse el SearPlate como una bandeja para hornear tradicional para las funciones del horno de aire.<\/li>\n<li><strong>El horno para fre\u00edr con aire de doble calor Ninja Foodi incluye:<\/strong><br \/>\nCesta para fre\u00edr al aire, placa para sellar antiadherente, rejilla de alambre, bandeja extra\u00edble para migas y gu\u00eda de m\u00e1s de 15 recetas.<\/li>\n<\/ul>\n<\/div>\n<\/div>\n<\/div>\n<\/div>\n","protected":false},"excerpt":{"rendered":"<p>El horno Ninja Foodi Dual Heat Air Fry le brinda versatilidad en la cocina con funcionalidad 11 en 1 desde Air Fry y Sear Crisp hasta Rapid Bake and Toast.\u00a0Con<\/p>\n","protected":false},"featured_media":86692,"comment_status":"open","ping_status":"closed","template":"","meta":{"_acf_changed":false,"_joinchat":[]},"product_brand":[],"product_cat":[336,337,338,950],"product_tag":[],"class_list":{"0":"post-86689","1":"product","2":"type-product","3":"status-publish","4":"has-post-thumbnail","6":"product_cat-hogar","7":"product_cat-cocina","8":"product_cat-electrodomesticos","9":"product_cat-freidoras","11":"first","12":"instock","13":"sale","14":"shipping-taxable","15":"purchasable","16":"product-type-simple"},"acf":[],"_links":{"self":[{"href":"https:\/\/defabrica.com.mx\/defabrica\/wp-json\/wp\/v2\/product\/86689","targetHints":{"allow":["GET"]}}],"collection":[{"href":"https:\/\/defabrica.com.mx\/defabrica\/wp-json\/wp\/v2\/product"}],"about":[{"href":"https:\/\/defabrica.com.mx\/defabrica\/wp-json\/wp\/v2\/types\/product"}],"replies":[{"embeddable":true,"href":"https:\/\/defabrica.com.mx\/defabrica\/wp-json\/wp\/v2\/comments?post=86689"}],"wp:featuredmedia":[{"embeddable":true,"href":"https:\/\/defabrica.com.mx\/defabrica\/wp-json\/wp\/v2\/media\/86692"}],"wp:attachment":[{"href":"https:\/\/defabrica.com.mx\/defabrica\/wp-json\/wp\/v2\/media?parent=86689"}],"wp:term":[{"taxonomy":"product_brand","embeddable":true,"href":"https:\/\/defabrica.com.mx\/defabrica\/wp-json\/wp\/v2\/product_brand?post=86689"},{"taxonomy":"product_cat","embeddable":true,"href":"https:\/\/defabrica.com.mx\/defabrica\/wp-json\/wp\/v2\/product_cat?post=86689"},{"taxonomy":"product_tag","embeddable":true,"href":"https:\/\/defabrica.com.mx\/defabrica\/wp-json\/wp\/v2\/product_tag?post=86689"}],"curies":[{"name":"wp","href":"https:\/\/api.w.org\/{rel}","templated":true}]}}