{"id":86675,"date":"2022-07-04T21:56:41","date_gmt":"2022-07-05T02:56:41","guid":{"rendered":"https:\/\/defabrica.com.mx\/defabrica\/?post_type=product&#038;p=86675"},"modified":"2022-07-05T11:50:31","modified_gmt":"2022-07-05T16:50:31","slug":"chefman-toast-air-6-porcion-de-conveccionhorno-tostador-freidora-plata","status":"publish","type":"product","link":"https:\/\/defabrica.com.mx\/defabrica\/producto\/chefman-toast-air-6-porcion-de-conveccionhorno-tostador-freidora-plata\/","title":{"rendered":"\u00abChefman &#8211; Toast-Air 6-Porci\u00f3n de convecci\u00f3nHorno tostador  + Freidora &#8211; Plata \u00ab"},"content":{"rendered":"<p>\u00a1Diga adi\u00f3s al desorden y hola a esta freidora multifuncional Toaster Oven Air!\u00a0Disfrute de una variedad de deliciosos platos con facilidad y comodidad con el horno de convecci\u00f3n con aire tostado + freidora de aire Chefman.\u00a0No m\u00e1s calentar su cocina con un horno de tama\u00f1o completo: obtenga los mismos resultados que con un horno de convecci\u00f3n tradicional con la comodidad de cocinar en la encimera para cocinar los alimentos de manera m\u00e1s r\u00e1pida y uniforme.\u00a0Este horno de convecci\u00f3n para mostrador es una herramienta \u00fatil en cualquier cocina ocupada con controles de temperatura variables y funciones de cocci\u00f3n para fre\u00edr, hornear, asar, hornear por convecci\u00f3n, tostar y calentar, as\u00ed como un rango de temperatura de 200-450 \u00b0 F para establecer en la temperatura deseada.\u00a0Las 7 opciones preestablecidas facilitan cualquier tarea en la cocina, mientras que la luz de cocci\u00f3n interior le permite monitorear f\u00e1cilmente el proceso de cocci\u00f3n.\u00a0En el interior extra grande\u00a0de 20 litros caben hasta 6 rebanadas de pan tostado y la mayor\u00eda de los moldes para hornear.<\/p>\n<h3 class=\"heading-5 v-fw-regular feature-heading\"><strong>Caracter\u00edsticas<\/strong><\/h3>\n<ul>\n<li><strong>Fre\u00edr con el poder del aire<\/strong><br \/>\nUse el modo de freidora de aire para crear alimentos saludables y deliciosos, fritos y crujientes. Disfrute de su comida frita favorita sin las calor\u00edas ni el olor asociados con la fritura profunda. Los ventiladores de alta velocidad aceleran el horneado y brindan el acabado y el sabor frito deseados.<\/li>\n<li><strong>Para todas sus necesidades de cocina<\/strong><br \/>\nEste vers\u00e1til aparato 7 en 1 fr\u00ede, hornea, asa, hornea por convecci\u00f3n, asa a la parrilla por convecci\u00f3n, tuesta y calienta. El rango de temperatura de 200-450 \u00b0F hace que sea f\u00e1cil lograr un acabado frito saludable y crujiente usando al menos un 98 % menos de aceite que las freidoras tradicionales.<\/li>\n<li><strong>Tama\u00f1o de familia numerosa<\/strong><br \/>\n\u00bfInvitados adicionales, o simplemente m\u00e1s hambrientos? De cualquier manera, esta freidora de aire con horno tostador fue cuidadosamente dise\u00f1ada pensando en toda la familia. La espaciosa capacidad de 20 litros se adapta a 6 rebanadas de pan tostado o asa un pollo de 5.5 lb para que pueda preparar suficiente comida para toda la familia.<\/li>\n<li><strong>Apagado autom\u00e1tico y f\u00e1cil limpieza.<\/strong><br \/>\nPara mayor seguridad, el horno tostador se apaga cuando se abre la puerta. La bandeja para asar, la rejilla plana, la canasta para fre\u00edr y la bandeja extra\u00edble para migas incluidas son aptas para lavavajillas, mientras que las paredes interiores son antiadherentes para facilitar la limpieza.<\/li>\n<li><strong>Recursos<\/strong><br \/>\nCertificaci\u00f3n UL con tecnolog\u00eda de seguridad avanzada para una mayor durabilidad y garant\u00eda de 1 a\u00f1o proporcionada por Chefman, \u00a1para que pueda comprar sin preocupaciones! Para obtener informaci\u00f3n sobre c\u00f3mo usar su producto, despl\u00e1cese hacia abajo para obtener una gu\u00eda de usuario en PDF, una gu\u00eda de inicio r\u00e1pido y un libro de recetas. 120 voltios, 1500 vatios.<\/li>\n<\/ul>\n","protected":false},"excerpt":{"rendered":"<p>\u00a1Diga adi\u00f3s al desorden y hola a esta freidora multifuncional Toaster Oven Air!\u00a0Disfrute de una variedad de deliciosos platos con facilidad y comodidad con el horno de convecci\u00f3n con aire<\/p>\n","protected":false},"featured_media":86683,"comment_status":"open","ping_status":"closed","template":"","meta":{"_acf_changed":false,"_joinchat":[]},"product_brand":[],"product_cat":[336,337,338,950],"product_tag":[],"class_list":{"0":"post-86675","1":"product","2":"type-product","3":"status-publish","4":"has-post-thumbnail","6":"product_cat-hogar","7":"product_cat-cocina","8":"product_cat-electrodomesticos","9":"product_cat-freidoras","11":"first","12":"instock","13":"sale","14":"shipping-taxable","15":"purchasable","16":"product-type-simple"},"acf":[],"_links":{"self":[{"href":"https:\/\/defabrica.com.mx\/defabrica\/wp-json\/wp\/v2\/product\/86675","targetHints":{"allow":["GET"]}}],"collection":[{"href":"https:\/\/defabrica.com.mx\/defabrica\/wp-json\/wp\/v2\/product"}],"about":[{"href":"https:\/\/defabrica.com.mx\/defabrica\/wp-json\/wp\/v2\/types\/product"}],"replies":[{"embeddable":true,"href":"https:\/\/defabrica.com.mx\/defabrica\/wp-json\/wp\/v2\/comments?post=86675"}],"wp:featuredmedia":[{"embeddable":true,"href":"https:\/\/defabrica.com.mx\/defabrica\/wp-json\/wp\/v2\/media\/86683"}],"wp:attachment":[{"href":"https:\/\/defabrica.com.mx\/defabrica\/wp-json\/wp\/v2\/media?parent=86675"}],"wp:term":[{"taxonomy":"product_brand","embeddable":true,"href":"https:\/\/defabrica.com.mx\/defabrica\/wp-json\/wp\/v2\/product_brand?post=86675"},{"taxonomy":"product_cat","embeddable":true,"href":"https:\/\/defabrica.com.mx\/defabrica\/wp-json\/wp\/v2\/product_cat?post=86675"},{"taxonomy":"product_tag","embeddable":true,"href":"https:\/\/defabrica.com.mx\/defabrica\/wp-json\/wp\/v2\/product_tag?post=86675"}],"curies":[{"name":"wp","href":"https:\/\/api.w.org\/{rel}","templated":true}]}}