{"id":86674,"date":"2022-07-04T21:47:15","date_gmt":"2022-07-05T02:47:15","guid":{"rendered":"https:\/\/defabrica.com.mx\/defabrica\/?post_type=product&#038;p=86674"},"modified":"2023-01-17T13:52:57","modified_gmt":"2023-01-17T19:52:57","slug":"ninja-foodi-10-in-1-smart-xl-horno-de-freir-al-aire-plata-inoxidable","status":"publish","type":"product","link":"https:\/\/defabrica.com.mx\/defabrica\/producto\/ninja-foodi-10-in-1-smart-xl-horno-de-freir-al-aire-plata-inoxidable\/","title":{"rendered":"Ninja &#8211; Foodi 10-in-1 Smart XL Horno de fre\u00edr al aire- Plata inoxidable"},"content":{"rendered":"<div class=\"embedded-component-container lv product-description\">\n<div>\n<div id=\"shop-product-description-31732378\" class=\"_none\" data-version=\"1.3.45\">\n<div class=\"shop-product-description\">\n<section class=\"align-heading-left\" data-reactroot=\"\">\n<div class=\"long-description-container body-copy \">\n<div class=\"html-fragment\">Conozca el horno de aire Ninja Foodi Smart XL, el horno tostador inteligente extragrande y el horno para fre\u00edr con aire con True Surround Convection, obtiene hasta 10 veces la potencia de convecci\u00f3n de un horno de convecci\u00f3n tradicional, para que pueda preparar comidas familiares r\u00e1pidas en 2 niveles, no requiere rotaci\u00f3n.\u00a0Adem\u00e1s, el sistema Smart Cook controla la cocci\u00f3n interna de los alimentos para que nunca vuelvas a cocinar demasiado o demasiado poco.<\/div>\n<\/div>\n<\/section>\n<\/div>\n<\/div>\n<\/div>\n<\/div>\n<div class=\"embedded-component-container lv product-features\">\n<h3><\/h3>\n<h3 class=\"heading-5 v-fw-regular feature-heading\"><strong>Caracter\u00edsticas<\/strong><\/h3>\n<ul>\n<li><strong>Convecci\u00f3n envolvente real<\/strong><br \/>\nHasta 10 veces la potencia de convecci\u00f3n en comparaci\u00f3n con un horno de convecci\u00f3n tradicional de tama\u00f1o completo para obtener resultados m\u00e1s r\u00e1pidos, crujientes y jugosos<\/li>\n<li><strong>M\u00e1xima versatilidad<\/strong><br \/>\nAir Fry, Air Roast, Hornear, Whole Roast, Broil, Toast, Bagel, Deshidratar, Recalentar y Pizza, todo en un potente aparato de 1800 vatios<\/li>\n<li><strong>Sistema de cocci\u00f3n inteligente<\/strong><br \/>\nConsiga el punto de cocci\u00f3n perfecto, desde raro hasta bien hecho, con solo tocar un bot\u00f3n con el term\u00f3metro inteligente Foodi integrado, sin necesidad de conjeturas<\/li>\n<li><strong>Comidas familiares r\u00e1pidas<\/strong><br \/>\nTiempo de precalentamiento del horno de 90 segundos y cocci\u00f3n hasta un 30 % m\u00e1s r\u00e1pida que un horno de convecci\u00f3n tradicional de tama\u00f1o completo<\/li>\n<li><strong>Capacidad extra grande del horno para mostrador<\/strong><br \/>\nCocci\u00f3n uniforme de 2 niveles, no requiere rotaci\u00f3n: coloque un pollo de 5 lb y una bandeja para hornear de verduras, 2 pizzas de 12 pulgadas o un pavo de 12 lb<\/li>\n<li><strong>Comidas saludables de la freidora de aire<\/strong><br \/>\nHasta un 75 % menos de grasa al usar la funci\u00f3n Air Fry en comparaci\u00f3n con la fritura profunda tradicional* (*probado con papas fritas cortadas a mano y fritas)<\/li>\n<li><strong>Mango de pantalla digital<\/strong><br \/>\nLas posiciones \u00f3ptimas de las rejillas del horno se iluminar\u00e1n seg\u00fan la funci\u00f3n seleccionada. Cuando la puerta est\u00e1 abierta, la configuraci\u00f3n de la pantalla se congela para evitar cambios accidentales en el ciclo de cocci\u00f3n.<\/li>\n<li><strong>Resultados m\u00e1s crujientes<\/strong><br \/>\nResultados hasta un 30 % m\u00e1s crujientes en comparaci\u00f3n con un horno de convecci\u00f3n tradicional<\/li>\n<li><strong>Horno de encimera perfecto para hornear.<\/strong><br \/>\nResultados de horneado hasta un 50 % m\u00e1s uniformes en comparaci\u00f3n con un horno de mostrador l\u00edder<\/li>\n<li><strong>Comidas f\u00e1ciles para grupos grandes<\/strong><br \/>\nPrepare 2 comidas en bandejas a la vez para entretenerse o preparar comidas semanales<\/li>\n<\/ul>\n<\/div>\n","protected":false},"excerpt":{"rendered":"<p>Conozca el horno de aire Ninja Foodi Smart XL, el horno tostador inteligente extragrande y el horno para fre\u00edr con aire con True Surround Convection, obtiene hasta 10 veces la<\/p>\n","protected":false},"featured_media":86676,"comment_status":"open","ping_status":"closed","template":"","meta":{"_acf_changed":false,"_joinchat":[]},"product_brand":[],"product_cat":[336,337,338,950],"product_tag":[],"class_list":{"0":"post-86674","1":"product","2":"type-product","3":"status-publish","4":"has-post-thumbnail","6":"product_cat-hogar","7":"product_cat-cocina","8":"product_cat-electrodomesticos","9":"product_cat-freidoras","11":"first","12":"instock","13":"sale","14":"shipping-taxable","15":"purchasable","16":"product-type-simple"},"acf":[],"_links":{"self":[{"href":"https:\/\/defabrica.com.mx\/defabrica\/wp-json\/wp\/v2\/product\/86674","targetHints":{"allow":["GET"]}}],"collection":[{"href":"https:\/\/defabrica.com.mx\/defabrica\/wp-json\/wp\/v2\/product"}],"about":[{"href":"https:\/\/defabrica.com.mx\/defabrica\/wp-json\/wp\/v2\/types\/product"}],"replies":[{"embeddable":true,"href":"https:\/\/defabrica.com.mx\/defabrica\/wp-json\/wp\/v2\/comments?post=86674"}],"wp:featuredmedia":[{"embeddable":true,"href":"https:\/\/defabrica.com.mx\/defabrica\/wp-json\/wp\/v2\/media\/86676"}],"wp:attachment":[{"href":"https:\/\/defabrica.com.mx\/defabrica\/wp-json\/wp\/v2\/media?parent=86674"}],"wp:term":[{"taxonomy":"product_brand","embeddable":true,"href":"https:\/\/defabrica.com.mx\/defabrica\/wp-json\/wp\/v2\/product_brand?post=86674"},{"taxonomy":"product_cat","embeddable":true,"href":"https:\/\/defabrica.com.mx\/defabrica\/wp-json\/wp\/v2\/product_cat?post=86674"},{"taxonomy":"product_tag","embeddable":true,"href":"https:\/\/defabrica.com.mx\/defabrica\/wp-json\/wp\/v2\/product_tag?post=86674"}],"curies":[{"name":"wp","href":"https:\/\/api.w.org\/{rel}","templated":true}]}}