{"id":86630,"date":"2022-07-04T21:15:42","date_gmt":"2022-07-05T02:15:42","guid":{"rendered":"https:\/\/defabrica.com.mx\/defabrica\/?post_type=product&#038;p=86630"},"modified":"2023-01-17T13:50:50","modified_gmt":"2023-01-17T19:50:50","slug":"serie-bella-pro-9-qt-freidora-de-aire-digital-con-canasta-flexible-doble-acero-inoxidable","status":"publish","type":"product","link":"https:\/\/defabrica.com.mx\/defabrica\/producto\/serie-bella-pro-9-qt-freidora-de-aire-digital-con-canasta-flexible-doble-acero-inoxidable\/","title":{"rendered":"Serie Bella Pro &#8211; 9-qt. Freidora de aire digital con canasta flexible doble &#8211; Acero inoxidable"},"content":{"rendered":"<div class=\"embedded-component-container lv product-description\">\n<div>\n<div id=\"shop-product-description-12769467\" class=\"_none\" data-version=\"1.3.45\">\n<div class=\"shop-product-description\">\n<section class=\"align-heading-left\" data-reactroot=\"\">\n<div class=\"long-description-container body-copy \">\n<div class=\"html-fragment\">La nueva Bella Pro Series de 9 qt.\u00a0La freidora de aire digital con cesta Dual Flex es el sue\u00f1o de todo multitarea hecho realidad.\u00a0Ahora puede cocinar dos alimentos diferentes de dos maneras diferentes, simult\u00e1neamente, y a\u00fan as\u00ed hacer que terminen al mismo tiempo.\u00a0Nuestra innovadora pantalla t\u00e1ctil le da un toque elegante y le permite personalizar f\u00e1cilmente su m\u00e9todo con 6 funciones de cocci\u00f3n inteligentes integradas.\u00a0Haga una carga completa del mismo plato usando la capacidad extra grande de 9 cuartos al sincronizar f\u00e1cilmente las configuraciones de cocci\u00f3n en ambas canastas.\u00a0Cuidadosamente dise\u00f1ado y f\u00e1cil de operar, este producto es lo que necesita para llevar su cocina a un nivel superior.<\/div>\n<\/div>\n<\/section>\n<\/div>\n<\/div>\n<\/div>\n<\/div>\n<div class=\"embedded-component-container lv product-features\">\n<h3><\/h3>\n<h3 class=\"heading-5 v-fw-regular feature-heading\"><strong>Caracter\u00edsticas<\/strong><\/h3>\n<ul>\n<li><strong>Capacidad extragrande de 9 cuartos<\/strong><br \/>\nSincronice f\u00e1cilmente las configuraciones de cocci\u00f3n en la canasta extra grande para duplicar la capacidad a 9 cuartos.<\/li>\n<li><strong>Capacidad doble de 4,5 cuartos<\/strong><br \/>\nLas dos cavidades independientes tienen sus propias cestas de cocci\u00f3n, ventiladores cicl\u00f3nicos y calentadores r\u00e1pidos.<\/li>\n<li><strong>1800W de potencia<\/strong><br \/>\nEl potente sistema logra un tiempo de calentamiento m\u00e1s r\u00e1pido e incluso una cocci\u00f3n con un rango de temperatura ajustable de 90-450 \u00b0F.<\/li>\n<li><strong>6 programas de cocci\u00f3n inteligentes integrados<\/strong><br \/>\nFre\u00edr al aire, asar, asar, hornear, recalentar y deshidratar.<\/li>\n<li><strong>Sincroniza inteligentemente los tiempos de cocci\u00f3n<\/strong><br \/>\nPermite que diferentes alimentos terminen al mismo tiempo en cada lado.<\/li>\n<li><strong>Pantalla t\u00e1ctil digital intuitiva<\/strong><br \/>\nFacilita la operaci\u00f3n.<\/li>\n<li><strong>F\u00e1cil de limpiar<\/strong><br \/>\nLa cesta de cocci\u00f3n antiadherente, el divisor y las bandejas crujientes sin PFOA son aptos para lavavajillas.<\/li>\n<\/ul>\n<\/div>\n","protected":false},"excerpt":{"rendered":"<p>La nueva Bella Pro Series de 9 qt.\u00a0La freidora de aire digital con cesta Dual Flex es el sue\u00f1o de todo multitarea hecho realidad.\u00a0Ahora puede cocinar dos alimentos diferentes de<\/p>\n","protected":false},"featured_media":86631,"comment_status":"open","ping_status":"closed","template":"","meta":{"_acf_changed":false,"_joinchat":[]},"product_brand":[],"product_cat":[1522,336,337,338,950],"product_tag":[],"class_list":{"0":"post-86630","1":"product","2":"type-product","3":"status-publish","4":"has-post-thumbnail","6":"product_cat-ofertas-hogar","7":"product_cat-hogar","8":"product_cat-cocina","9":"product_cat-electrodomesticos","10":"product_cat-freidoras","12":"first","13":"instock","14":"sale","15":"shipping-taxable","16":"purchasable","17":"product-type-simple"},"acf":[],"_links":{"self":[{"href":"https:\/\/defabrica.com.mx\/defabrica\/wp-json\/wp\/v2\/product\/86630","targetHints":{"allow":["GET"]}}],"collection":[{"href":"https:\/\/defabrica.com.mx\/defabrica\/wp-json\/wp\/v2\/product"}],"about":[{"href":"https:\/\/defabrica.com.mx\/defabrica\/wp-json\/wp\/v2\/types\/product"}],"replies":[{"embeddable":true,"href":"https:\/\/defabrica.com.mx\/defabrica\/wp-json\/wp\/v2\/comments?post=86630"}],"wp:featuredmedia":[{"embeddable":true,"href":"https:\/\/defabrica.com.mx\/defabrica\/wp-json\/wp\/v2\/media\/86631"}],"wp:attachment":[{"href":"https:\/\/defabrica.com.mx\/defabrica\/wp-json\/wp\/v2\/media?parent=86630"}],"wp:term":[{"taxonomy":"product_brand","embeddable":true,"href":"https:\/\/defabrica.com.mx\/defabrica\/wp-json\/wp\/v2\/product_brand?post=86630"},{"taxonomy":"product_cat","embeddable":true,"href":"https:\/\/defabrica.com.mx\/defabrica\/wp-json\/wp\/v2\/product_cat?post=86630"},{"taxonomy":"product_tag","embeddable":true,"href":"https:\/\/defabrica.com.mx\/defabrica\/wp-json\/wp\/v2\/product_tag?post=86630"}],"curies":[{"name":"wp","href":"https:\/\/api.w.org\/{rel}","templated":true}]}}