{"id":86599,"date":"2022-07-04T20:59:14","date_gmt":"2022-07-05T01:59:14","guid":{"rendered":"https:\/\/defabrica.com.mx\/defabrica\/?post_type=product&#038;p=86599"},"modified":"2023-01-17T13:49:32","modified_gmt":"2023-01-17T19:49:32","slug":"serie-bella-pro-12-6-qt-horno-freidora-de-aire-digital-acero-inoxidable","status":"publish","type":"product","link":"https:\/\/defabrica.com.mx\/defabrica\/producto\/serie-bella-pro-12-6-qt-horno-freidora-de-aire-digital-acero-inoxidable\/","title":{"rendered":"Serie Bella Pro &#8211; 12.6 qt. Horno freidora de aire digital &#8211; Acero inoxidable"},"content":{"rendered":"<div class=\"embedded-component-container lv product-description\">\n<div>\n<div id=\"shop-product-description-37570874\" class=\"_none\" data-version=\"1.3.45\">\n<div class=\"shop-product-description\">\n<section class=\"align-heading-left\" data-reactroot=\"\">\n<div class=\"long-description-container body-copy \">\n<div class=\"html-fragment\">Experimente una cocina vers\u00e1til con la Bella Pro Series de 12.6 qt.\u00a0Horno freidora de aire digital.\u00a0Fre\u00edr al aire, deshidratar, rostizar, asar, asar, hornear, asar y recalentar sus comidas favoritas con resultados constantes en todo momento.\u00a0La capacidad extragrande se adapta a una pizza de 10\u201d, 2.2 lbs.\u00a0de papas fritas, 4 rebanadas de pan y un pollo de 4 libras.\u00a0El potente sistema de calentamiento de 1500 vatios utiliza la tecnolog\u00eda de calor circular de alto rendimiento para hacer circular el calor y obtener resultados de cocci\u00f3n r\u00e1pidos, crujientes y uniformes en todo momento.\u00a010 convenientes opciones de men\u00fa preestablecidas, rango de temperatura ajustable de 90 \u00b0F a 400 \u00b0F y temporizador de apagado autom\u00e1tico de 24 horas con tono audible.\u00a0F\u00e1cil limpieza con los accesorios extra\u00edbles aptos para lavavajillas.<\/div>\n<\/div>\n<\/section>\n<\/div>\n<\/div>\n<\/div>\n<\/div>\n<div class=\"embedded-component-container lv product-features\">\n<h3><\/h3>\n<h3 class=\"heading-5 v-fw-regular feature-heading\"><strong>Caracter\u00edsticas<\/strong><\/h3>\n<ul>\n<li><strong>Capacidad extra grande<\/strong><br \/>\nSe adapta a una pizza de 10 pulgadas, 2.2 lbs. de papas fritas, 4 rebanadas de pan y un pollo de 4 libras.<\/li>\n<li><strong>1500W de potencia<\/strong><br \/>\nLa tecnolog\u00eda de calor circular de alto rendimiento hace circular el calor para que los alimentos se cocinen de manera r\u00e1pida, crujiente y uniforme.<\/li>\n<li><strong>10 electrodom\u00e9sticos en 1<\/strong><br \/>\nFre\u00edr al aire, asar, asar, hornear, recalentar, mantener caliente, pizza, tocino, deshidratar y rostizar con poco o nada de aceite.<\/li>\n<li><strong>Pantalla t\u00e1ctil digital intuitiva<\/strong><br \/>\nSeleccione entre las 10 opciones de men\u00fa preestablecidas con solo un toque, o controle y ajuste f\u00e1cilmente la temperatura (90-400 \u00b0F) para adaptarse a una variedad de recetas.<\/li>\n<li><strong>Apagado autom\u00e1tico<\/strong><br \/>\nEl temporizador integrado de 24 horas se apaga autom\u00e1ticamente con un tono audible para mayor seguridad.<\/li>\n<li><strong>F\u00e1cil de limpiar<\/strong><br \/>\nLa bandeja para pizza, las rejillas para fre\u00edr con aire, la bandeja recogegotas, el asador y el soporte del asador son aptos para lavavajillas.<\/li>\n<li><strong>Acabado en acero inoxidable<\/strong><br \/>\nEl elegante acabado de acero inoxidable a\u00f1ade estilo a cualquier cocina.<\/li>\n<\/ul>\n<\/div>\n","protected":false},"excerpt":{"rendered":"<p>Experimente una cocina vers\u00e1til con la Bella Pro Series de 12.6 qt.\u00a0Horno freidora de aire digital.\u00a0Fre\u00edr al aire, deshidratar, rostizar, asar, asar, hornear, asar y recalentar sus comidas favoritas con<\/p>\n","protected":false},"featured_media":86600,"comment_status":"open","ping_status":"closed","template":"","meta":{"_acf_changed":false,"_joinchat":[]},"product_brand":[],"product_cat":[1522,336,337,338,950],"product_tag":[],"class_list":{"0":"post-86599","1":"product","2":"type-product","3":"status-publish","4":"has-post-thumbnail","6":"product_cat-ofertas-hogar","7":"product_cat-hogar","8":"product_cat-cocina","9":"product_cat-electrodomesticos","10":"product_cat-freidoras","12":"first","13":"instock","14":"sale","15":"shipping-taxable","16":"purchasable","17":"product-type-simple"},"acf":[],"_links":{"self":[{"href":"https:\/\/defabrica.com.mx\/defabrica\/wp-json\/wp\/v2\/product\/86599","targetHints":{"allow":["GET"]}}],"collection":[{"href":"https:\/\/defabrica.com.mx\/defabrica\/wp-json\/wp\/v2\/product"}],"about":[{"href":"https:\/\/defabrica.com.mx\/defabrica\/wp-json\/wp\/v2\/types\/product"}],"replies":[{"embeddable":true,"href":"https:\/\/defabrica.com.mx\/defabrica\/wp-json\/wp\/v2\/comments?post=86599"}],"wp:featuredmedia":[{"embeddable":true,"href":"https:\/\/defabrica.com.mx\/defabrica\/wp-json\/wp\/v2\/media\/86600"}],"wp:attachment":[{"href":"https:\/\/defabrica.com.mx\/defabrica\/wp-json\/wp\/v2\/media?parent=86599"}],"wp:term":[{"taxonomy":"product_brand","embeddable":true,"href":"https:\/\/defabrica.com.mx\/defabrica\/wp-json\/wp\/v2\/product_brand?post=86599"},{"taxonomy":"product_cat","embeddable":true,"href":"https:\/\/defabrica.com.mx\/defabrica\/wp-json\/wp\/v2\/product_cat?post=86599"},{"taxonomy":"product_tag","embeddable":true,"href":"https:\/\/defabrica.com.mx\/defabrica\/wp-json\/wp\/v2\/product_tag?post=86599"}],"curies":[{"name":"wp","href":"https:\/\/api.w.org\/{rel}","templated":true}]}}