{"id":86573,"date":"2022-07-04T20:40:15","date_gmt":"2022-07-05T01:40:15","guid":{"rendered":"https:\/\/defabrica.com.mx\/defabrica\/?post_type=product&#038;p=86573"},"modified":"2023-01-17T13:47:27","modified_gmt":"2023-01-17T19:47:27","slug":"instant-pot-vortex-plus-horno-para-freidora-de-aire-de-10-cuartos-de-galon-negro","status":"publish","type":"product","link":"https:\/\/defabrica.com.mx\/defabrica\/producto\/instant-pot-vortex-plus-horno-para-freidora-de-aire-de-10-cuartos-de-galon-negro\/","title":{"rendered":"Instant Pot Vortex Plus &#8211; Horno para freidora de aire de 10 cuartos de gal\u00f3n &#8211; Negro"},"content":{"rendered":"<div class=\"embedded-component-container lv product-description\">\n<div>\n<div id=\"shop-product-description-32853640\" class=\"_none\" data-version=\"1.3.45\">\n<div class=\"shop-product-description\">\n<section class=\"align-heading-left\" data-reactroot=\"\">\n<div class=\"long-description-container body-copy \">\n<div class=\"html-fragment\">Disfrute de un mayor control de cocci\u00f3n con este horno de freidora de aire Instant Pot Vortex Plus 7 en 1.\u00a0Los siete modos preprogramados le permiten preparar su comida favorita con solo tocar un bot\u00f3n.\u00a0Este horno de freidora de aire Instant Pot Vortex Plus 7 en 1 viene con una pantalla LCD para mayor funcionalidad y una funci\u00f3n giratoria estilo asador para garantizar que los alimentos se cocinen de manera uniforme.<\/div>\n<\/div>\n<\/section>\n<\/div>\n<\/div>\n<\/div>\n<\/div>\n<div class=\"embedded-component-container lv product-features\">\n<h3><\/h3>\n<h3 class=\"heading-5 v-fw-regular feature-heading\"><strong>Caracter\u00edsticas<\/strong><\/h3>\n<ul>\n<li><strong>Horno freidora de aire Vortex Plus de 10 cuartos<\/strong><br \/>\nTodo el sabor de la fritura, sin aceite ni suciedad. Obtenga la perfecci\u00f3n crujiente por fuera, tierna por dentro cada vez.<\/li>\n<li><strong>7 programas inteligentes incorporados<\/strong><br \/>\nLe permite fre\u00edr, hornear, asar, tostar, asar, deshidratar y rostizar.<\/li>\n<li><strong>Tecnolog\u00eda EvenCrisp\u2122 de un solo paso<\/strong><br \/>\nPermite conseguir un exterior crujiente y un interior tierno. Ya sea que fr\u00edas en la cesta giratoria o ases la carne al estilo rostizador, la delicia est\u00e1 garantizada.<\/li>\n<li><strong>Cocci\u00f3n r\u00e1pida y sencilla.<\/strong><br \/>\nCon poco o ning\u00fan tiempo de precalentamiento, puede preparar la cena en la mitad del tiempo de un horno convencional, sin calentar toda la cocina. Adem\u00e1s, puede colocar ambas bandejas de cocci\u00f3n a la vez para preparar varias comidas a la vez.<\/li>\n<li><strong>Limpia f\u00e1cilmente cuando termines de cocinar.<\/strong><br \/>\nGrasa m\u00ednima significa desorden m\u00ednimo. La superficie elegante se limpia con un pa\u00f1o. Adem\u00e1s, la bandeja de goteo, las bandejas de cocci\u00f3n, la cesta del asador, el asador y los tenedores son aptos para lavavajillas.<\/li>\n<li><strong>capacidad de 10 cuartos<\/strong><br \/>\nAcomoda muchos alimentos para una variedad de opciones de cocci\u00f3n.<\/li>\n<li><strong>Termostato regulable<\/strong><br \/>\nLe permite personalizar la temperatura para adaptarse a una variedad de recetas.<\/li>\n<li><strong>Controles de pantalla t\u00e1ctil y pantalla LED<\/strong><br \/>\nOfrezca una operaci\u00f3n f\u00e1cil.<\/li>\n<li><strong>Temporizador<\/strong><br \/>\nLe permite configurar y controlar el tiempo de cocci\u00f3n para garantizar resultados sabrosos.<\/li>\n<li><strong>Bandeja de goteo<\/strong><br \/>\nAtrapa la grasa, el aceite y la humedad al fre\u00edr los alimentos.<\/li>\n<li><strong>1500W de potencia<\/strong><br \/>\nPara un rendimiento eficiente.<\/li>\n<\/ul>\n<\/div>\n","protected":false},"excerpt":{"rendered":"<p>Disfrute de un mayor control de cocci\u00f3n con este horno de freidora de aire Instant Pot Vortex Plus 7 en 1.\u00a0Los siete modos preprogramados le permiten preparar su comida favorita<\/p>\n","protected":false},"featured_media":86574,"comment_status":"open","ping_status":"closed","template":"","meta":{"_acf_changed":false,"_joinchat":[]},"product_brand":[],"product_cat":[336,337,338,950],"product_tag":[],"class_list":{"0":"post-86573","1":"product","2":"type-product","3":"status-publish","4":"has-post-thumbnail","6":"product_cat-hogar","7":"product_cat-cocina","8":"product_cat-electrodomesticos","9":"product_cat-freidoras","11":"first","12":"instock","13":"sale","14":"shipping-taxable","15":"purchasable","16":"product-type-simple"},"acf":[],"_links":{"self":[{"href":"https:\/\/defabrica.com.mx\/defabrica\/wp-json\/wp\/v2\/product\/86573","targetHints":{"allow":["GET"]}}],"collection":[{"href":"https:\/\/defabrica.com.mx\/defabrica\/wp-json\/wp\/v2\/product"}],"about":[{"href":"https:\/\/defabrica.com.mx\/defabrica\/wp-json\/wp\/v2\/types\/product"}],"replies":[{"embeddable":true,"href":"https:\/\/defabrica.com.mx\/defabrica\/wp-json\/wp\/v2\/comments?post=86573"}],"wp:featuredmedia":[{"embeddable":true,"href":"https:\/\/defabrica.com.mx\/defabrica\/wp-json\/wp\/v2\/media\/86574"}],"wp:attachment":[{"href":"https:\/\/defabrica.com.mx\/defabrica\/wp-json\/wp\/v2\/media?parent=86573"}],"wp:term":[{"taxonomy":"product_brand","embeddable":true,"href":"https:\/\/defabrica.com.mx\/defabrica\/wp-json\/wp\/v2\/product_brand?post=86573"},{"taxonomy":"product_cat","embeddable":true,"href":"https:\/\/defabrica.com.mx\/defabrica\/wp-json\/wp\/v2\/product_cat?post=86573"},{"taxonomy":"product_tag","embeddable":true,"href":"https:\/\/defabrica.com.mx\/defabrica\/wp-json\/wp\/v2\/product_tag?post=86573"}],"curies":[{"name":"wp","href":"https:\/\/api.w.org\/{rel}","templated":true}]}}