{"id":86567,"date":"2022-07-04T20:36:43","date_gmt":"2022-07-05T01:36:43","guid":{"rendered":"https:\/\/defabrica.com.mx\/defabrica\/?post_type=product&#038;p=86567"},"modified":"2023-01-17T13:47:07","modified_gmt":"2023-01-17T19:47:07","slug":"instant-pot-horno-de-freidora-de-aire-7-en-1-vortex-pro-de-10-cuartos-de-galon-acero-inoxidable-acero-inoxidable","status":"publish","type":"product","link":"https:\/\/defabrica.com.mx\/defabrica\/producto\/instant-pot-horno-de-freidora-de-aire-7-en-1-vortex-pro-de-10-cuartos-de-galon-acero-inoxidable-acero-inoxidable\/","title":{"rendered":"Instant Pot &#8211; Horno de freidora de aire 7 en 1 Vortex Pro de 10 cuartos de gal\u00f3n &#8211; Acero inoxidable &#8211; Acero inoxidable"},"content":{"rendered":"<div class=\"embedded-component-container lv product-description\">\n<div>\n<div id=\"shop-product-description-13181509\" class=\"_none\" data-version=\"1.3.45\">\n<div class=\"shop-product-description\">\n<section class=\"align-heading-left\" data-reactroot=\"\">\n<div class=\"long-description-container body-copy \">\n<div class=\"html-fragment\">Sirva cenas sabrosas y sabrosas con el horno de freidora de aire Instant Pot Vortex Pro.\u00a0Los nueve ajustes preestablecidos de cocci\u00f3n le permiten asar, hornear, fre\u00edr al aire y recalentar alimentos, mientras que los controles de bot\u00f3n ofrecen un uso f\u00e1cil e intuitivo.\u00a0Este horno de freidora de aire Instant Pot Vortex Pro incluye una bandeja de goteo, una canasta para asar y m\u00faltiples accesorios para que pueda disfrutar de carne y verduras asadas en cualquier momento.\u00a0Opte por un electrodom\u00e9stico de cocina multifac\u00e9tico que lo haga todo, ahorr\u00e1ndole espacio, tiempo y dinero, con el horno de freidora de aire Vortex Plus.<\/div>\n<\/div>\n<\/section>\n<\/div>\n<\/div>\n<\/div>\n<\/div>\n<div class=\"embedded-component-container lv product-features\">\n<h3><\/h3>\n<h3 class=\"heading-5 v-fw-regular feature-heading\"><strong>Caracter\u00edsticas<\/strong><\/h3>\n<ul>\n<li><strong>CAPACIDAD DE 10 CUARTOS<\/strong><br \/>\nAcomoda muchos alimentos para una variedad de opciones de cocci\u00f3n.<\/li>\n<li><strong>R\u00c1PIDO Y SALUDABLE<\/strong><br \/>\nPrepare comidas r\u00e1pidas y sabrosas con un 95 % menos de aceite y grasa que fre\u00edr con el horno de freidora de aire Vortex.<\/li>\n<li><strong>COCCI\u00d3N F\u00c1CIL<\/strong><br \/>\nUse controles t\u00e1ctiles simples que son f\u00e1ciles de leer y f\u00e1ciles de usar. Solo un toque para fre\u00edr, asar, hornear y recalentar al aire sin complicaciones ni desorden.<\/li>\n<li><strong>EL CRUJIENTE PERFECTO<\/strong><br \/>\nLa freidora de aire Vortex hace circular aire supercaliente alrededor de la comida para cocinar de manera uniforme y retener la humedad, lo que le da a la comida un delicioso acabado dorado y crujiente, sin todo el aceite ni la grasa.<\/li>\n<li><strong>AHORRA ESPACIO<\/strong><br \/>\nLa freidora de aire Vortex viene con 4 programas inteligentes integrados en 1 electrodom\u00e9stico (fre\u00edr, asar, hornear y recalentar) puede decir sayonara al desorden de la cocina<\/li>\n<li><strong>AHORRAR TIEMPO<\/strong><br \/>\nPrepare la cena en la mitad del tiempo de un horno convencional sin el tiempo de precalentamiento tradicional o sin calentar toda la cocina.<\/li>\n<li><strong>COMIDAS SABROSAS<\/strong><br \/>\nObtenga el crujiente perfecto por fuera y tierno por dentro para todos sus favoritos, como alitas de pollo, papas fritas, aros de cebolla, palitos de mozzarella, pescado y vegetales crujientes y m\u00e1s.<\/li>\n<li><strong>LIMPIEZA R\u00c1PIDA Y F\u00c1CIL<\/strong><br \/>\nGrasa m\u00ednima significa desorden m\u00ednimo. La superficie elegante se limpia con un pa\u00f1o. Adem\u00e1s, la bandeja de goteo, las bandejas de cocci\u00f3n, la cesta del asador, el asador y los tenedores del asador son aptos para lavavajillas.<\/li>\n<\/ul>\n<\/div>\n","protected":false},"excerpt":{"rendered":"<p>Sirva cenas sabrosas y sabrosas con el horno de freidora de aire Instant Pot Vortex Pro.\u00a0Los nueve ajustes preestablecidos de cocci\u00f3n le permiten asar, hornear, fre\u00edr al aire y recalentar<\/p>\n","protected":false},"featured_media":86568,"comment_status":"open","ping_status":"closed","template":"","meta":{"_acf_changed":false,"_joinchat":[]},"product_brand":[],"product_cat":[336,337,338,950],"product_tag":[],"class_list":{"0":"post-86567","1":"product","2":"type-product","3":"status-publish","4":"has-post-thumbnail","6":"product_cat-hogar","7":"product_cat-cocina","8":"product_cat-electrodomesticos","9":"product_cat-freidoras","11":"first","12":"instock","13":"sale","14":"shipping-taxable","15":"purchasable","16":"product-type-simple"},"acf":[],"_links":{"self":[{"href":"https:\/\/defabrica.com.mx\/defabrica\/wp-json\/wp\/v2\/product\/86567","targetHints":{"allow":["GET"]}}],"collection":[{"href":"https:\/\/defabrica.com.mx\/defabrica\/wp-json\/wp\/v2\/product"}],"about":[{"href":"https:\/\/defabrica.com.mx\/defabrica\/wp-json\/wp\/v2\/types\/product"}],"replies":[{"embeddable":true,"href":"https:\/\/defabrica.com.mx\/defabrica\/wp-json\/wp\/v2\/comments?post=86567"}],"wp:featuredmedia":[{"embeddable":true,"href":"https:\/\/defabrica.com.mx\/defabrica\/wp-json\/wp\/v2\/media\/86568"}],"wp:attachment":[{"href":"https:\/\/defabrica.com.mx\/defabrica\/wp-json\/wp\/v2\/media?parent=86567"}],"wp:term":[{"taxonomy":"product_brand","embeddable":true,"href":"https:\/\/defabrica.com.mx\/defabrica\/wp-json\/wp\/v2\/product_brand?post=86567"},{"taxonomy":"product_cat","embeddable":true,"href":"https:\/\/defabrica.com.mx\/defabrica\/wp-json\/wp\/v2\/product_cat?post=86567"},{"taxonomy":"product_tag","embeddable":true,"href":"https:\/\/defabrica.com.mx\/defabrica\/wp-json\/wp\/v2\/product_tag?post=86567"}],"curies":[{"name":"wp","href":"https:\/\/api.w.org\/{rel}","templated":true}]}}