{"id":86562,"date":"2022-07-04T20:33:34","date_gmt":"2022-07-05T01:33:34","guid":{"rendered":"https:\/\/defabrica.com.mx\/defabrica\/?post_type=product&#038;p=86562"},"modified":"2022-07-05T11:50:39","modified_gmt":"2022-07-05T16:50:39","slug":"instantanea-mini-freidora-de-aire-vortex-de-2qt-aguamarina","status":"publish","type":"product","link":"https:\/\/defabrica.com.mx\/defabrica\/producto\/instantanea-mini-freidora-de-aire-vortex-de-2qt-aguamarina\/","title":{"rendered":"Instant\u00e1nea &#8211; Mini freidora de aire Vortex de 2Qt &#8211; Aguamarina"},"content":{"rendered":"<div class=\"embedded-component-container lv product-description\">\n<div>\n<div id=\"shop-product-description-24737282\" class=\"_none\" data-version=\"1.3.45\">\n<div class=\"shop-product-description\">\n<section class=\"align-heading-left\" data-reactroot=\"\">\n<div class=\"long-description-container body-copy \">\n<div class=\"html-fragment\"><span>La freidora de aire Instant Vortex\u2122 es perfecta para crear f\u00e1cilmente comidas r\u00e1pidas y deliciosas.\u00a0Con la tecnolog\u00eda EvenCrisp\u2122, siempre obtendr\u00e1 resultados crujientes y tiernos.\u00a0El tama\u00f1o es perfecto para hogares peque\u00f1os y lo suficientemente compacto como para guardarlo en la encimera sin ocupar espacio.\u00a0Los programas de cocina inteligente incorporados facilitan su uso, con programas personalizables para cocinar f\u00e1cilmente y Overheat Protection\u2122 para mayor seguridad.\u00a0R\u00e1pido, vers\u00e1til y conveniente, para que pueda hacer todas sus comidas fritas favoritas con menos aceite y sin ensuciar.\u00a0El Vortex ofrece la calidad, la comodidad y la versatilidad que espera de Instant: descubra lo incre\u00edble.<\/span><\/div>\n<\/div>\n<\/section>\n<\/div>\n<\/div>\n<\/div>\n<\/div>\n<div class=\"embedded-component-container lv product-features\">\n<h3><\/h3>\n<h3 class=\"heading-5 v-fw-regular feature-heading\"><strong>Caracter\u00edsticas<\/strong><\/h3>\n<ul>\n<li><strong>FUNCIONALIDAD 4 EN 1<\/strong><br \/>\nFre\u00edr al aire, asar, asar y recalentar<\/li>\n<li><strong>PROGRAMAS INTELIGENTES DE UN TOQUE<\/strong><br \/>\nProgramas de cocci\u00f3n personalizables para alitas de pollo f\u00e1ciles, verduras asadas, bollos de canela y m\u00e1s<\/li>\n<li><strong>TECNOLOG\u00cdA EVENCRISP\u2122<\/strong><br \/>\nOfrece todo el crujido y la ternura de fre\u00edr con un 95 % menos de aceite<\/li>\n<li><strong>CESTA F\u00c1CIL DE LIMPIAR<\/strong><br \/>\nLa cesta antiadherente para fre\u00edr con aire contiene suficiente comida para una familia peque\u00f1a.<\/li>\n<li><strong>PRECALENTAMIENTO<\/strong> <strong>R\u00c1PIDO<\/strong><br \/>\nPoco o ning\u00fan tiempo de precalentamiento<\/li>\n<li><strong>TEMPERATURA AJUSTABLE<\/strong><br \/>\nSeleccione f\u00e1cilmente temperaturas de 95 a 400 \u00b0 F<\/li>\n<li><strong>DISE\u00d1O COMPACTO<\/strong><br \/>\nEl tama\u00f1o apto para encimera se adapta a cualquier cocina y es ideal para guarniciones y aperitivos.<\/li>\n<li><strong>CARACTER\u00cdSTICAS DE SEGURIDAD COMPROBADAS<\/strong><br \/>\nFunciones de seguridad integradas que incluyen protecci\u00f3n contra sobrecalentamiento y apagado autom\u00e1tico<\/li>\n<li><strong>DESCUBRE RECETAS INCRE\u00cdBLES<\/strong><br \/>\nDescarga nuestra aplicaci\u00f3n Instant Pot gratuita (iOS y Android) para que puedas descubrir nuevos favoritos y preparar comidas deliciosas<\/li>\n<\/ul>\n<\/div>\n","protected":false},"excerpt":{"rendered":"<p>La freidora de aire Instant Vortex\u2122 es perfecta para crear f\u00e1cilmente comidas r\u00e1pidas y deliciosas.\u00a0Con la tecnolog\u00eda EvenCrisp\u2122, siempre obtendr\u00e1 resultados crujientes y tiernos.\u00a0El tama\u00f1o es perfecto para hogares peque\u00f1os<\/p>\n","protected":false},"featured_media":86564,"comment_status":"open","ping_status":"closed","template":"","meta":{"_acf_changed":false,"_joinchat":[]},"product_brand":[],"product_cat":[336,337,338,950],"product_tag":[],"class_list":{"0":"post-86562","1":"product","2":"type-product","3":"status-publish","4":"has-post-thumbnail","6":"product_cat-hogar","7":"product_cat-cocina","8":"product_cat-electrodomesticos","9":"product_cat-freidoras","11":"first","12":"instock","13":"sale","14":"shipping-taxable","15":"purchasable","16":"product-type-simple"},"acf":[],"_links":{"self":[{"href":"https:\/\/defabrica.com.mx\/defabrica\/wp-json\/wp\/v2\/product\/86562","targetHints":{"allow":["GET"]}}],"collection":[{"href":"https:\/\/defabrica.com.mx\/defabrica\/wp-json\/wp\/v2\/product"}],"about":[{"href":"https:\/\/defabrica.com.mx\/defabrica\/wp-json\/wp\/v2\/types\/product"}],"replies":[{"embeddable":true,"href":"https:\/\/defabrica.com.mx\/defabrica\/wp-json\/wp\/v2\/comments?post=86562"}],"wp:featuredmedia":[{"embeddable":true,"href":"https:\/\/defabrica.com.mx\/defabrica\/wp-json\/wp\/v2\/media\/86564"}],"wp:attachment":[{"href":"https:\/\/defabrica.com.mx\/defabrica\/wp-json\/wp\/v2\/media?parent=86562"}],"wp:term":[{"taxonomy":"product_brand","embeddable":true,"href":"https:\/\/defabrica.com.mx\/defabrica\/wp-json\/wp\/v2\/product_brand?post=86562"},{"taxonomy":"product_cat","embeddable":true,"href":"https:\/\/defabrica.com.mx\/defabrica\/wp-json\/wp\/v2\/product_cat?post=86562"},{"taxonomy":"product_tag","embeddable":true,"href":"https:\/\/defabrica.com.mx\/defabrica\/wp-json\/wp\/v2\/product_tag?post=86562"}],"curies":[{"name":"wp","href":"https:\/\/api.w.org\/{rel}","templated":true}]}}